{"id":2698,"date":"2022-03-20T18:23:16","date_gmt":"2022-03-20T18:23:16","guid":{"rendered":"https:\/\/autopro.io\/?page_id=2698"},"modified":"2025-02-03T16:13:56","modified_gmt":"2025-02-03T16:13:56","slug":"gestione-facilmente-sus-ventas-de-concesionario-automovil","status":"publish","type":"page","link":"https:\/\/digitalweb.solutions\/autopro\/es\/caracteristicas\/gestione-facilmente-sus-ventas-de-concesionario-automovil\/","title":{"rendered":"Gestione f\u00e1cilmente sus ventas de concesionario autom\u00f3vil"},"content":{"rendered":"<div class=\"wpb-content-wrapper\"><p>[vc_row][vc_column offset=\u00bbvc_hidden-sm vc_hidden-xs\u00bb][vc_column_text]<\/p>\n<h1 style=\"text-align: center;\">GEM-FNI hace que la gesti\u00f3n de las ventas de su concesionario sea incre\u00edblemente f\u00e1cil<\/h1>\n<p>[\/vc_column_text][\/vc_column][\/vc_row][vc_row gap=\u00bb35&#8243; equal_height=\u00bbyes\u00bb content_placement=\u00bbmiddle\u00bb][vc_column width=\u00bb1\/2&#8243; offset=\u00bbvc_hidden-sm vc_hidden-xs\u00bb][vc_column_text]\u00bfSigue escribiendo contratos a mano?<\/p>\n<p>\u00bfTiene una forma f\u00e1cil de llevar el control de sus ventas?<\/p>\n<p>\u00bfPuede rastrear f\u00e1cilmente las comisiones de venta de su equipo?<\/p>\n<p>\u00bfPuede mirar atr\u00e1s y tomar mejores decisiones gracias a los datos e informes que ha recopilado a lo largo del tiempo?<\/p>\n<p>\u00a1Estas son s\u00f3lo algunas de las formas en que nuestro software de administraci\u00f3n de concesionarios puede ayudarle a usted y a su equipo a administrar mejor las ventas de su concesionario, y a ahorrar tiempo y dinero!<\/p>\n<p>\u00a1Nuestro software ha sido dise\u00f1ado espec\u00edficamente para concesionarios independientes, peque\u00f1os y medianos como el suyo![\/vc_column_text][\/vc_column][vc_column width=\u00bb1\/2&#8243; offset=\u00bbvc_hidden-sm vc_hidden-xs\u00bb][vc_single_image image=\u00bb1054&#8243; img_size=\u00bblarge\u00bb alignment=\u00bbcenter\u00bb][\/vc_column][vc_column offset=\u00bbvc_hidden-lg vc_hidden-md\u00bb][vc_single_image image=\u00bb1057&#8243; img_size=\u00bblarge\u00bb alignment=\u00bbcenter\u00bb][vc_column_text]<\/p>\n<p style=\"text-align: center;\">\u00bfSigue escribiendo contratos a mano?<\/p>\n<p style=\"text-align: center;\">\u00bfTiene una forma f\u00e1cil de llevar el control de sus ventas?<\/p>\n<p style=\"text-align: center;\">\u00bfPuede rastrear f\u00e1cilmente las comisiones de venta de su equipo?<\/p>\n<p style=\"text-align: center;\">\u00bfPuede mirar atr\u00e1s y tomar mejores decisiones gracias a los datos e informes que ha recopilado a lo largo del tiempo?<\/p>\n<p style=\"text-align: center;\">\u00a1Estas son s\u00f3lo algunas de las formas en que nuestro software de administraci\u00f3n de concesionarios puede ayudarle a usted y a su equipo a administrar mejor las ventas de su concesionario, y a ahorrar tiempo y dinero!<\/p>\n<p style=\"text-align: center;\">\u00a1Nuestro software ha sido dise\u00f1ado espec\u00edficamente para concesionarios independientes, peque\u00f1os y medianos como el suyo!<\/p>\n<p>[\/vc_column_text][\/vc_column][\/vc_row][vc_row gap=\u00bb35&#8243; equal_height=\u00bbyes\u00bb content_placement=\u00bbmiddle\u00bb][vc_column width=\u00bb1\/2&#8243; offset=\u00bbvc_hidden-sm vc_hidden-xs\u00bb][vc_single_image image=\u00bb2715&#8243; img_size=\u00bblarge\u00bb alignment=\u00bbcenter\u00bb][\/vc_column][vc_column width=\u00bb1\/2&#8243; offset=\u00bbvc_hidden-sm vc_hidden-xs\u00bb][vc_column_text]<\/p>\n<h2>Una mejor informaci\u00f3n permite tomar mejores decisiones<\/h2>\n<p>Las ventas son el alma de un concesionario. Son las que hacen que el trabajo sea divertido, que la adrenalina suba y que las luces est\u00e9n encendidas.<\/p>\n<p>\u00bfRealizar informes, calcular gastos y redactar contratos? No tanto.<\/p>\n<p>Nuestro software le permite ingresar una venta y generar un contrato de venta en menos de un minuto. Puede imprimir el contrato para firmarlo o enviarlo por correo electr\u00f3nico al cliente con una firma electr\u00f3nica.<\/p>\n<p>El software tambi\u00e9n puede generar autom\u00e1ticamente las comisiones de venta, calcular las ganancias\/p\u00e9rdidas y mucho m\u00e1s.<\/p>\n<p>Su sitio web se actualiza al instante, y todos los datos se registran para facilitar el acceso a trav\u00e9s de sus informes en el momento futuro que elija.[\/vc_column_text][\/vc_column][vc_column offset=\u00bbvc_hidden-lg vc_hidden-md\u00bb][vc_single_image image=\u00bb2715&#8243; img_size=\u00bblarge\u00bb alignment=\u00bbcenter\u00bb][vc_column_text]<\/p>\n<h2 style=\"text-align: center;\">Una mejor informaci\u00f3n permite tomar mejores decisiones<\/h2>\n<p style=\"text-align: center;\">Las ventas son el alma de un concesionario. Son las que hacen que el trabajo sea divertido, que la adrenalina suba y que las luces est\u00e9n encendidas.<\/p>\n<p style=\"text-align: center;\">\u00bfRealizar informes, calcular gastos y redactar contratos? No tanto.<\/p>\n<p style=\"text-align: center;\">Nuestro software le permite ingresar una venta y generar un contrato de venta en menos de un minuto. Puede imprimir el contrato para firmarlo o enviarlo por correo electr\u00f3nico al cliente con una firma electr\u00f3nica.<\/p>\n<p style=\"text-align: center;\">El software tambi\u00e9n puede generar autom\u00e1ticamente las comisiones de venta, calcular las ganancias\/p\u00e9rdidas y mucho m\u00e1s.<\/p>\n<p style=\"text-align: center;\">Su sitio web se actualiza al instante, y todos los datos se registran para facilitar el acceso a trav\u00e9s de sus informes en el momento futuro que elija.<\/p>\n<p>[\/vc_column_text][\/vc_column][\/vc_row][vc_row gap=\u00bb35&#8243; equal_height=\u00bbyes\u00bb content_placement=\u00bbmiddle\u00bb][vc_column width=\u00bb1\/2&#8243; offset=\u00bbvc_hidden-sm vc_hidden-xs\u00bb][vc_column_text]<\/p>\n<h2>\u00a1Nuestro software le ahorrar\u00e1 a usted y a su equipo tiempo y dinero!<\/h2>\n<p>Ingresar una venta y generar autom\u00e1ticamente un contrato puede hacerse en menos de un minuto, lo que le brinda m\u00e1s tiempo cara a cara con el cliente y menos tiempo completando formularios o mirando la pantalla de su computador.<\/p>\n<p>Adem\u00e1s, el software calcula instant\u00e1neamente las ganancias,le permite realizar un seguimiento de los pagos, genera autom\u00e1ticamente comisiones de venta y mucho m\u00e1s.<\/p>\n<p>Si nuestro software ahorra a una persona una media de s\u00f3lo 15 minutos al d\u00eda, \u00a1se paga por s\u00ed mismo![\/vc_column_text][\/vc_column][vc_column width=\u00bb1\/2&#8243; offset=\u00bbvc_hidden-sm vc_hidden-xs\u00bb][vc_single_image image=\u00bb1068&#8243; img_size=\u00bblarge\u00bb alignment=\u00bbcenter\u00bb][\/vc_column][vc_column offset=\u00bbvc_hidden-lg vc_hidden-md\u00bb][vc_single_image image=\u00bb1068&#8243; img_size=\u00bblarge\u00bb alignment=\u00bbcenter\u00bb][vc_column_text]<\/p>\n<h2 style=\"text-align: center;\">\u00a1Nuestro software le ahorrar\u00e1 a usted y a su equipo tiempo y dinero!<\/h2>\n<p style=\"text-align: center;\">Ingresar una venta y generar autom\u00e1ticamente un contrato puede hacerse en menos de un minuto, lo que le brinda m\u00e1s tiempo cara a cara con el cliente y menos tiempo completando formularios o mirando la pantalla de su computador.<\/p>\n<p style=\"text-align: center;\">Adem\u00e1s, el software calcula instant\u00e1neamente las ganancias,le permite realizar un seguimiento de los pagos, genera autom\u00e1ticamente comisiones de venta y mucho m\u00e1s.<\/p>\n<p style=\"text-align: center;\">Si nuestro software ahorra a una persona una media de s\u00f3lo 15 minutos al d\u00eda, \u00a1se paga por s\u00ed mismo!<\/p>\n<p>[\/vc_column_text][\/vc_column][\/vc_row][vc_row][vc_column][vc_column_text]<\/p>\n<h2 style=\"text-align: center;\">Vea <span style=\"color: #ff0000;\">capturas de pantalla reales<\/span> de nuestro software de gesti\u00f3n de concesionarios<br \/>\nHaga clic en las im\u00e1genes para ampliarlas.<\/h2>\n<p>[\/vc_column_text][vc_media_grid element_width=\u00bb2&#8243; gap=\u00bb15&#8243; grid_id=\u00bbvc_gid:1738598889121-05393c36bcb220a3e1c75ba0f8b58b3d-3&#8243; include=\u00bb2152,2149,2156,2159,2703&#8243;][\/vc_column][\/vc_row][vc_row css=\u00bb.vc_custom_1611559536074{margin-top: 50px !important;}\u00bb][vc_column][vc_column_text]<\/p>\n<h3 style=\"text-align: center;\">\u00bfConoce alguna soluci\u00f3n de software para concesionarios que ofrezca <span style=\"color: #f44336;\">m\u00e1s valor a un mejor precio<\/span>?<\/h3>\n<h2 style=\"text-align: center;\">Si no es as\u00ed, obtenga todas estas incre\u00edbles caracter\u00edsticas y mucho m\u00e1s por un bajo precio mensual.<\/h2>\n<h3 style=\"text-align: center;\">Estamos tan seguros de que tambi\u00e9n le encantar\u00e1 AutoPro, que puede cancelarlo en cualquier momento.<\/h3>\n<h2 style=\"text-align: center;\">\u00bfQu\u00e9 tiene que perder?<\/h2>\n<p>[\/vc_column_text][vc_row_inner equal_height=\u00bbyes\u00bb content_placement=\u00bbmiddle\u00bb][vc_column_inner width=\u00bb1\/3&#8243;]<style type=\"text\/css\" data-type=\"the7_shortcodes-inline-css\">#default-btn-f5c1048c9f2b1c7d7c4351b0519b05b3.ico-right-side > i {\n  margin-right: 0px;\n  margin-left: 8px;\n}\n#default-btn-f5c1048c9f2b1c7d7c4351b0519b05b3 > i {\n  margin-right: 8px;\n}<\/style><div class=\"btn-align-center\"><a href=\"https:\/\/autopro.io\/es\/registrate-ahora\/\" class=\"default-btn-shortcode dt-btn dt-btn-l zoomInLeft animate-element animation-builder link-hover-off \" id=\"default-btn-f5c1048c9f2b1c7d7c4351b0519b05b3\" title=\"Reg\u00edstrate ahora\"><span>Reg\u00edstrate ahora<\/span><\/a><\/div>[\/vc_column_inner][vc_column_inner width=\u00bb1\/3&#8243;][vc_single_image image=\u00bb1230&#8243; img_size=\u00bb330&#215;222&#8243; alignment=\u00bbcenter\u00bb image_hovers=\u00bbfalse\u00bb][\/vc_column_inner][vc_column_inner width=\u00bb1\/3&#8243;]<style type=\"text\/css\" data-type=\"the7_shortcodes-inline-css\">#default-btn-5f29d96003ae086ef7cb5277367037b1.ico-right-side > i {\n  margin-right: 0px;\n  margin-left: 8px;\n}\n#default-btn-5f29d96003ae086ef7cb5277367037b1 > i {\n  margin-right: 8px;\n}<\/style><div class=\"btn-align-center\"><a href=\"https:\/\/autopro.io\/es\/prueba-gratis\/\" class=\"default-btn-shortcode dt-btn dt-btn-l zoomInRight animate-element animation-builder link-hover-off \" id=\"default-btn-5f29d96003ae086ef7cb5277367037b1\" title=\"Demostraci\u00f3n GRATIS\"><span>Demostraci\u00f3n GRATIS<\/span><\/a><\/div>[\/vc_column_inner][\/vc_row_inner][\/vc_column][\/vc_row]<\/p>\n<\/div>","protected":false},"excerpt":{"rendered":"<p>[vc_row][vc_column offset=\u00bbvc_hidden-sm vc_hidden-xs\u00bb][vc_column_text] GEM-FNI hace que la gesti\u00f3n de las ventas de su concesionario sea incre\u00edblemente f\u00e1cil [\/vc_column_text][\/vc_column][\/vc_row][vc_row gap=\u00bb35&#8243; equal_height=\u00bbyes\u00bb content_placement=\u00bbmiddle\u00bb][vc_column width=\u00bb1\/2&#8243; offset=\u00bbvc_hidden-sm vc_hidden-xs\u00bb][vc_column_text]\u00bfSigue escribiendo contratos a mano? \u00bfTiene una forma f\u00e1cil de llevar el control de sus ventas? \u00bfPuede rastrear f\u00e1cilmente las comisiones de venta de su equipo? \u00bfPuede mirar atr\u00e1s y tomar mejores&hellip;<\/p>\n","protected":false},"author":1,"featured_media":0,"parent":1545,"menu_order":0,"comment_status":"closed","ping_status":"closed","template":"","meta":{"_monsterinsights_skip_tracking":false,"_monsterinsights_sitenote_active":false,"_monsterinsights_sitenote_note":"","_monsterinsights_sitenote_category":0,"footnotes":""},"class_list":["post-2698","page","type-page","status-publish","hentry","description-off"],"yoast_head":"<!-- This site is optimized with the Yoast SEO plugin v27.4 - https:\/\/yoast.com\/product\/yoast-seo-wordpress\/ -->\n<title>Gestione f\u00e1cilmente sus ventas de concesionario autom\u00f3vil - GEM-FNI | All in-one DMS and CMS for car dealers!<\/title>\n<meta name=\"robots\" content=\"index, follow, max-snippet:-1, max-image-preview:large, max-video-preview:-1\" \/>\n<link rel=\"canonical\" href=\"https:\/\/digitalweb.solutions\/autopro\/es\/caracteristicas\/gestione-facilmente-sus-ventas-de-concesionario-automovil\/\" \/>\n<meta property=\"og:locale\" content=\"es_ES\" \/>\n<meta property=\"og:type\" content=\"article\" \/>\n<meta property=\"og:title\" content=\"Gestione f\u00e1cilmente sus ventas de concesionario autom\u00f3vil - GEM-FNI | All in-one DMS and CMS for car dealers!\" \/>\n<meta property=\"og:description\" content=\"[vc_row][vc_column offset=\u00bbvc_hidden-sm vc_hidden-xs\u00bb][vc_column_text] GEM-FNI hace que la gesti\u00f3n de las ventas de su concesionario sea incre\u00edblemente f\u00e1cil [\/vc_column_text][\/vc_column][\/vc_row][vc_row gap=\u00bb35&#8243; equal_height=\u00bbyes\u00bb content_placement=\u00bbmiddle\u00bb][vc_column width=\u00bb1\/2&#8243; offset=\u00bbvc_hidden-sm vc_hidden-xs\u00bb][vc_column_text]\u00bfSigue escribiendo contratos a mano? \u00bfTiene una forma f\u00e1cil de llevar el control de sus ventas? \u00bfPuede rastrear f\u00e1cilmente las comisiones de venta de su equipo? \u00bfPuede mirar atr\u00e1s y tomar mejores&hellip;\" \/>\n<meta property=\"og:url\" content=\"https:\/\/digitalweb.solutions\/autopro\/es\/caracteristicas\/gestione-facilmente-sus-ventas-de-concesionario-automovil\/\" \/>\n<meta property=\"og:site_name\" content=\"GEM-FNI | All in-one DMS and CMS for car dealers!\" \/>\n<meta property=\"article:publisher\" content=\"https:\/\/www.facebook.com\/autoproio\/\" \/>\n<meta property=\"article:modified_time\" content=\"2025-02-03T16:13:56+00:00\" \/>\n<meta property=\"og:image\" content=\"https:\/\/digitalweb.solutions\/autopro\/wp-content\/uploads\/sites\/23\/2019\/12\/autopro-responsive-website-for-car-dealers-canada.png\" \/>\n\t<meta property=\"og:image:width\" content=\"1024\" \/>\n\t<meta property=\"og:image:height\" content=\"650\" \/>\n\t<meta property=\"og:image:type\" content=\"image\/png\" \/>\n<meta name=\"twitter:card\" content=\"summary_large_image\" \/>\n<meta name=\"twitter:label1\" content=\"Tiempo de lectura\" \/>\n\t<meta name=\"twitter:data1\" content=\"4 minutos\" \/>\n<script type=\"application\/ld+json\" class=\"yoast-schema-graph\">{\"@context\":\"https:\\\/\\\/schema.org\",\"@graph\":[{\"@type\":\"WebPage\",\"@id\":\"https:\\\/\\\/digitalweb.solutions\\\/autopro\\\/es\\\/caracteristicas\\\/gestione-facilmente-sus-ventas-de-concesionario-automovil\\\/\",\"url\":\"https:\\\/\\\/digitalweb.solutions\\\/autopro\\\/es\\\/caracteristicas\\\/gestione-facilmente-sus-ventas-de-concesionario-automovil\\\/\",\"name\":\"Gestione f\u00e1cilmente sus ventas de concesionario autom\u00f3vil - GEM-FNI | All in-one DMS and CMS for car dealers!\",\"isPartOf\":{\"@id\":\"https:\\\/\\\/digitalweb.solutions\\\/autopro\\\/#website\"},\"datePublished\":\"2022-03-20T18:23:16+00:00\",\"dateModified\":\"2025-02-03T16:13:56+00:00\",\"breadcrumb\":{\"@id\":\"https:\\\/\\\/digitalweb.solutions\\\/autopro\\\/es\\\/caracteristicas\\\/gestione-facilmente-sus-ventas-de-concesionario-automovil\\\/#breadcrumb\"},\"inLanguage\":\"es\",\"potentialAction\":[{\"@type\":\"ReadAction\",\"target\":[\"https:\\\/\\\/digitalweb.solutions\\\/autopro\\\/es\\\/caracteristicas\\\/gestione-facilmente-sus-ventas-de-concesionario-automovil\\\/\"]}]},{\"@type\":\"BreadcrumbList\",\"@id\":\"https:\\\/\\\/digitalweb.solutions\\\/autopro\\\/es\\\/caracteristicas\\\/gestione-facilmente-sus-ventas-de-concesionario-automovil\\\/#breadcrumb\",\"itemListElement\":[{\"@type\":\"ListItem\",\"position\":1,\"name\":\"Home\",\"item\":\"https:\\\/\\\/digitalweb.solutions\\\/autopro\\\/es\\\/\"},{\"@type\":\"ListItem\",\"position\":2,\"name\":\"Caracteristicas\",\"item\":\"https:\\\/\\\/digitalweb.solutions\\\/autopro\\\/es\\\/caracteristicas\\\/\"},{\"@type\":\"ListItem\",\"position\":3,\"name\":\"Gestione f\u00e1cilmente sus ventas de concesionario autom\u00f3vil\"}]},{\"@type\":\"WebSite\",\"@id\":\"https:\\\/\\\/digitalweb.solutions\\\/autopro\\\/#website\",\"url\":\"https:\\\/\\\/digitalweb.solutions\\\/autopro\\\/\",\"name\":\"GEM-FNI | All in-one DMS and CMS for car dealers!\",\"description\":\"Industry leading car dealership management software\",\"publisher\":{\"@id\":\"https:\\\/\\\/digitalweb.solutions\\\/autopro\\\/#organization\"},\"potentialAction\":[{\"@type\":\"SearchAction\",\"target\":{\"@type\":\"EntryPoint\",\"urlTemplate\":\"https:\\\/\\\/digitalweb.solutions\\\/autopro\\\/?s={search_term_string}\"},\"query-input\":{\"@type\":\"PropertyValueSpecification\",\"valueRequired\":true,\"valueName\":\"search_term_string\"}}],\"inLanguage\":\"es\"},{\"@type\":\"Organization\",\"@id\":\"https:\\\/\\\/digitalweb.solutions\\\/autopro\\\/#organization\",\"name\":\"AutoPro.io\",\"url\":\"https:\\\/\\\/digitalweb.solutions\\\/autopro\\\/\",\"logo\":{\"@type\":\"ImageObject\",\"inLanguage\":\"es\",\"@id\":\"https:\\\/\\\/digitalweb.solutions\\\/autopro\\\/#\\\/schema\\\/logo\\\/image\\\/\",\"url\":\"https:\\\/\\\/autopro.io\\\/wp-content\\\/uploads\\\/sites\\\/23\\\/2020\\\/01\\\/autopro-logo-large-transparent-black.png\",\"contentUrl\":\"https:\\\/\\\/autopro.io\\\/wp-content\\\/uploads\\\/sites\\\/23\\\/2020\\\/01\\\/autopro-logo-large-transparent-black.png\",\"width\":700,\"height\":108,\"caption\":\"AutoPro.io\"},\"image\":{\"@id\":\"https:\\\/\\\/digitalweb.solutions\\\/autopro\\\/#\\\/schema\\\/logo\\\/image\\\/\"},\"sameAs\":[\"https:\\\/\\\/www.facebook.com\\\/autoproio\\\/\",\"https:\\\/\\\/www.youtube.com\\\/channel\\\/UCZsYeenB6WUKKFFM3BhC70A\"]}]}<\/script>\n<!-- \/ Yoast SEO plugin. -->","yoast_head_json":{"title":"Gestione f\u00e1cilmente sus ventas de concesionario autom\u00f3vil - GEM-FNI | All in-one DMS and CMS for car dealers!","robots":{"index":"index","follow":"follow","max-snippet":"max-snippet:-1","max-image-preview":"max-image-preview:large","max-video-preview":"max-video-preview:-1"},"canonical":"https:\/\/digitalweb.solutions\/autopro\/es\/caracteristicas\/gestione-facilmente-sus-ventas-de-concesionario-automovil\/","og_locale":"es_ES","og_type":"article","og_title":"Gestione f\u00e1cilmente sus ventas de concesionario autom\u00f3vil - GEM-FNI | All in-one DMS and CMS for car dealers!","og_description":"[vc_row][vc_column offset=\u00bbvc_hidden-sm vc_hidden-xs\u00bb][vc_column_text] GEM-FNI hace que la gesti\u00f3n de las ventas de su concesionario sea incre\u00edblemente f\u00e1cil [\/vc_column_text][\/vc_column][\/vc_row][vc_row gap=\u00bb35&#8243; equal_height=\u00bbyes\u00bb content_placement=\u00bbmiddle\u00bb][vc_column width=\u00bb1\/2&#8243; offset=\u00bbvc_hidden-sm vc_hidden-xs\u00bb][vc_column_text]\u00bfSigue escribiendo contratos a mano? \u00bfTiene una forma f\u00e1cil de llevar el control de sus ventas? \u00bfPuede rastrear f\u00e1cilmente las comisiones de venta de su equipo? \u00bfPuede mirar atr\u00e1s y tomar mejores&hellip;","og_url":"https:\/\/digitalweb.solutions\/autopro\/es\/caracteristicas\/gestione-facilmente-sus-ventas-de-concesionario-automovil\/","og_site_name":"GEM-FNI | All in-one DMS and CMS for car dealers!","article_publisher":"https:\/\/www.facebook.com\/autoproio\/","article_modified_time":"2025-02-03T16:13:56+00:00","og_image":[{"width":1024,"height":650,"url":"https:\/\/digitalweb.solutions\/autopro\/wp-content\/uploads\/sites\/23\/2019\/12\/autopro-responsive-website-for-car-dealers-canada.png","type":"image\/png"}],"twitter_card":"summary_large_image","twitter_misc":{"Tiempo de lectura":"4 minutos"},"schema":{"@context":"https:\/\/schema.org","@graph":[{"@type":"WebPage","@id":"https:\/\/digitalweb.solutions\/autopro\/es\/caracteristicas\/gestione-facilmente-sus-ventas-de-concesionario-automovil\/","url":"https:\/\/digitalweb.solutions\/autopro\/es\/caracteristicas\/gestione-facilmente-sus-ventas-de-concesionario-automovil\/","name":"Gestione f\u00e1cilmente sus ventas de concesionario autom\u00f3vil - GEM-FNI | All in-one DMS and CMS for car dealers!","isPartOf":{"@id":"https:\/\/digitalweb.solutions\/autopro\/#website"},"datePublished":"2022-03-20T18:23:16+00:00","dateModified":"2025-02-03T16:13:56+00:00","breadcrumb":{"@id":"https:\/\/digitalweb.solutions\/autopro\/es\/caracteristicas\/gestione-facilmente-sus-ventas-de-concesionario-automovil\/#breadcrumb"},"inLanguage":"es","potentialAction":[{"@type":"ReadAction","target":["https:\/\/digitalweb.solutions\/autopro\/es\/caracteristicas\/gestione-facilmente-sus-ventas-de-concesionario-automovil\/"]}]},{"@type":"BreadcrumbList","@id":"https:\/\/digitalweb.solutions\/autopro\/es\/caracteristicas\/gestione-facilmente-sus-ventas-de-concesionario-automovil\/#breadcrumb","itemListElement":[{"@type":"ListItem","position":1,"name":"Home","item":"https:\/\/digitalweb.solutions\/autopro\/es\/"},{"@type":"ListItem","position":2,"name":"Caracteristicas","item":"https:\/\/digitalweb.solutions\/autopro\/es\/caracteristicas\/"},{"@type":"ListItem","position":3,"name":"Gestione f\u00e1cilmente sus ventas de concesionario autom\u00f3vil"}]},{"@type":"WebSite","@id":"https:\/\/digitalweb.solutions\/autopro\/#website","url":"https:\/\/digitalweb.solutions\/autopro\/","name":"GEM-FNI | All in-one DMS and CMS for car dealers!","description":"Industry leading car dealership management software","publisher":{"@id":"https:\/\/digitalweb.solutions\/autopro\/#organization"},"potentialAction":[{"@type":"SearchAction","target":{"@type":"EntryPoint","urlTemplate":"https:\/\/digitalweb.solutions\/autopro\/?s={search_term_string}"},"query-input":{"@type":"PropertyValueSpecification","valueRequired":true,"valueName":"search_term_string"}}],"inLanguage":"es"},{"@type":"Organization","@id":"https:\/\/digitalweb.solutions\/autopro\/#organization","name":"AutoPro.io","url":"https:\/\/digitalweb.solutions\/autopro\/","logo":{"@type":"ImageObject","inLanguage":"es","@id":"https:\/\/digitalweb.solutions\/autopro\/#\/schema\/logo\/image\/","url":"https:\/\/autopro.io\/wp-content\/uploads\/sites\/23\/2020\/01\/autopro-logo-large-transparent-black.png","contentUrl":"https:\/\/autopro.io\/wp-content\/uploads\/sites\/23\/2020\/01\/autopro-logo-large-transparent-black.png","width":700,"height":108,"caption":"AutoPro.io"},"image":{"@id":"https:\/\/digitalweb.solutions\/autopro\/#\/schema\/logo\/image\/"},"sameAs":["https:\/\/www.facebook.com\/autoproio\/","https:\/\/www.youtube.com\/channel\/UCZsYeenB6WUKKFFM3BhC70A"]}]}},"_links":{"self":[{"href":"https:\/\/digitalweb.solutions\/autopro\/es\/wp-json\/wp\/v2\/pages\/2698","targetHints":{"allow":["GET"]}}],"collection":[{"href":"https:\/\/digitalweb.solutions\/autopro\/es\/wp-json\/wp\/v2\/pages"}],"about":[{"href":"https:\/\/digitalweb.solutions\/autopro\/es\/wp-json\/wp\/v2\/types\/page"}],"author":[{"embeddable":true,"href":"https:\/\/digitalweb.solutions\/autopro\/es\/wp-json\/wp\/v2\/users\/1"}],"replies":[{"embeddable":true,"href":"https:\/\/digitalweb.solutions\/autopro\/es\/wp-json\/wp\/v2\/comments?post=2698"}],"version-history":[{"count":10,"href":"https:\/\/digitalweb.solutions\/autopro\/es\/wp-json\/wp\/v2\/pages\/2698\/revisions"}],"predecessor-version":[{"id":4379,"href":"https:\/\/digitalweb.solutions\/autopro\/es\/wp-json\/wp\/v2\/pages\/2698\/revisions\/4379"}],"up":[{"embeddable":true,"href":"https:\/\/digitalweb.solutions\/autopro\/es\/wp-json\/wp\/v2\/pages\/1545"}],"wp:attachment":[{"href":"https:\/\/digitalweb.solutions\/autopro\/es\/wp-json\/wp\/v2\/media?parent=2698"}],"curies":[{"name":"wp","href":"https:\/\/api.w.org\/{rel}","templated":true}]}}