{"id":2736,"date":"2022-03-21T05:41:31","date_gmt":"2022-03-21T05:41:31","guid":{"rendered":"https:\/\/autopro.io\/?page_id=2736"},"modified":"2025-02-03T16:07:54","modified_gmt":"2025-02-03T16:07:54","slug":"software-de-gestion-de-inventario-de-concesionarios","status":"publish","type":"page","link":"https:\/\/digitalweb.solutions\/autopro\/es\/caracteristicas\/software-de-gestion-de-inventario-de-concesionarios\/","title":{"rendered":"Administre f\u00e1cilmente el inventario de su concesionario de autom\u00f3viles"},"content":{"rendered":"<div class=\"wpb-content-wrapper\"><p>[vc_row][vc_column width=\u00bb1\/12&#8243;][\/vc_column][vc_column width=\u00bb10\/12&#8243;][vc_column_text]<\/p>\n<h1 style=\"text-align: center;\">Rastree f\u00e1cilmente el inventario de su concesionario de autom\u00f3viles desde la compra hasta la venta<\/h1>\n<p>[\/vc_column_text][\/vc_column][vc_column width=\u00bb1\/12&#8243;][\/vc_column][\/vc_row][vc_row gap=\u00bb35&#8243; equal_height=\u00bbyes\u00bb content_placement=\u00bbmiddle\u00bb][vc_column width=\u00bb1\/2&#8243; offset=\u00bbvc_hidden-sm vc_hidden-xs\u00bb][vc_column_text]GEM-FNI le permite rastrear f\u00e1cilmente su inventario desde la compra hasta la venta.<\/p>\n<p>Utilizando el decodificador de VIN incorporado, puede ingresar un veh\u00edculo nuevo en menos de 30 segundos.<\/p>\n<p>Adem\u00e1s de los atributos est\u00e1ndar que esperar\u00eda, como la marca, modelo y el a\u00f1o, tambi\u00e9n puede rastrear detalles como cu\u00e1nto pag\u00f3 por el autom\u00f3vil , de d\u00f3nde lo compr\u00f3, el costo de transporte a su concesionario, y mucho m\u00e1s.[\/vc_column_text]<style type=\"text\/css\" data-type=\"the7_shortcodes-inline-css\">#default-btn-7ceb388285dc3df8dae736888744ab2f.ico-right-side > i {\n  margin-right: 0px;\n  margin-left: 8px;\n}\n#default-btn-7ceb388285dc3df8dae736888744ab2f > i {\n  margin-right: 8px;\n}<\/style><a href=\"https:\/\/autopro.io\/es\/prueba-gratis\/\" class=\"default-btn-shortcode dt-btn dt-btn-l link-hover-off btn-inline-left \" id=\"default-btn-7ceb388285dc3df8dae736888744ab2f\" title=\"FREE Demo\"><span>Prueba GRATIS<\/span><\/a>[\/vc_column][vc_column width=\u00bb1\/2&#8243; offset=\u00bbvc_hidden-sm vc_hidden-xs\u00bb][vc_single_image image=\u00bb1061&#8243; img_size=\u00bblarge\u00bb alignment=\u00bbcenter\u00bb][\/vc_column][vc_column offset=\u00bbvc_hidden-lg vc_hidden-md\u00bb][vc_column_text]<\/p>\n<p style=\"text-align: center;\">AutoPro.io le permite rastrear f\u00e1cilmente su inventario desde la compra hasta la venta.<\/p>\n<p style=\"text-align: center;\">Utilizando el decodificador de VIN incorporado, puede ingresar un veh\u00edculo nuevo en menos de 30 segundos.<\/p>\n<p style=\"text-align: center;\">Adem\u00e1s de los atributos est\u00e1ndar que esperar\u00eda, como la marca, modelo y el a\u00f1o, tambi\u00e9n puede rastrear detalles como cu\u00e1nto pag\u00f3 por el autom\u00f3vil , de d\u00f3nde lo compr\u00f3, el costo de transporte a su concesionario, y mucho m\u00e1s.<\/p>\n<p>[\/vc_column_text]<style type=\"text\/css\" data-type=\"the7_shortcodes-inline-css\">#default-btn-8bf4f6daa0f8797d10b41b7bfeb74917.ico-right-side > i {\n  margin-right: 0px;\n  margin-left: 8px;\n}\n#default-btn-8bf4f6daa0f8797d10b41b7bfeb74917 > i {\n  margin-right: 8px;\n}<\/style><div class=\"btn-align-center\"><a href=\"https:\/\/autopro.io\/es\/prueba-gratis\/\" class=\"default-btn-shortcode dt-btn dt-btn-l link-hover-off \" id=\"default-btn-8bf4f6daa0f8797d10b41b7bfeb74917\" title=\"Prueba  GRATIS\"><span>Prueba GRATIS<\/span><\/a><\/div>[vc_single_image image=\u00bb1061&#8243; img_size=\u00bblarge\u00bb alignment=\u00bbcenter\u00bb][\/vc_column][\/vc_row][vc_row gap=\u00bb35&#8243; equal_height=\u00bbyes\u00bb content_placement=\u00bbmiddle\u00bb][vc_column width=\u00bb1\/2&#8243; offset=\u00bbvc_hidden-sm vc_hidden-xs\u00bb][vc_single_image image=\u00bb1057&#8243; img_size=\u00bblarge\u00bb alignment=\u00bbcenter\u00bb][\/vc_column][vc_column width=\u00bb1\/2&#8243; offset=\u00bbvc_hidden-sm vc_hidden-xs\u00bb][vc_column_text]\u00bfNo es molesto tener su inventario en un lugar, sus ventas en otro y posiblemente los datos de sus clientes en un tercer lugar?<\/p>\n<p>Y ahora, para colmo, tienes que publicarlo en tu sitio web, que usa otro sistema distinto.<\/p>\n<p>Con GEM-FNI, el software de administraci\u00f3n de concesionarios se sincroniza instant\u00e1neamente con el sitio web de su concesionario.<\/p>\n<p>Lo mejor de todo es que no hay pasos adicionales.<\/p>\n<p>Con un solo clic, su inventario se publica o se elimina de su sitio web.<\/p>\n<p>As\u00ed de sencillo.[\/vc_column_text]<style type=\"text\/css\" data-type=\"the7_shortcodes-inline-css\">#default-btn-5af411bf79db63d47664ab520832fb9a.ico-right-side > i {\n  margin-right: 0px;\n  margin-left: 8px;\n}\n#default-btn-5af411bf79db63d47664ab520832fb9a > i {\n  margin-right: 8px;\n}<\/style><a href=\"https:\/\/autopro.io\/es\/registrate-ahora\/\" class=\"default-btn-shortcode dt-btn dt-btn-l link-hover-off btn-inline-left \" id=\"default-btn-5af411bf79db63d47664ab520832fb9a\" title=\"Reg\u00edstrate ahora\"><span>Reg\u00edstrate ahora<\/span><\/a>[\/vc_column][vc_column offset=\u00bbvc_hidden-lg vc_hidden-md\u00bb][vc_column_text]<\/p>\n<p style=\"text-align: center;\">\u00bfNo es molesto tener su inventario en un lugar, sus ventas en otro y posiblemente los datos de sus clientes en un tercer lugar?<\/p>\n<p style=\"text-align: center;\">Y ahora, para colmo, tienes que publicarlo en tu sitio web, que usa otro sistema distinto.<\/p>\n<p style=\"text-align: center;\">Con AutoPro.io, el software de administraci\u00f3n de concesionarios se sincroniza instant\u00e1neamente con el sitio web de su concesionario.<\/p>\n<p style=\"text-align: center;\">Lo mejor de todo es que no hay pasos adicionales.<\/p>\n<p style=\"text-align: center;\">Con un solo clic, su inventario se publica o se elimina de su sitio web.<\/p>\n<p style=\"text-align: center;\">As\u00ed de sencillo.<\/p>\n<p>[\/vc_column_text]<style type=\"text\/css\" data-type=\"the7_shortcodes-inline-css\">#default-btn-e130cce1a595258579816e40389f300d.ico-right-side > i {\n  margin-right: 0px;\n  margin-left: 8px;\n}\n#default-btn-e130cce1a595258579816e40389f300d > i {\n  margin-right: 8px;\n}<\/style><div class=\"btn-align-center\"><a href=\"https:\/\/autopro.io\/es\/registrate-ahora\/\" class=\"default-btn-shortcode dt-btn dt-btn-s link-hover-off \" id=\"default-btn-e130cce1a595258579816e40389f300d\" title=\"Reg\u00edstrate ahora\"><span>Reg\u00edstrate ahora<\/span><\/a><\/div>[vc_single_image image=\u00bb1057&#8243; img_size=\u00bblarge\u00bb alignment=\u00bbcenter\u00bb][\/vc_column][\/vc_row][vc_row gap=\u00bb35&#8243; equal_height=\u00bbyes\u00bb content_placement=\u00bbmiddle\u00bb][vc_column width=\u00bb1\/2&#8243; offset=\u00bbvc_hidden-sm vc_hidden-xs\u00bb][vc_column_text]Cuando dise\u00f1amos GEM-FNI, la facilidad de uso eran lo m\u00e1s importante.<\/p>\n<p>Adem\u00e1s de las herramientas que proporcionamos, hacer las cosas f\u00e1ciles es una de las formas de ahorrar tiempo y dinero a los concesionarios.<\/p>\n<p>GEM-FNI le ahorra tiempo al minimizar el tiempo requerido para realizar tareas aburridas y mundanas que no generan ventas, como la introducci\u00f3n de su inventario, la actualizaci\u00f3n de su sitio web, la creaci\u00f3n de informes b\u00e1sicos y mucho m\u00e1s.[\/vc_column_text]<style type=\"text\/css\" data-type=\"the7_shortcodes-inline-css\">#default-btn-004c33cd3d8f94f2e14090fe4f76b362.ico-right-side > i {\n  margin-right: 0px;\n  margin-left: 8px;\n}\n#default-btn-004c33cd3d8f94f2e14090fe4f76b362 > i {\n  margin-right: 8px;\n}<\/style><a href=\"https:\/\/autopro.io\/es\/contactenos\/\" class=\"default-btn-shortcode dt-btn dt-btn-l link-hover-off btn-inline-left \" id=\"default-btn-004c33cd3d8f94f2e14090fe4f76b362\" title=\"P\u00f3ngase en contacto\"><span>P\u00f3ngase en contacto<\/span><\/a>[\/vc_column][vc_column width=\u00bb1\/2&#8243; offset=\u00bbvc_hidden-sm vc_hidden-xs\u00bb][vc_single_image image=\u00bb1068&#8243; img_size=\u00bblarge\u00bb alignment=\u00bbcenter\u00bb][\/vc_column][vc_column offset=\u00bbvc_hidden-lg vc_hidden-md\u00bb][vc_column_text]<\/p>\n<p style=\"text-align: center;\">Cuando dise\u00f1amos AutoPro, la facilidad de uso eran lo m\u00e1s importante.<\/p>\n<p style=\"text-align: center;\">Adem\u00e1s de las herramientas que proporcionamos, hacer las cosas f\u00e1ciles es una de las formas de ahorrar tiempo y dinero a los concesionarios.<\/p>\n<p style=\"text-align: center;\">AutoPro le ahorra tiempo al minimizar el tiempo requerido para realizar tareas aburridas y mundanas que no generan ventas, como la introducci\u00f3n de su inventario, la actualizaci\u00f3n de su sitio web, la creaci\u00f3n de informes b\u00e1sicos y mucho m\u00e1s.<\/p>\n<p>[\/vc_column_text]<style type=\"text\/css\" data-type=\"the7_shortcodes-inline-css\">#default-btn-e7be4228294002502e255e443ed8bf9c.ico-right-side > i {\n  margin-right: 0px;\n  margin-left: 8px;\n}\n#default-btn-e7be4228294002502e255e443ed8bf9c > i {\n  margin-right: 8px;\n}<\/style><div class=\"btn-align-center\"><a href=\"https:\/\/autopro.io\/es\/contactenos\/\" class=\"default-btn-shortcode dt-btn dt-btn-l link-hover-off \" id=\"default-btn-e7be4228294002502e255e443ed8bf9c\" title=\"P\u00f3ngase en contacto\"><span>P\u00f3ngase en contacto<\/span><\/a><\/div>[vc_single_image image=\u00bb1068&#8243; img_size=\u00bblarge\u00bb alignment=\u00bbcenter\u00bb][\/vc_column][\/vc_row][vc_row css=\u00bb.vc_custom_1611559536074{margin-top: 50px !important;}\u00bb][vc_column][vc_column_text]<\/p>\n<h2 style=\"text-align: center;\">Todas estas incre\u00edbles caracter\u00edsticas y mucho m\u00e1s por un <a href=\"https:\/\/autopro.io\/es\/precios\/\">precio mensual bajo<\/a>.<\/h2>\n<h3 style=\"text-align: center;\">Estamos tan seguros de que tambi\u00e9n le encantar\u00e1 GEM-FNI, que puede cancelarlo en cualquier momento. \u00bfQu\u00e9 puede perder?<\/h3>\n<p>[\/vc_column_text][vc_row_inner equal_height=\u00bbyes\u00bb content_placement=\u00bbmiddle\u00bb][vc_column_inner width=\u00bb1\/3&#8243;]<style type=\"text\/css\" data-type=\"the7_shortcodes-inline-css\">#default-btn-f5c1048c9f2b1c7d7c4351b0519b05b3.ico-right-side > i {\n  margin-right: 0px;\n  margin-left: 8px;\n}\n#default-btn-f5c1048c9f2b1c7d7c4351b0519b05b3 > i {\n  margin-right: 8px;\n}<\/style><div class=\"btn-align-center\"><a href=\"https:\/\/autopro.io\/es\/registrate-ahora\/\" class=\"default-btn-shortcode dt-btn dt-btn-l zoomInLeft animate-element animation-builder link-hover-off \" id=\"default-btn-f5c1048c9f2b1c7d7c4351b0519b05b3\" title=\"Reg\u00edstrate ahora\"><span>Reg\u00edstrate ahora<\/span><\/a><\/div>[\/vc_column_inner][vc_column_inner width=\u00bb1\/3&#8243;][vc_single_image image=\u00bb1230&#8243; img_size=\u00bb330&#215;222&#8243; alignment=\u00bbcenter\u00bb][\/vc_column_inner][vc_column_inner width=\u00bb1\/3&#8243;]<style type=\"text\/css\" data-type=\"the7_shortcodes-inline-css\">#default-btn-807ed97babc234af5ae4b364b2a8c622.ico-right-side > i {\n  margin-right: 0px;\n  margin-left: 8px;\n}\n#default-btn-807ed97babc234af5ae4b364b2a8c622 > i {\n  margin-right: 8px;\n}<\/style><div class=\"btn-align-center\"><a href=\"https:\/\/autopro.io\/es\/prueba-gratis\/\" class=\"default-btn-shortcode dt-btn dt-btn-l zoomInLeft animate-element animation-builder link-hover-off \" id=\"default-btn-807ed97babc234af5ae4b364b2a8c622\" title=\"Demostraci\u00f3n GRATIS\"><span>Demostraci\u00f3n GRATIS<\/span><\/a><\/div>[\/vc_column_inner][\/vc_row_inner][\/vc_column][\/vc_row]<\/p>\n<\/div>","protected":false},"excerpt":{"rendered":"<p>[vc_row][vc_column width=\u00bb1\/12&#8243;][\/vc_column][vc_column width=\u00bb10\/12&#8243;][vc_column_text] Rastree f\u00e1cilmente el inventario de su concesionario de autom\u00f3viles desde la compra hasta la venta [\/vc_column_text][\/vc_column][vc_column width=\u00bb1\/12&#8243;][\/vc_column][\/vc_row][vc_row gap=\u00bb35&#8243; equal_height=\u00bbyes\u00bb content_placement=\u00bbmiddle\u00bb][vc_column width=\u00bb1\/2&#8243; offset=\u00bbvc_hidden-sm vc_hidden-xs\u00bb][vc_column_text]GEM-FNI le permite rastrear f\u00e1cilmente su inventario desde la compra hasta la venta. Utilizando el decodificador de VIN incorporado, puede ingresar un veh\u00edculo nuevo en menos de 30 segundos. Adem\u00e1s&hellip;<\/p>\n","protected":false},"author":1,"featured_media":0,"parent":1545,"menu_order":0,"comment_status":"closed","ping_status":"closed","template":"","meta":{"_monsterinsights_skip_tracking":false,"_monsterinsights_sitenote_active":false,"_monsterinsights_sitenote_note":"","_monsterinsights_sitenote_category":0,"footnotes":""},"class_list":["post-2736","page","type-page","status-publish","hentry","description-off"],"yoast_head":"<!-- This site is optimized with the Yoast SEO plugin v27.4 - https:\/\/yoast.com\/product\/yoast-seo-wordpress\/ -->\n<title>Administre f\u00e1cilmente el inventario de su concesionario de autom\u00f3viles - GEM-FNI | All in-one DMS and CMS for car dealers!<\/title>\n<meta name=\"robots\" content=\"index, follow, max-snippet:-1, max-image-preview:large, max-video-preview:-1\" \/>\n<link rel=\"canonical\" href=\"https:\/\/digitalweb.solutions\/autopro\/es\/caracteristicas\/software-de-gestion-de-inventario-de-concesionarios\/\" \/>\n<meta property=\"og:locale\" content=\"es_ES\" \/>\n<meta property=\"og:type\" content=\"article\" \/>\n<meta property=\"og:title\" content=\"Administre f\u00e1cilmente el inventario de su concesionario de autom\u00f3viles - GEM-FNI | All in-one DMS and CMS for car dealers!\" \/>\n<meta property=\"og:description\" content=\"[vc_row][vc_column width=\u00bb1\/12&#8243;][\/vc_column][vc_column width=\u00bb10\/12&#8243;][vc_column_text] Rastree f\u00e1cilmente el inventario de su concesionario de autom\u00f3viles desde la compra hasta la venta [\/vc_column_text][\/vc_column][vc_column width=\u00bb1\/12&#8243;][\/vc_column][\/vc_row][vc_row gap=\u00bb35&#8243; equal_height=\u00bbyes\u00bb content_placement=\u00bbmiddle\u00bb][vc_column width=\u00bb1\/2&#8243; offset=\u00bbvc_hidden-sm vc_hidden-xs\u00bb][vc_column_text]GEM-FNI le permite rastrear f\u00e1cilmente su inventario desde la compra hasta la venta. Utilizando el decodificador de VIN incorporado, puede ingresar un veh\u00edculo nuevo en menos de 30 segundos. Adem\u00e1s&hellip;\" \/>\n<meta property=\"og:url\" content=\"https:\/\/digitalweb.solutions\/autopro\/es\/caracteristicas\/software-de-gestion-de-inventario-de-concesionarios\/\" \/>\n<meta property=\"og:site_name\" content=\"GEM-FNI | All in-one DMS and CMS for car dealers!\" \/>\n<meta property=\"article:publisher\" content=\"https:\/\/www.facebook.com\/autoproio\/\" \/>\n<meta property=\"article:modified_time\" content=\"2025-02-03T16:07:54+00:00\" \/>\n<meta property=\"og:image\" content=\"https:\/\/digitalweb.solutions\/autopro\/wp-content\/uploads\/sites\/23\/2019\/12\/autopro-responsive-website-for-car-dealers-canada.png\" \/>\n\t<meta property=\"og:image:width\" content=\"1024\" \/>\n\t<meta property=\"og:image:height\" content=\"650\" \/>\n\t<meta property=\"og:image:type\" content=\"image\/png\" \/>\n<meta name=\"twitter:card\" content=\"summary_large_image\" \/>\n<meta name=\"twitter:label1\" content=\"Tiempo de lectura\" \/>\n\t<meta name=\"twitter:data1\" content=\"3 minutos\" \/>\n<script type=\"application\/ld+json\" class=\"yoast-schema-graph\">{\"@context\":\"https:\\\/\\\/schema.org\",\"@graph\":[{\"@type\":\"WebPage\",\"@id\":\"https:\\\/\\\/digitalweb.solutions\\\/autopro\\\/es\\\/caracteristicas\\\/software-de-gestion-de-inventario-de-concesionarios\\\/\",\"url\":\"https:\\\/\\\/digitalweb.solutions\\\/autopro\\\/es\\\/caracteristicas\\\/software-de-gestion-de-inventario-de-concesionarios\\\/\",\"name\":\"Administre f\u00e1cilmente el inventario de su concesionario de autom\u00f3viles - GEM-FNI | All in-one DMS and CMS for car dealers!\",\"isPartOf\":{\"@id\":\"https:\\\/\\\/digitalweb.solutions\\\/autopro\\\/#website\"},\"datePublished\":\"2022-03-21T05:41:31+00:00\",\"dateModified\":\"2025-02-03T16:07:54+00:00\",\"breadcrumb\":{\"@id\":\"https:\\\/\\\/digitalweb.solutions\\\/autopro\\\/es\\\/caracteristicas\\\/software-de-gestion-de-inventario-de-concesionarios\\\/#breadcrumb\"},\"inLanguage\":\"es\",\"potentialAction\":[{\"@type\":\"ReadAction\",\"target\":[\"https:\\\/\\\/digitalweb.solutions\\\/autopro\\\/es\\\/caracteristicas\\\/software-de-gestion-de-inventario-de-concesionarios\\\/\"]}]},{\"@type\":\"BreadcrumbList\",\"@id\":\"https:\\\/\\\/digitalweb.solutions\\\/autopro\\\/es\\\/caracteristicas\\\/software-de-gestion-de-inventario-de-concesionarios\\\/#breadcrumb\",\"itemListElement\":[{\"@type\":\"ListItem\",\"position\":1,\"name\":\"Home\",\"item\":\"https:\\\/\\\/digitalweb.solutions\\\/autopro\\\/es\\\/\"},{\"@type\":\"ListItem\",\"position\":2,\"name\":\"Caracteristicas\",\"item\":\"https:\\\/\\\/digitalweb.solutions\\\/autopro\\\/es\\\/caracteristicas\\\/\"},{\"@type\":\"ListItem\",\"position\":3,\"name\":\"Administre f\u00e1cilmente el inventario de su concesionario de autom\u00f3viles\"}]},{\"@type\":\"WebSite\",\"@id\":\"https:\\\/\\\/digitalweb.solutions\\\/autopro\\\/#website\",\"url\":\"https:\\\/\\\/digitalweb.solutions\\\/autopro\\\/\",\"name\":\"GEM-FNI | All in-one DMS and CMS for car dealers!\",\"description\":\"Industry leading car dealership management software\",\"publisher\":{\"@id\":\"https:\\\/\\\/digitalweb.solutions\\\/autopro\\\/#organization\"},\"potentialAction\":[{\"@type\":\"SearchAction\",\"target\":{\"@type\":\"EntryPoint\",\"urlTemplate\":\"https:\\\/\\\/digitalweb.solutions\\\/autopro\\\/?s={search_term_string}\"},\"query-input\":{\"@type\":\"PropertyValueSpecification\",\"valueRequired\":true,\"valueName\":\"search_term_string\"}}],\"inLanguage\":\"es\"},{\"@type\":\"Organization\",\"@id\":\"https:\\\/\\\/digitalweb.solutions\\\/autopro\\\/#organization\",\"name\":\"AutoPro.io\",\"url\":\"https:\\\/\\\/digitalweb.solutions\\\/autopro\\\/\",\"logo\":{\"@type\":\"ImageObject\",\"inLanguage\":\"es\",\"@id\":\"https:\\\/\\\/digitalweb.solutions\\\/autopro\\\/#\\\/schema\\\/logo\\\/image\\\/\",\"url\":\"https:\\\/\\\/autopro.io\\\/wp-content\\\/uploads\\\/sites\\\/23\\\/2020\\\/01\\\/autopro-logo-large-transparent-black.png\",\"contentUrl\":\"https:\\\/\\\/autopro.io\\\/wp-content\\\/uploads\\\/sites\\\/23\\\/2020\\\/01\\\/autopro-logo-large-transparent-black.png\",\"width\":700,\"height\":108,\"caption\":\"AutoPro.io\"},\"image\":{\"@id\":\"https:\\\/\\\/digitalweb.solutions\\\/autopro\\\/#\\\/schema\\\/logo\\\/image\\\/\"},\"sameAs\":[\"https:\\\/\\\/www.facebook.com\\\/autoproio\\\/\",\"https:\\\/\\\/www.youtube.com\\\/channel\\\/UCZsYeenB6WUKKFFM3BhC70A\"]}]}<\/script>\n<!-- \/ Yoast SEO plugin. -->","yoast_head_json":{"title":"Administre f\u00e1cilmente el inventario de su concesionario de autom\u00f3viles - GEM-FNI | All in-one DMS and CMS for car dealers!","robots":{"index":"index","follow":"follow","max-snippet":"max-snippet:-1","max-image-preview":"max-image-preview:large","max-video-preview":"max-video-preview:-1"},"canonical":"https:\/\/digitalweb.solutions\/autopro\/es\/caracteristicas\/software-de-gestion-de-inventario-de-concesionarios\/","og_locale":"es_ES","og_type":"article","og_title":"Administre f\u00e1cilmente el inventario de su concesionario de autom\u00f3viles - GEM-FNI | All in-one DMS and CMS for car dealers!","og_description":"[vc_row][vc_column width=\u00bb1\/12&#8243;][\/vc_column][vc_column width=\u00bb10\/12&#8243;][vc_column_text] Rastree f\u00e1cilmente el inventario de su concesionario de autom\u00f3viles desde la compra hasta la venta [\/vc_column_text][\/vc_column][vc_column width=\u00bb1\/12&#8243;][\/vc_column][\/vc_row][vc_row gap=\u00bb35&#8243; equal_height=\u00bbyes\u00bb content_placement=\u00bbmiddle\u00bb][vc_column width=\u00bb1\/2&#8243; offset=\u00bbvc_hidden-sm vc_hidden-xs\u00bb][vc_column_text]GEM-FNI le permite rastrear f\u00e1cilmente su inventario desde la compra hasta la venta. Utilizando el decodificador de VIN incorporado, puede ingresar un veh\u00edculo nuevo en menos de 30 segundos. Adem\u00e1s&hellip;","og_url":"https:\/\/digitalweb.solutions\/autopro\/es\/caracteristicas\/software-de-gestion-de-inventario-de-concesionarios\/","og_site_name":"GEM-FNI | All in-one DMS and CMS for car dealers!","article_publisher":"https:\/\/www.facebook.com\/autoproio\/","article_modified_time":"2025-02-03T16:07:54+00:00","og_image":[{"width":1024,"height":650,"url":"https:\/\/digitalweb.solutions\/autopro\/wp-content\/uploads\/sites\/23\/2019\/12\/autopro-responsive-website-for-car-dealers-canada.png","type":"image\/png"}],"twitter_card":"summary_large_image","twitter_misc":{"Tiempo de lectura":"3 minutos"},"schema":{"@context":"https:\/\/schema.org","@graph":[{"@type":"WebPage","@id":"https:\/\/digitalweb.solutions\/autopro\/es\/caracteristicas\/software-de-gestion-de-inventario-de-concesionarios\/","url":"https:\/\/digitalweb.solutions\/autopro\/es\/caracteristicas\/software-de-gestion-de-inventario-de-concesionarios\/","name":"Administre f\u00e1cilmente el inventario de su concesionario de autom\u00f3viles - GEM-FNI | All in-one DMS and CMS for car dealers!","isPartOf":{"@id":"https:\/\/digitalweb.solutions\/autopro\/#website"},"datePublished":"2022-03-21T05:41:31+00:00","dateModified":"2025-02-03T16:07:54+00:00","breadcrumb":{"@id":"https:\/\/digitalweb.solutions\/autopro\/es\/caracteristicas\/software-de-gestion-de-inventario-de-concesionarios\/#breadcrumb"},"inLanguage":"es","potentialAction":[{"@type":"ReadAction","target":["https:\/\/digitalweb.solutions\/autopro\/es\/caracteristicas\/software-de-gestion-de-inventario-de-concesionarios\/"]}]},{"@type":"BreadcrumbList","@id":"https:\/\/digitalweb.solutions\/autopro\/es\/caracteristicas\/software-de-gestion-de-inventario-de-concesionarios\/#breadcrumb","itemListElement":[{"@type":"ListItem","position":1,"name":"Home","item":"https:\/\/digitalweb.solutions\/autopro\/es\/"},{"@type":"ListItem","position":2,"name":"Caracteristicas","item":"https:\/\/digitalweb.solutions\/autopro\/es\/caracteristicas\/"},{"@type":"ListItem","position":3,"name":"Administre f\u00e1cilmente el inventario de su concesionario de autom\u00f3viles"}]},{"@type":"WebSite","@id":"https:\/\/digitalweb.solutions\/autopro\/#website","url":"https:\/\/digitalweb.solutions\/autopro\/","name":"GEM-FNI | All in-one DMS and CMS for car dealers!","description":"Industry leading car dealership management software","publisher":{"@id":"https:\/\/digitalweb.solutions\/autopro\/#organization"},"potentialAction":[{"@type":"SearchAction","target":{"@type":"EntryPoint","urlTemplate":"https:\/\/digitalweb.solutions\/autopro\/?s={search_term_string}"},"query-input":{"@type":"PropertyValueSpecification","valueRequired":true,"valueName":"search_term_string"}}],"inLanguage":"es"},{"@type":"Organization","@id":"https:\/\/digitalweb.solutions\/autopro\/#organization","name":"AutoPro.io","url":"https:\/\/digitalweb.solutions\/autopro\/","logo":{"@type":"ImageObject","inLanguage":"es","@id":"https:\/\/digitalweb.solutions\/autopro\/#\/schema\/logo\/image\/","url":"https:\/\/autopro.io\/wp-content\/uploads\/sites\/23\/2020\/01\/autopro-logo-large-transparent-black.png","contentUrl":"https:\/\/autopro.io\/wp-content\/uploads\/sites\/23\/2020\/01\/autopro-logo-large-transparent-black.png","width":700,"height":108,"caption":"AutoPro.io"},"image":{"@id":"https:\/\/digitalweb.solutions\/autopro\/#\/schema\/logo\/image\/"},"sameAs":["https:\/\/www.facebook.com\/autoproio\/","https:\/\/www.youtube.com\/channel\/UCZsYeenB6WUKKFFM3BhC70A"]}]}},"_links":{"self":[{"href":"https:\/\/digitalweb.solutions\/autopro\/es\/wp-json\/wp\/v2\/pages\/2736","targetHints":{"allow":["GET"]}}],"collection":[{"href":"https:\/\/digitalweb.solutions\/autopro\/es\/wp-json\/wp\/v2\/pages"}],"about":[{"href":"https:\/\/digitalweb.solutions\/autopro\/es\/wp-json\/wp\/v2\/types\/page"}],"author":[{"embeddable":true,"href":"https:\/\/digitalweb.solutions\/autopro\/es\/wp-json\/wp\/v2\/users\/1"}],"replies":[{"embeddable":true,"href":"https:\/\/digitalweb.solutions\/autopro\/es\/wp-json\/wp\/v2\/comments?post=2736"}],"version-history":[{"count":6,"href":"https:\/\/digitalweb.solutions\/autopro\/es\/wp-json\/wp\/v2\/pages\/2736\/revisions"}],"predecessor-version":[{"id":4378,"href":"https:\/\/digitalweb.solutions\/autopro\/es\/wp-json\/wp\/v2\/pages\/2736\/revisions\/4378"}],"up":[{"embeddable":true,"href":"https:\/\/digitalweb.solutions\/autopro\/es\/wp-json\/wp\/v2\/pages\/1545"}],"wp:attachment":[{"href":"https:\/\/digitalweb.solutions\/autopro\/es\/wp-json\/wp\/v2\/media?parent=2736"}],"curies":[{"name":"wp","href":"https:\/\/api.w.org\/{rel}","templated":true}]}}