{"id":2168,"date":"2021-12-26T21:49:22","date_gmt":"2021-12-26T21:49:22","guid":{"rendered":"https:\/\/autopro.io\/?page_id=2168"},"modified":"2025-02-03T15:13:51","modified_gmt":"2025-02-03T15:13:51","slug":"gerez-facilement-les-ventes-de-votre-concessionnaire","status":"publish","type":"page","link":"https:\/\/digitalweb.solutions\/autopro\/fr\/fonctionnalites\/gerez-facilement-les-ventes-de-votre-concessionnaire\/","title":{"rendered":"G\u00e9rez facilement les ventes de votre concessionnaire"},"content":{"rendered":"<div class=\"wpb-content-wrapper\"><p>[vc_row][vc_column offset=\u00a0\u00bbvc_hidden-sm vc_hidden-xs\u00a0\u00bb][vc_column_text]<\/p>\n<h1 style=\"text-align: center;\">GEM-FNI rend la gestion des ventes de votre concessionnaire automobile incroyablement facile<\/h1>\n<p>[\/vc_column_text][\/vc_column][\/vc_row][vc_row gap=\u00a0\u00bb35&Prime; equal_height=\u00a0\u00bbyes\u00a0\u00bb content_placement=\u00a0\u00bbmiddle\u00a0\u00bb][vc_column width=\u00a0\u00bb1\/2&Prime; offset=\u00a0\u00bbvc_hidden-sm vc_hidden-xs\u00a0\u00bb][vc_column_text]R\u00e9digez-vous encore vos contrats \u00e0 la main ?<\/p>\n<p>Avez-vous un moyen simple de suivre vos ventes ?<\/p>\n<p>Pouvez-vous facilement suivre les commissions de vente de votre \u00e9quipe ?<\/p>\n<p>Pouvez-vous facilement faire une r\u00e9trospection et prendre de meilleures d\u00e9cisions gr\u00e2ce aux donn\u00e9es et aux rapports que vous avez collect\u00e9s au fil du temps ?<\/p>\n<p>Voici quelques fa\u00e7ons dont notre logiciel de gestion de concessionnaire automobile peut vous aider, votre \u00e9quipe et vous, \u00e0 mieux g\u00e9rer les ventes de votre concessionnaire et \u00e0 \u00e9conomiser du temps et de l&rsquo;argent !<\/p>\n<p>Notre logiciel a \u00e9t\u00e9 sp\u00e9cialement con\u00e7u pour les petits et moyens concessionnaires automobiles ind\u00e9pendants comme le v\u00f4tre ![\/vc_column_text][\/vc_column][vc_column width=\u00a0\u00bb1\/2&Prime; offset=\u00a0\u00bbvc_hidden-sm vc_hidden-xs\u00a0\u00bb][vc_single_image image=\u00a0\u00bb1054&Prime; img_size=\u00a0\u00bblarge\u00a0\u00bb alignment=\u00a0\u00bbcenter\u00a0\u00bb][\/vc_column][vc_column offset=\u00a0\u00bbvc_hidden-lg vc_hidden-md\u00a0\u00bb][vc_single_image image=\u00a0\u00bb1057&Prime; img_size=\u00a0\u00bblarge\u00a0\u00bb alignment=\u00a0\u00bbcenter\u00a0\u00bb][vc_column_text]<\/p>\n<p style=\"text-align: center;\">R\u00e9digez-vous encore vos contrats \u00e0 la main ?<\/p>\n<p style=\"text-align: center;\">Avez-vous un moyen simple de suivre vos ventes ?<\/p>\n<p style=\"text-align: center;\">Pouvez-vous facilement suivre les commissions de vente de votre \u00e9quipe ?<\/p>\n<p style=\"text-align: center;\">Pouvez-vous facilement faire une r\u00e9trospection et prendre de meilleures d\u00e9cisions gr\u00e2ce aux donn\u00e9es et aux rapports que vous avez collect\u00e9s au fil du temps ?<\/p>\n<p style=\"text-align: center;\">Voici quelques fa\u00e7ons dont notre logiciel de gestion de concessionnaire automobile peut vous aider, votre \u00e9quipe et vous, \u00e0 mieux g\u00e9rer les ventes de votre concessionnaire et \u00e0 \u00e9conomiser du temps et de l&rsquo;argent !<\/p>\n<p style=\"text-align: center;\">Notre logiciel a \u00e9t\u00e9 sp\u00e9cialement con\u00e7u pour les petits et moyens concessionnaires automobiles ind\u00e9pendants comme le v\u00f4tre !<\/p>\n<p>[\/vc_column_text][\/vc_column][\/vc_row][vc_row gap=\u00a0\u00bb35&Prime; equal_height=\u00a0\u00bbyes\u00a0\u00bb content_placement=\u00a0\u00bbmiddle\u00a0\u00bb][vc_column width=\u00a0\u00bb1\/2&Prime; offset=\u00a0\u00bbvc_hidden-sm vc_hidden-xs\u00a0\u00bb][vc_single_image image=\u00a0\u00bb1217&Prime; img_size=\u00a0\u00bblarge\u00a0\u00bb alignment=\u00a0\u00bbcenter\u00a0\u00bb][\/vc_column][vc_column width=\u00a0\u00bb1\/2&Prime; offset=\u00a0\u00bbvc_hidden-sm vc_hidden-xs\u00a0\u00bb][vc_column_text]<\/p>\n<h2>De meilleures informations m\u00e8nent \u00e0 de meilleures d\u00e9cisions<\/h2>\n<p>Les ventes sont au c\u0153ur d&rsquo;un concessionnaire. Ce sont eux qui gardent le travail amusant, l\u2019adr\u00e9naline au tapis et la motivation continuelle.<\/p>\n<p>Pour ce qui est d\u2019effectuer des rapports, calculer des d\u00e9penses et r\u00e9diger des contrats ? Pas tellement.<\/p>\n<p>Notre logiciel vous permet de saisir une vente, de g\u00e9n\u00e9rer un contrat de vente, et tout cela, en moins d&rsquo;une minute. Vous pouvez soit imprimer le contrat \u00e0 signer, soit l&rsquo;envoyer par e-mail au client avec une signature \u00e9lectronique.<\/p>\n<p>Le logiciel peut \u00e9galement g\u00e9n\u00e9rer automatiquement des commissions de vente, calculer les profits\/pertes et plus encore.<\/p>\n<p>Votre site Web est mis \u00e0 jour instantan\u00e9ment et toutes les donn\u00e9es sont enregistr\u00e9es pour un acc\u00e8s facile via vos rapports \u00e0 une date ult\u00e9rieure de votre choix.[\/vc_column_text][\/vc_column][vc_column offset=\u00a0\u00bbvc_hidden-lg vc_hidden-md\u00a0\u00bb][vc_single_image image=\u00a0\u00bb1217&Prime; img_size=\u00a0\u00bblarge\u00a0\u00bb alignment=\u00a0\u00bbcenter\u00a0\u00bb][vc_column_text]<\/p>\n<h2 style=\"text-align: center;\">De meilleures informations m\u00e8nent \u00e0 de meilleures d\u00e9cisions<\/h2>\n<p style=\"text-align: center;\">Les ventes sont au c\u0153ur d&rsquo;un concessionnaire. Ce sont eux qui gardent le travail amusant, l\u2019adr\u00e9naline au tapis et la motivation continuelle.<\/p>\n<p style=\"text-align: center;\">Pour ce qui est d\u2019effectuer des rapports, calculer des d\u00e9penses et r\u00e9diger des contrats ? Pas tellement.<\/p>\n<p style=\"text-align: center;\">Notre logiciel vous permet de saisir une vente, de g\u00e9n\u00e9rer un contrat de vente, et tout cela, en moins d&rsquo;une minute. Vous pouvez soit imprimer le contrat \u00e0 signer, soit l&rsquo;envoyer par e-mail au client avec une signature \u00e9lectronique.<\/p>\n<p style=\"text-align: center;\">Le logiciel peut \u00e9galement g\u00e9n\u00e9rer automatiquement des commissions de vente, calculer les profits\/pertes et plus encore.<\/p>\n<p style=\"text-align: center;\">Votre site Web est mis \u00e0 jour instantan\u00e9ment et toutes les donn\u00e9es sont enregistr\u00e9es pour un acc\u00e8s facile via vos rapports \u00e0 une date ult\u00e9rieure de votre choix.<\/p>\n<p>[\/vc_column_text][\/vc_column][\/vc_row][vc_row gap=\u00a0\u00bb35&Prime; equal_height=\u00a0\u00bbyes\u00a0\u00bb content_placement=\u00a0\u00bbmiddle\u00a0\u00bb][vc_column width=\u00a0\u00bb1\/2&Prime; offset=\u00a0\u00bbvc_hidden-sm vc_hidden-xs\u00a0\u00bb][vc_column_text]<\/p>\n<h2>Notre logiciel vous fera gagner du temps et de l&rsquo;argent \u00e0 votre \u00e9quipe et \u00e0 vous!<\/h2>\n<p>Saisir une vente et g\u00e9n\u00e9rer automatiquement un contrat peut se faire en moins d&rsquo;une minute, ce qui vous donne plus de temps avec le client et moins de temps \u00e0 remplir des formulaires ou \u00e0 regarder votre \u00e9cran d&rsquo;ordinateur.<\/p>\n<p>De plus, le logiciel calcule instantan\u00e9ment les profits, vous permet de suivre les paiements, de g\u00e9n\u00e9rer automatiquement des commissions de vente et bien plus encore.<\/p>\n<p>Si notre logiciel fait gagner une personne, en moyenne seulement 15 minutes par jour, il se paie pratiquement par lui-m\u00eame![\/vc_column_text][\/vc_column][vc_column width=\u00a0\u00bb1\/2&Prime; offset=\u00a0\u00bbvc_hidden-sm vc_hidden-xs\u00a0\u00bb][vc_single_image image=\u00a0\u00bb1068&Prime; img_size=\u00a0\u00bblarge\u00a0\u00bb alignment=\u00a0\u00bbcenter\u00a0\u00bb][\/vc_column][vc_column offset=\u00a0\u00bbvc_hidden-lg vc_hidden-md\u00a0\u00bb][vc_single_image image=\u00a0\u00bb1068&Prime; img_size=\u00a0\u00bblarge\u00a0\u00bb alignment=\u00a0\u00bbcenter\u00a0\u00bb][vc_column_text]<\/p>\n<h2 style=\"text-align: center;\">Notre logiciel vous fera gagner du temps et de l&rsquo;argent \u00e0 votre \u00e9quipe et \u00e0 vous!<\/h2>\n<p style=\"text-align: center;\">Saisir une vente et g\u00e9n\u00e9rer automatiquement un contrat peut se faire en moins d&rsquo;une minute, ce qui vous donne plus de temps avec le client et moins de temps \u00e0 remplir des formulaires ou \u00e0 regarder votre \u00e9cran d&rsquo;ordinateur.<\/p>\n<p style=\"text-align: center;\">De plus, le logiciel calcule instantan\u00e9ment les profits, vous permet de suivre les paiements, de g\u00e9n\u00e9rer automatiquement des commissions de vente et bien plus encore.<\/p>\n<p style=\"text-align: center;\">Si notre logiciel fait gagner une personne, en moyenne seulement 15 minutes par jour, il se paie pratiquement par lui-m\u00eame!<\/p>\n<p>[\/vc_column_text][\/vc_column][\/vc_row][vc_row][vc_column][vc_column_text]<\/p>\n<h2 style=\"text-align: center;\">Voyez de <span style=\"color: #ff0000;\">vraies captures d\u2019\u00e9crans<\/span> de notre logiciel de gestion de concessionnaire automobile<\/h2>\n<p style=\"text-align: center;\">Cliquez sur les images pour agrandir<\/p>\n<p>[\/vc_column_text][vc_media_grid element_width=\u00a0\u00bb2&Prime; gap=\u00a0\u00bb15&Prime; grid_id=\u00a0\u00bbvc_gid:1738595531483-2230f48b1ae6e1b270318415bc35fd1c-4&Prime; include=\u00a0\u00bb2152,2149,2156,2159,2705&Prime;][\/vc_column][\/vc_row][vc_row css=\u00a0\u00bb.vc_custom_1611559536074{margin-top: 50px !important;}\u00a0\u00bb][vc_column][vc_column_text]<\/p>\n<h3 style=\"text-align: center;\">Connaissez vous une solution logicielle de concessionnaire automobile offrant <span style=\"color: #f44336;\">plus de valeur \u00e0 un meilleur prix<\/span>?<\/h3>\n<h2 style=\"text-align: center;\">Sinon, obtenez toutes ces fonctionnalit\u00e9s \u00e9tonnantes et bien plus encore pour un <a style=\"text-decoration: underline;\" href=\"https:\/\/autopro.io\/fr\/tarification\/\">prix mensuel ridiculement bas.<\/a><\/h2>\n<h3 style=\"text-align: center;\">Nous sommes tellement certains que vous allez adorer GEM-FNI, que nous offrons le logiciel sans contrat \u00e0 long terme!<\/h3>\n<h2 style=\"text-align: center;\">Qu&rsquo;avez-vous \u00e0 perdre?<\/h2>\n<p>[\/vc_column_text][vc_row_inner equal_height=\u00a0\u00bbyes\u00a0\u00bb content_placement=\u00a0\u00bbmiddle\u00a0\u00bb][vc_column_inner width=\u00a0\u00bb1\/3&Prime;]<style type=\"text\/css\" data-type=\"the7_shortcodes-inline-css\">#default-btn-fb7a3d384de6c1b7e9a347700931bb91.ico-right-side > i {\n  margin-right: 0px;\n  margin-left: 8px;\n}\n#default-btn-fb7a3d384de6c1b7e9a347700931bb91 > i {\n  margin-right: 8px;\n}<\/style><div class=\"btn-align-center\"><a href=\"https:\/\/autopro.io\/fr\/demo-gratuite\/\" class=\"default-btn-shortcode dt-btn dt-btn-l zoomInRight animate-element animation-builder link-hover-off \" id=\"default-btn-fb7a3d384de6c1b7e9a347700931bb91\" title=\"D\u00e9mo gratuite\"><span>D\u00e9mo gratuite<\/span><\/a><\/div>[\/vc_column_inner][vc_column_inner width=\u00a0\u00bb1\/3&Prime;][vc_single_image image=\u00a0\u00bb1294&Prime; img_size=\u00a0\u00bb330&#215;222&Prime; alignment=\u00a0\u00bbcenter\u00a0\u00bb image_hovers=\u00a0\u00bbfalse\u00a0\u00bb][\/vc_column_inner][vc_column_inner width=\u00a0\u00bb1\/3&Prime;]<style type=\"text\/css\" data-type=\"the7_shortcodes-inline-css\">#default-btn-abf41b517a4a716718824fe982e70934.ico-right-side > i {\n  margin-right: 0px;\n  margin-left: 8px;\n}\n#default-btn-abf41b517a4a716718824fe982e70934 > i {\n  margin-right: 8px;\n}<\/style><div class=\"btn-align-center\"><a href=\"https:\/\/autopro.io\/fr\/nous-joindre\/\" class=\"default-btn-shortcode dt-btn dt-btn-l zoomInLeft animate-element animation-builder link-hover-off \" id=\"default-btn-abf41b517a4a716718824fe982e70934\" title=\"Sign Up Now\"><span>Contactez-nous<\/span><\/a><\/div>[\/vc_column_inner][\/vc_row_inner][\/vc_column][\/vc_row]<\/p>\n<\/div>","protected":false},"excerpt":{"rendered":"<p>[vc_row][vc_column offset=\u00a0\u00bbvc_hidden-sm vc_hidden-xs\u00a0\u00bb][vc_column_text] GEM-FNI rend la gestion des ventes de votre concessionnaire automobile incroyablement facile [\/vc_column_text][\/vc_column][\/vc_row][vc_row gap=\u00a0\u00bb35&Prime; equal_height=\u00a0\u00bbyes\u00a0\u00bb content_placement=\u00a0\u00bbmiddle\u00a0\u00bb][vc_column width=\u00a0\u00bb1\/2&Prime; offset=\u00a0\u00bbvc_hidden-sm vc_hidden-xs\u00a0\u00bb][vc_column_text]R\u00e9digez-vous encore vos contrats \u00e0 la main ? Avez-vous un moyen simple de suivre vos ventes ? Pouvez-vous facilement suivre les commissions de vente de votre \u00e9quipe ? Pouvez-vous facilement faire une r\u00e9trospection et&hellip;<\/p>\n","protected":false},"author":1,"featured_media":0,"parent":395,"menu_order":0,"comment_status":"closed","ping_status":"closed","template":"","meta":{"_monsterinsights_skip_tracking":false,"_monsterinsights_sitenote_active":false,"_monsterinsights_sitenote_note":"","_monsterinsights_sitenote_category":0,"footnotes":""},"class_list":["post-2168","page","type-page","status-publish","hentry","description-off"],"yoast_head":"<!-- This site is optimized with the Yoast SEO plugin v27.4 - https:\/\/yoast.com\/product\/yoast-seo-wordpress\/ -->\n<title>G\u00e9rez facilement les ventes de votre concessionnaire - GEM-FNI | All in-one DMS and CMS for car dealers!<\/title>\n<meta name=\"robots\" content=\"index, follow, max-snippet:-1, max-image-preview:large, max-video-preview:-1\" \/>\n<link rel=\"canonical\" href=\"https:\/\/digitalweb.solutions\/autopro\/fr\/fonctionnalites\/gerez-facilement-les-ventes-de-votre-concessionnaire\/\" \/>\n<meta property=\"og:locale\" content=\"fr_FR\" \/>\n<meta property=\"og:type\" content=\"article\" \/>\n<meta property=\"og:title\" content=\"G\u00e9rez facilement les ventes de votre concessionnaire - GEM-FNI | All in-one DMS and CMS for car dealers!\" \/>\n<meta property=\"og:description\" content=\"[vc_row][vc_column offset=\u00a0\u00bbvc_hidden-sm vc_hidden-xs\u00a0\u00bb][vc_column_text] GEM-FNI rend la gestion des ventes de votre concessionnaire automobile incroyablement facile [\/vc_column_text][\/vc_column][\/vc_row][vc_row gap=\u00a0\u00bb35&Prime; equal_height=\u00a0\u00bbyes\u00a0\u00bb content_placement=\u00a0\u00bbmiddle\u00a0\u00bb][vc_column width=\u00a0\u00bb1\/2&Prime; offset=\u00a0\u00bbvc_hidden-sm vc_hidden-xs\u00a0\u00bb][vc_column_text]R\u00e9digez-vous encore vos contrats \u00e0 la main ? Avez-vous un moyen simple de suivre vos ventes ? Pouvez-vous facilement suivre les commissions de vente de votre \u00e9quipe ? Pouvez-vous facilement faire une r\u00e9trospection et&hellip;\" \/>\n<meta property=\"og:url\" content=\"https:\/\/digitalweb.solutions\/autopro\/fr\/fonctionnalites\/gerez-facilement-les-ventes-de-votre-concessionnaire\/\" \/>\n<meta property=\"og:site_name\" content=\"GEM-FNI | All in-one DMS and CMS for car dealers!\" \/>\n<meta property=\"article:publisher\" content=\"https:\/\/www.facebook.com\/autoproio\/\" \/>\n<meta property=\"article:modified_time\" content=\"2025-02-03T15:13:51+00:00\" \/>\n<meta property=\"og:image\" content=\"https:\/\/digitalweb.solutions\/autopro\/wp-content\/uploads\/sites\/23\/2019\/12\/autopro-responsive-website-for-car-dealers-canada.png\" \/>\n\t<meta property=\"og:image:width\" content=\"1024\" \/>\n\t<meta property=\"og:image:height\" content=\"650\" \/>\n\t<meta property=\"og:image:type\" content=\"image\/png\" \/>\n<meta name=\"twitter:card\" content=\"summary_large_image\" \/>\n<meta name=\"twitter:label1\" content=\"Dur\u00e9e de lecture estim\u00e9e\" \/>\n\t<meta name=\"twitter:data1\" content=\"4 minutes\" \/>\n<script type=\"application\/ld+json\" class=\"yoast-schema-graph\">{\"@context\":\"https:\\\/\\\/schema.org\",\"@graph\":[{\"@type\":\"WebPage\",\"@id\":\"https:\\\/\\\/digitalweb.solutions\\\/autopro\\\/fr\\\/fonctionnalites\\\/gerez-facilement-les-ventes-de-votre-concessionnaire\\\/\",\"url\":\"https:\\\/\\\/digitalweb.solutions\\\/autopro\\\/fr\\\/fonctionnalites\\\/gerez-facilement-les-ventes-de-votre-concessionnaire\\\/\",\"name\":\"G\u00e9rez facilement les ventes de votre concessionnaire - GEM-FNI | All in-one DMS and CMS for car dealers!\",\"isPartOf\":{\"@id\":\"https:\\\/\\\/digitalweb.solutions\\\/autopro\\\/#website\"},\"datePublished\":\"2021-12-26T21:49:22+00:00\",\"dateModified\":\"2025-02-03T15:13:51+00:00\",\"breadcrumb\":{\"@id\":\"https:\\\/\\\/digitalweb.solutions\\\/autopro\\\/fr\\\/fonctionnalites\\\/gerez-facilement-les-ventes-de-votre-concessionnaire\\\/#breadcrumb\"},\"inLanguage\":\"fr-FR\",\"potentialAction\":[{\"@type\":\"ReadAction\",\"target\":[\"https:\\\/\\\/digitalweb.solutions\\\/autopro\\\/fr\\\/fonctionnalites\\\/gerez-facilement-les-ventes-de-votre-concessionnaire\\\/\"]}]},{\"@type\":\"BreadcrumbList\",\"@id\":\"https:\\\/\\\/digitalweb.solutions\\\/autopro\\\/fr\\\/fonctionnalites\\\/gerez-facilement-les-ventes-de-votre-concessionnaire\\\/#breadcrumb\",\"itemListElement\":[{\"@type\":\"ListItem\",\"position\":1,\"name\":\"Home\",\"item\":\"https:\\\/\\\/digitalweb.solutions\\\/autopro\\\/fr\\\/\"},{\"@type\":\"ListItem\",\"position\":2,\"name\":\"Fonctionnalit\u00e9s\",\"item\":\"https:\\\/\\\/digitalweb.solutions\\\/autopro\\\/fr\\\/fonctionnalites\\\/\"},{\"@type\":\"ListItem\",\"position\":3,\"name\":\"G\u00e9rez facilement les ventes de votre concessionnaire\"}]},{\"@type\":\"WebSite\",\"@id\":\"https:\\\/\\\/digitalweb.solutions\\\/autopro\\\/#website\",\"url\":\"https:\\\/\\\/digitalweb.solutions\\\/autopro\\\/\",\"name\":\"GEM-FNI | All in-one DMS and CMS for car dealers!\",\"description\":\"Industry leading car dealership management software\",\"publisher\":{\"@id\":\"https:\\\/\\\/digitalweb.solutions\\\/autopro\\\/#organization\"},\"potentialAction\":[{\"@type\":\"SearchAction\",\"target\":{\"@type\":\"EntryPoint\",\"urlTemplate\":\"https:\\\/\\\/digitalweb.solutions\\\/autopro\\\/?s={search_term_string}\"},\"query-input\":{\"@type\":\"PropertyValueSpecification\",\"valueRequired\":true,\"valueName\":\"search_term_string\"}}],\"inLanguage\":\"fr-FR\"},{\"@type\":\"Organization\",\"@id\":\"https:\\\/\\\/digitalweb.solutions\\\/autopro\\\/#organization\",\"name\":\"AutoPro.io\",\"url\":\"https:\\\/\\\/digitalweb.solutions\\\/autopro\\\/\",\"logo\":{\"@type\":\"ImageObject\",\"inLanguage\":\"fr-FR\",\"@id\":\"https:\\\/\\\/digitalweb.solutions\\\/autopro\\\/#\\\/schema\\\/logo\\\/image\\\/\",\"url\":\"https:\\\/\\\/autopro.io\\\/wp-content\\\/uploads\\\/sites\\\/23\\\/2020\\\/01\\\/autopro-logo-large-transparent-black.png\",\"contentUrl\":\"https:\\\/\\\/autopro.io\\\/wp-content\\\/uploads\\\/sites\\\/23\\\/2020\\\/01\\\/autopro-logo-large-transparent-black.png\",\"width\":700,\"height\":108,\"caption\":\"AutoPro.io\"},\"image\":{\"@id\":\"https:\\\/\\\/digitalweb.solutions\\\/autopro\\\/#\\\/schema\\\/logo\\\/image\\\/\"},\"sameAs\":[\"https:\\\/\\\/www.facebook.com\\\/autoproio\\\/\",\"https:\\\/\\\/www.youtube.com\\\/channel\\\/UCZsYeenB6WUKKFFM3BhC70A\"]}]}<\/script>\n<!-- \/ Yoast SEO plugin. -->","yoast_head_json":{"title":"G\u00e9rez facilement les ventes de votre concessionnaire - GEM-FNI | All in-one DMS and CMS for car dealers!","robots":{"index":"index","follow":"follow","max-snippet":"max-snippet:-1","max-image-preview":"max-image-preview:large","max-video-preview":"max-video-preview:-1"},"canonical":"https:\/\/digitalweb.solutions\/autopro\/fr\/fonctionnalites\/gerez-facilement-les-ventes-de-votre-concessionnaire\/","og_locale":"fr_FR","og_type":"article","og_title":"G\u00e9rez facilement les ventes de votre concessionnaire - GEM-FNI | All in-one DMS and CMS for car dealers!","og_description":"[vc_row][vc_column offset=\u00a0\u00bbvc_hidden-sm vc_hidden-xs\u00a0\u00bb][vc_column_text] GEM-FNI rend la gestion des ventes de votre concessionnaire automobile incroyablement facile [\/vc_column_text][\/vc_column][\/vc_row][vc_row gap=\u00a0\u00bb35&Prime; equal_height=\u00a0\u00bbyes\u00a0\u00bb content_placement=\u00a0\u00bbmiddle\u00a0\u00bb][vc_column width=\u00a0\u00bb1\/2&Prime; offset=\u00a0\u00bbvc_hidden-sm vc_hidden-xs\u00a0\u00bb][vc_column_text]R\u00e9digez-vous encore vos contrats \u00e0 la main ? Avez-vous un moyen simple de suivre vos ventes ? Pouvez-vous facilement suivre les commissions de vente de votre \u00e9quipe ? Pouvez-vous facilement faire une r\u00e9trospection et&hellip;","og_url":"https:\/\/digitalweb.solutions\/autopro\/fr\/fonctionnalites\/gerez-facilement-les-ventes-de-votre-concessionnaire\/","og_site_name":"GEM-FNI | All in-one DMS and CMS for car dealers!","article_publisher":"https:\/\/www.facebook.com\/autoproio\/","article_modified_time":"2025-02-03T15:13:51+00:00","og_image":[{"width":1024,"height":650,"url":"https:\/\/digitalweb.solutions\/autopro\/wp-content\/uploads\/sites\/23\/2019\/12\/autopro-responsive-website-for-car-dealers-canada.png","type":"image\/png"}],"twitter_card":"summary_large_image","twitter_misc":{"Dur\u00e9e de lecture estim\u00e9e":"4 minutes"},"schema":{"@context":"https:\/\/schema.org","@graph":[{"@type":"WebPage","@id":"https:\/\/digitalweb.solutions\/autopro\/fr\/fonctionnalites\/gerez-facilement-les-ventes-de-votre-concessionnaire\/","url":"https:\/\/digitalweb.solutions\/autopro\/fr\/fonctionnalites\/gerez-facilement-les-ventes-de-votre-concessionnaire\/","name":"G\u00e9rez facilement les ventes de votre concessionnaire - GEM-FNI | All in-one DMS and CMS for car dealers!","isPartOf":{"@id":"https:\/\/digitalweb.solutions\/autopro\/#website"},"datePublished":"2021-12-26T21:49:22+00:00","dateModified":"2025-02-03T15:13:51+00:00","breadcrumb":{"@id":"https:\/\/digitalweb.solutions\/autopro\/fr\/fonctionnalites\/gerez-facilement-les-ventes-de-votre-concessionnaire\/#breadcrumb"},"inLanguage":"fr-FR","potentialAction":[{"@type":"ReadAction","target":["https:\/\/digitalweb.solutions\/autopro\/fr\/fonctionnalites\/gerez-facilement-les-ventes-de-votre-concessionnaire\/"]}]},{"@type":"BreadcrumbList","@id":"https:\/\/digitalweb.solutions\/autopro\/fr\/fonctionnalites\/gerez-facilement-les-ventes-de-votre-concessionnaire\/#breadcrumb","itemListElement":[{"@type":"ListItem","position":1,"name":"Home","item":"https:\/\/digitalweb.solutions\/autopro\/fr\/"},{"@type":"ListItem","position":2,"name":"Fonctionnalit\u00e9s","item":"https:\/\/digitalweb.solutions\/autopro\/fr\/fonctionnalites\/"},{"@type":"ListItem","position":3,"name":"G\u00e9rez facilement les ventes de votre concessionnaire"}]},{"@type":"WebSite","@id":"https:\/\/digitalweb.solutions\/autopro\/#website","url":"https:\/\/digitalweb.solutions\/autopro\/","name":"GEM-FNI | All in-one DMS and CMS for car dealers!","description":"Industry leading car dealership management software","publisher":{"@id":"https:\/\/digitalweb.solutions\/autopro\/#organization"},"potentialAction":[{"@type":"SearchAction","target":{"@type":"EntryPoint","urlTemplate":"https:\/\/digitalweb.solutions\/autopro\/?s={search_term_string}"},"query-input":{"@type":"PropertyValueSpecification","valueRequired":true,"valueName":"search_term_string"}}],"inLanguage":"fr-FR"},{"@type":"Organization","@id":"https:\/\/digitalweb.solutions\/autopro\/#organization","name":"AutoPro.io","url":"https:\/\/digitalweb.solutions\/autopro\/","logo":{"@type":"ImageObject","inLanguage":"fr-FR","@id":"https:\/\/digitalweb.solutions\/autopro\/#\/schema\/logo\/image\/","url":"https:\/\/autopro.io\/wp-content\/uploads\/sites\/23\/2020\/01\/autopro-logo-large-transparent-black.png","contentUrl":"https:\/\/autopro.io\/wp-content\/uploads\/sites\/23\/2020\/01\/autopro-logo-large-transparent-black.png","width":700,"height":108,"caption":"AutoPro.io"},"image":{"@id":"https:\/\/digitalweb.solutions\/autopro\/#\/schema\/logo\/image\/"},"sameAs":["https:\/\/www.facebook.com\/autoproio\/","https:\/\/www.youtube.com\/channel\/UCZsYeenB6WUKKFFM3BhC70A"]}]}},"_links":{"self":[{"href":"https:\/\/digitalweb.solutions\/autopro\/fr\/wp-json\/wp\/v2\/pages\/2168","targetHints":{"allow":["GET"]}}],"collection":[{"href":"https:\/\/digitalweb.solutions\/autopro\/fr\/wp-json\/wp\/v2\/pages"}],"about":[{"href":"https:\/\/digitalweb.solutions\/autopro\/fr\/wp-json\/wp\/v2\/types\/page"}],"author":[{"embeddable":true,"href":"https:\/\/digitalweb.solutions\/autopro\/fr\/wp-json\/wp\/v2\/users\/1"}],"replies":[{"embeddable":true,"href":"https:\/\/digitalweb.solutions\/autopro\/fr\/wp-json\/wp\/v2\/comments?post=2168"}],"version-history":[{"count":9,"href":"https:\/\/digitalweb.solutions\/autopro\/fr\/wp-json\/wp\/v2\/pages\/2168\/revisions"}],"predecessor-version":[{"id":4366,"href":"https:\/\/digitalweb.solutions\/autopro\/fr\/wp-json\/wp\/v2\/pages\/2168\/revisions\/4366"}],"up":[{"embeddable":true,"href":"https:\/\/digitalweb.solutions\/autopro\/fr\/wp-json\/wp\/v2\/pages\/395"}],"wp:attachment":[{"href":"https:\/\/digitalweb.solutions\/autopro\/fr\/wp-json\/wp\/v2\/media?parent=2168"}],"curies":[{"name":"wp","href":"https:\/\/api.w.org\/{rel}","templated":true}]}}