{"id":2515,"date":"2022-03-27T22:11:01","date_gmt":"2022-03-27T22:11:01","guid":{"rendered":"https:\/\/autopro.io\/?page_id=2515"},"modified":"2025-02-03T15:17:07","modified_gmt":"2025-02-03T15:17:07","slug":"synchronisation-automatique-inventaire-concessionnaire-automobile-avec-plateforme-vente-externes","status":"publish","type":"page","link":"https:\/\/digitalweb.solutions\/autopro\/fr\/fonctionnalites\/synchronisation-automatique-inventaire-concessionnaire-automobile-avec-plateforme-vente-externes\/","title":{"rendered":"Synchronisez l\u2019inventaire de votre concessionnaire automobile avec vos plateformes de vente externes"},"content":{"rendered":"<div class=\"wpb-content-wrapper\"><p>[vc_row][vc_column width=\u00a0\u00bb1\/12&Prime;][\/vc_column][vc_column width=\u00a0\u00bb10\/12&Prime;][vc_column_text]<\/p>\n<h1 style=\"text-align: center;\">Synchronisez l\u2019inventaire de votre concessionnaire automobile avec vos plateformes de vente externes<\/h1>\n<p>[\/vc_column_text][\/vc_column][vc_column width=\u00a0\u00bb1\/12&Prime;][\/vc_column][\/vc_row][vc_row gap=\u00a0\u00bb35&Prime; equal_height=\u00a0\u00bbyes\u00a0\u00bb content_placement=\u00a0\u00bbmiddle\u00a0\u00bb][vc_column width=\u00a0\u00bb1\/2&Prime; offset=\u00a0\u00bbvc_hidden-sm vc_hidden-xs\u00a0\u00bb][vc_column_text]La publication manuelle des v\u00e9hicules sur chacune des plateformes de vente est un vrai fardeau.<\/p>\n<p>Personne ne veut faire cette t\u00e2che longue et ennuyante.<\/p>\n<p>C\u2019est qu\u2019une perte de temps et d\u2019argent.<\/p>\n<p>Heureusement, connecter ces plateformes au logiciel de gestion de concessionnaire GEM-FNI est un vrai jeu d\u2019enfant !<\/p>\n<p>Avec GEM-FNI, vous pouvez maintenant synchroniser automatiquement votre inventaire aux plateformes de vente externes de votre choix.[\/vc_column_text]<style type=\"text\/css\" data-type=\"the7_shortcodes-inline-css\">#default-btn-7b1a36516010a3118365904fa2baa46c.ico-right-side > i {\n  margin-right: 0px;\n  margin-left: 8px;\n}\n#default-btn-7b1a36516010a3118365904fa2baa46c > i {\n  margin-right: 8px;\n}<\/style><a href=\"https:\/\/autopro.io\/fr\/nouvelle-fonctionnalite-choisissez-quels-vehicules-apparaitront-sur-chaque-synchronisation-plateforme-de-vente\/\" class=\"default-btn-shortcode dt-btn dt-btn-l link-hover-off btn-inline-left \" id=\"default-btn-7b1a36516010a3118365904fa2baa46c\" title=\"D\u00e9mo gratuite\"><span>D\u00e9mo Gratuite<\/span><\/a>[\/vc_column][vc_column width=\u00a0\u00bb1\/2&Prime; offset=\u00a0\u00bbvc_hidden-sm vc_hidden-xs\u00a0\u00bb][vc_single_image image=\u00a0\u00bb2596&Prime; img_size=\u00a0\u00bbfull\u00a0\u00bb alignment=\u00a0\u00bbcenter\u00a0\u00bb][\/vc_column][vc_column offset=\u00a0\u00bbvc_hidden-lg vc_hidden-md\u00a0\u00bb][vc_single_image image=\u00a0\u00bb2596&Prime; img_size=\u00a0\u00bbfull\u00a0\u00bb alignment=\u00a0\u00bbcenter\u00a0\u00bb][vc_column_text]<\/p>\n<p style=\"text-align: center;\">La publication manuelle des v\u00e9hicules sur chacune des plateformes de vente est un vrai fardeau.<\/p>\n<p style=\"text-align: center;\">Personne ne veut faire cette t\u00e2che longue et ennuyante.<\/p>\n<p style=\"text-align: center;\">C\u2019est qu\u2019une perte de temps et d\u2019argent.<\/p>\n<p style=\"text-align: center;\">Heureusement, connecter ces plateformes au logiciel de gestion de concessionnaire AutoPro.io est un vrai jeu d\u2019enfant !<\/p>\n<p style=\"text-align: center;\">Avec AutoPro, vous pouvez maintenant synchroniser automatiquement votre inventaire aux plateformes de vente externes de votre choix.<\/p>\n<p>[\/vc_column_text]<style type=\"text\/css\" data-type=\"the7_shortcodes-inline-css\">#default-btn-5450f3742eb857f96f4348852476f1d8.ico-right-side > i {\n  margin-right: 0px;\n  margin-left: 8px;\n}\n#default-btn-5450f3742eb857f96f4348852476f1d8 > i {\n  margin-right: 8px;\n}<\/style><div class=\"btn-align-center\"><a href=\"https:\/\/autopro.io\/fr\/demo-gratuite\/\" class=\"default-btn-shortcode dt-btn dt-btn-l link-hover-off \" id=\"default-btn-5450f3742eb857f96f4348852476f1d8\" title=\"D\u00e9mo Gratuite\"><span>D\u00e9mo Gratuite<\/span><\/a><\/div>[\/vc_column][\/vc_row][vc_row][vc_column][vc_separator el_width=\u00a0\u00bb70&Prime; css=\u00a0\u00bb.vc_custom_1646793178871{margin-top: 45px !important;margin-bottom: 45px !important;}\u00a0\u00bb][\/vc_column][\/vc_row][vc_row gap=\u00a0\u00bb35&Prime; equal_height=\u00a0\u00bbyes\u00a0\u00bb content_placement=\u00a0\u00bbmiddle\u00a0\u00bb][vc_column width=\u00a0\u00bb1\/2&Prime; offset=\u00a0\u00bbvc_hidden-sm vc_hidden-xs\u00a0\u00bb][vc_single_image image=\u00a0\u00bb4351&Prime; img_size=\u00a0\u00bbfull\u00a0\u00bb alignment=\u00a0\u00bbcenter\u00a0\u00bb][\/vc_column][vc_column width=\u00a0\u00bb1\/2&Prime; offset=\u00a0\u00bbvc_hidden-sm vc_hidden-xs\u00a0\u00bb][vc_column_text]Lors d\u2019une modification directement sur votre DMS, GEM-FNI publie et met \u00e0 jour automatiquement vos v\u00e9hicules disponibles sur vos plateformes de vente automobile.<\/p>\n<p>Les changements de descriptions, de prix et de caract\u00e9ristiques du v\u00e9hicule sont synchronis\u00e9s automatiquement sur vos plateformes connect\u00e9es, vous sauvant encore plus de temps et d\u2019argent.[\/vc_column_text]<style type=\"text\/css\" data-type=\"the7_shortcodes-inline-css\">#default-btn-242149dc0eb5c1c0ba12d28ef9b747e8.ico-right-side > i {\n  margin-right: 0px;\n  margin-left: 8px;\n}\n#default-btn-242149dc0eb5c1c0ba12d28ef9b747e8 > i {\n  margin-right: 8px;\n}<\/style><a href=\"https:\/\/autopro.io\/fr\/inscrivez-vous-maintenant\/\" class=\"default-btn-shortcode dt-btn dt-btn-l link-hover-off btn-inline-left \" id=\"default-btn-242149dc0eb5c1c0ba12d28ef9b747e8\" title=\"Inscrivez-vous\"><span>Devenez Membre<\/span><\/a>[\/vc_column][vc_column offset=\u00a0\u00bbvc_hidden-lg vc_hidden-md\u00a0\u00bb][vc_single_image image=\u00a0\u00bb2600&Prime; img_size=\u00a0\u00bbfull\u00a0\u00bb alignment=\u00a0\u00bbcenter\u00a0\u00bb][vc_column_text]<\/p>\n<p style=\"text-align: center;\">Lors d\u2019une modification directement sur votre DMS, AutoPro.io publie et met \u00e0 jour automatiquement vos v\u00e9hicules disponibles sur vos plateformes de vente automobile.<\/p>\n<p style=\"text-align: center;\">Les changements de descriptions, de prix et de caract\u00e9ristiques du v\u00e9hicule sont synchronis\u00e9s automatiquement sur vos plateformes connect\u00e9es, vous sauvant encore plus de temps et d\u2019argent.<\/p>\n<p>[\/vc_column_text]<style type=\"text\/css\" data-type=\"the7_shortcodes-inline-css\">#default-btn-939126f43a9ea78091bcca51b395c7ee.ico-right-side > i {\n  margin-right: 0px;\n  margin-left: 8px;\n}\n#default-btn-939126f43a9ea78091bcca51b395c7ee > i {\n  margin-right: 8px;\n}<\/style><div class=\"btn-align-center\"><a href=\"https:\/\/autopro.io\/fr\/inscrivez-vous-maintenant\/\" class=\"default-btn-shortcode dt-btn dt-btn-s link-hover-off \" id=\"default-btn-939126f43a9ea78091bcca51b395c7ee\"><span>Devenez Membre<\/span><\/a><\/div>[\/vc_column][\/vc_row][vc_row][vc_column][vc_separator el_width=\u00a0\u00bb70&Prime; css=\u00a0\u00bb.vc_custom_1646793178871{margin-top: 45px !important;margin-bottom: 45px !important;}\u00a0\u00bb][\/vc_column][\/vc_row][vc_row gap=\u00a0\u00bb35&Prime; equal_height=\u00a0\u00bbyes\u00a0\u00bb content_placement=\u00a0\u00bbmiddle\u00a0\u00bb][vc_column][vc_column_text]<\/p>\n<h2 style=\"text-align: center;\">Voici quelques-unes des plateformes sur lesquelles vous pouvez actuellement publier\/synchroniser vos donn\u00e9es directement depuis votre logiciel de gestion de concession GEM-FNI<\/h2>\n<p>[\/vc_column_text][\/vc_column][vc_column width=\u00a0\u00bb1\/4&Prime;][vc_single_image image=\u00a0\u00bb2575&Prime; img_size=\u00a0\u00bblarge\u00a0\u00bb onclick=\u00a0\u00bbcustom_link\u00a0\u00bb img_link_target=\u00a0\u00bb_blank\u00a0\u00bb link=\u00a0\u00bbhttps:\/\/kijiji.ca\u00a0\u00bb][\/vc_column][vc_column width=\u00a0\u00bb1\/4&Prime;][vc_single_image image=\u00a0\u00bb2569&Prime; img_size=\u00a0\u00bblarge\u00a0\u00bb onclick=\u00a0\u00bbcustom_link\u00a0\u00bb img_link_target=\u00a0\u00bb_blank\u00a0\u00bb link=\u00a0\u00bbhttps:\/\/autotrader.ca\u00a0\u00bb][\/vc_column][vc_column width=\u00a0\u00bb1\/4&Prime;][vc_single_image image=\u00a0\u00bb2572&Prime; img_size=\u00a0\u00bblarge\u00a0\u00bb onclick=\u00a0\u00bbcustom_link\u00a0\u00bb img_link_target=\u00a0\u00bb_blank\u00a0\u00bb link=\u00a0\u00bbhttps:\/\/www.cargurus.com\/\u00a0\u00bb][\/vc_column][vc_column width=\u00a0\u00bb1\/4&Prime;][vc_single_image image=\u00a0\u00bb2566&Prime; img_size=\u00a0\u00bblarge\u00a0\u00bb onclick=\u00a0\u00bbcustom_link\u00a0\u00bb img_link_target=\u00a0\u00bb_blank\u00a0\u00bb link=\u00a0\u00bbhttps:\/\/www.auto123.com\/\u00a0\u00bb][\/vc_column][vc_column][vc_column_text]<\/p>\n<h3 style=\"text-align: center;\">Votre plateforme pr\u00e9f\u00e9r\u00e9e n&rsquo;est pas dans la liste ? <a href=\"https:\/\/autopro.io\/fr\/nous-joindre\/\">Faites-le nous savoir<\/a> et nous le ferons construire et ajouter \u00e0 la liste !<\/h3>\n<p style=\"text-align: center;\"><strong>\u00c0 noter:<\/strong> Certaines de ces plateformes peuvent n\u00e9cessiter un abonnement ou avoir des frais suppl\u00e9mentaires, qui sont hors de notre responsabilit\u00e9. Veuillez v\u00e9rifier aupr\u00e8s de vos plates-formes de choix pour tout frais suppl\u00e9mentaire.<\/p>\n<p>[\/vc_column_text][\/vc_column][\/vc_row][vc_row][vc_column][vc_separator el_width=\u00a0\u00bb70&Prime; css=\u00a0\u00bb.vc_custom_1646793178871{margin-top: 45px !important;margin-bottom: 45px !important;}\u00a0\u00bb][\/vc_column][\/vc_row][vc_row css=\u00a0\u00bb.vc_custom_1611559536074{margin-top: 50px !important;}\u00a0\u00bb][vc_column][vc_column_text]<\/p>\n<h2 style=\"text-align: center;\">Toutes ces fonctionnalit\u00e9s \u00e9tonnantes et bien plus encore pour un seul <a href=\"https:\/\/autopro.io\/fr\/tarification\/\">bas prix mensuel<\/a>.<\/h2>\n<h3 style=\"text-align: center;\">Nous sommes tellement s\u00fbrs que vous aimerez aussi GEM-FNI que vous pouvez annuler \u00e0 tout moment.<\/h3>\n<h2 style=\"text-align: center;\">Qu\u2019avez-vous \u00e0 perdre?<\/h2>\n<p>[\/vc_column_text][vc_row_inner equal_height=\u00a0\u00bbyes\u00a0\u00bb content_placement=\u00a0\u00bbmiddle\u00a0\u00bb gap=\u00a0\u00bb30&Prime;][vc_column_inner width=\u00a0\u00bb1\/3&Prime;]<style type=\"text\/css\" data-type=\"the7_shortcodes-inline-css\">#default-btn-f1292bedcec117196c65821b4c06367b.ico-right-side > i {\n  margin-right: 0px;\n  margin-left: 8px;\n}\n#default-btn-f1292bedcec117196c65821b4c06367b > i {\n  margin-right: 8px;\n}<\/style><div class=\"btn-align-center\"><a href=\"https:\/\/autopro.io\/fr\/inscrivez-vous-maintenant\/\" class=\"default-btn-shortcode dt-btn dt-btn-l zoomInLeft animate-element animation-builder link-hover-off \" id=\"default-btn-f1292bedcec117196c65821b4c06367b\" title=\"Inscrivez vous\"><span>Inscrivez-vous<\/span><\/a><\/div>[\/vc_column_inner][vc_column_inner width=\u00a0\u00bb1\/3&Prime;][vc_single_image image=\u00a0\u00bb1294&Prime; img_size=\u00a0\u00bb330&#215;222&Prime; alignment=\u00a0\u00bbcenter\u00a0\u00bb image_hovers=\u00a0\u00bbfalse\u00a0\u00bb][\/vc_column_inner][vc_column_inner width=\u00a0\u00bb1\/3&Prime;]<style type=\"text\/css\" data-type=\"the7_shortcodes-inline-css\">#default-btn-324ac7c248dc296976c96e673fa2459c.ico-right-side > i {\n  margin-right: 0px;\n  margin-left: 8px;\n}\n#default-btn-324ac7c248dc296976c96e673fa2459c > i {\n  margin-right: 8px;\n}<\/style><div class=\"btn-align-center\"><a href=\"https:\/\/autopro.io\/fr\/demo-gratuite\/\" class=\"default-btn-shortcode dt-btn dt-btn-l zoomInLeft animate-element animation-builder link-hover-off \" id=\"default-btn-324ac7c248dc296976c96e673fa2459c\" title=\"D\u00e9mo Gratuite\"><span>D\u00e9mo Gratuite<\/span><\/a><\/div>[\/vc_column_inner][\/vc_row_inner][\/vc_column][\/vc_row]<\/p>\n<\/div>","protected":false},"excerpt":{"rendered":"<p>[vc_row][vc_column width=\u00a0\u00bb1\/12&Prime;][\/vc_column][vc_column width=\u00a0\u00bb10\/12&Prime;][vc_column_text] Synchronisez l\u2019inventaire de votre concessionnaire automobile avec vos plateformes de vente externes [\/vc_column_text][\/vc_column][vc_column width=\u00a0\u00bb1\/12&Prime;][\/vc_column][\/vc_row][vc_row gap=\u00a0\u00bb35&Prime; equal_height=\u00a0\u00bbyes\u00a0\u00bb content_placement=\u00a0\u00bbmiddle\u00a0\u00bb][vc_column width=\u00a0\u00bb1\/2&Prime; offset=\u00a0\u00bbvc_hidden-sm vc_hidden-xs\u00a0\u00bb][vc_column_text]La publication manuelle des v\u00e9hicules sur chacune des plateformes de vente est un vrai fardeau. Personne ne veut faire cette t\u00e2che longue et ennuyante. C\u2019est qu\u2019une perte de temps et d\u2019argent. Heureusement, connecter&hellip;<\/p>\n","protected":false},"author":1,"featured_media":0,"parent":395,"menu_order":0,"comment_status":"closed","ping_status":"closed","template":"","meta":{"_monsterinsights_skip_tracking":false,"_monsterinsights_sitenote_active":false,"_monsterinsights_sitenote_note":"","_monsterinsights_sitenote_category":0,"footnotes":""},"class_list":["post-2515","page","type-page","status-publish","hentry","description-off"],"yoast_head":"<!-- This site is optimized with the Yoast SEO plugin v27.4 - https:\/\/yoast.com\/product\/yoast-seo-wordpress\/ -->\n<title>Synchronisation automatique de votre inventaire | AutoPro.io<\/title>\n<meta name=\"description\" content=\"Syncrhonisez automatiquement votre inventaire entre votre logiciel, votre site web et les sites de vente tel kijiji, autotrader et plus!\" \/>\n<meta name=\"robots\" content=\"index, follow, max-snippet:-1, max-image-preview:large, max-video-preview:-1\" \/>\n<link rel=\"canonical\" href=\"https:\/\/digitalweb.solutions\/autopro\/fr\/fonctionnalites\/synchronisation-automatique-inventaire-concessionnaire-automobile-avec-plateforme-vente-externes\/\" \/>\n<meta property=\"og:locale\" content=\"fr_FR\" \/>\n<meta property=\"og:type\" content=\"article\" \/>\n<meta property=\"og:title\" content=\"Synchronisation automatique de votre inventaire | AutoPro.io\" \/>\n<meta property=\"og:description\" content=\"Syncrhonisez automatiquement votre inventaire entre votre logiciel, votre site web et les sites de vente tel kijiji, autotrader et plus!\" \/>\n<meta property=\"og:url\" content=\"https:\/\/digitalweb.solutions\/autopro\/fr\/fonctionnalites\/synchronisation-automatique-inventaire-concessionnaire-automobile-avec-plateforme-vente-externes\/\" \/>\n<meta property=\"og:site_name\" content=\"GEM-FNI | All in-one DMS and CMS for car dealers!\" \/>\n<meta property=\"article:publisher\" content=\"https:\/\/www.facebook.com\/autoproio\/\" \/>\n<meta property=\"article:modified_time\" content=\"2025-02-03T15:17:07+00:00\" \/>\n<meta property=\"og:image\" content=\"https:\/\/digitalweb.solutions\/autopro\/wp-content\/uploads\/sites\/23\/2019\/12\/autopro-responsive-website-for-car-dealers-canada.png\" \/>\n\t<meta property=\"og:image:width\" content=\"1024\" \/>\n\t<meta property=\"og:image:height\" content=\"650\" \/>\n\t<meta property=\"og:image:type\" content=\"image\/png\" \/>\n<meta name=\"twitter:card\" content=\"summary_large_image\" \/>\n<meta name=\"twitter:label1\" content=\"Dur\u00e9e de lecture estim\u00e9e\" \/>\n\t<meta name=\"twitter:data1\" content=\"3 minutes\" \/>\n<script type=\"application\/ld+json\" class=\"yoast-schema-graph\">{\"@context\":\"https:\\\/\\\/schema.org\",\"@graph\":[{\"@type\":\"WebPage\",\"@id\":\"https:\\\/\\\/digitalweb.solutions\\\/autopro\\\/fr\\\/fonctionnalites\\\/synchronisation-automatique-inventaire-concessionnaire-automobile-avec-plateforme-vente-externes\\\/\",\"url\":\"https:\\\/\\\/digitalweb.solutions\\\/autopro\\\/fr\\\/fonctionnalites\\\/synchronisation-automatique-inventaire-concessionnaire-automobile-avec-plateforme-vente-externes\\\/\",\"name\":\"Synchronisation automatique de votre inventaire | AutoPro.io\",\"isPartOf\":{\"@id\":\"https:\\\/\\\/digitalweb.solutions\\\/autopro\\\/#website\"},\"datePublished\":\"2022-03-27T22:11:01+00:00\",\"dateModified\":\"2025-02-03T15:17:07+00:00\",\"description\":\"Syncrhonisez automatiquement votre inventaire entre votre logiciel, votre site web et les sites de vente tel kijiji, autotrader et plus!\",\"breadcrumb\":{\"@id\":\"https:\\\/\\\/digitalweb.solutions\\\/autopro\\\/fr\\\/fonctionnalites\\\/synchronisation-automatique-inventaire-concessionnaire-automobile-avec-plateforme-vente-externes\\\/#breadcrumb\"},\"inLanguage\":\"fr-FR\",\"potentialAction\":[{\"@type\":\"ReadAction\",\"target\":[\"https:\\\/\\\/digitalweb.solutions\\\/autopro\\\/fr\\\/fonctionnalites\\\/synchronisation-automatique-inventaire-concessionnaire-automobile-avec-plateforme-vente-externes\\\/\"]}]},{\"@type\":\"BreadcrumbList\",\"@id\":\"https:\\\/\\\/digitalweb.solutions\\\/autopro\\\/fr\\\/fonctionnalites\\\/synchronisation-automatique-inventaire-concessionnaire-automobile-avec-plateforme-vente-externes\\\/#breadcrumb\",\"itemListElement\":[{\"@type\":\"ListItem\",\"position\":1,\"name\":\"Home\",\"item\":\"https:\\\/\\\/digitalweb.solutions\\\/autopro\\\/fr\\\/\"},{\"@type\":\"ListItem\",\"position\":2,\"name\":\"Fonctionnalit\u00e9s\",\"item\":\"https:\\\/\\\/digitalweb.solutions\\\/autopro\\\/fr\\\/fonctionnalites\\\/\"},{\"@type\":\"ListItem\",\"position\":3,\"name\":\"Synchronisez l\u2019inventaire de votre concessionnaire automobile avec vos plateformes de vente externes\"}]},{\"@type\":\"WebSite\",\"@id\":\"https:\\\/\\\/digitalweb.solutions\\\/autopro\\\/#website\",\"url\":\"https:\\\/\\\/digitalweb.solutions\\\/autopro\\\/\",\"name\":\"GEM-FNI | All in-one DMS and CMS for car dealers!\",\"description\":\"Industry leading car dealership management software\",\"publisher\":{\"@id\":\"https:\\\/\\\/digitalweb.solutions\\\/autopro\\\/#organization\"},\"potentialAction\":[{\"@type\":\"SearchAction\",\"target\":{\"@type\":\"EntryPoint\",\"urlTemplate\":\"https:\\\/\\\/digitalweb.solutions\\\/autopro\\\/?s={search_term_string}\"},\"query-input\":{\"@type\":\"PropertyValueSpecification\",\"valueRequired\":true,\"valueName\":\"search_term_string\"}}],\"inLanguage\":\"fr-FR\"},{\"@type\":\"Organization\",\"@id\":\"https:\\\/\\\/digitalweb.solutions\\\/autopro\\\/#organization\",\"name\":\"AutoPro.io\",\"url\":\"https:\\\/\\\/digitalweb.solutions\\\/autopro\\\/\",\"logo\":{\"@type\":\"ImageObject\",\"inLanguage\":\"fr-FR\",\"@id\":\"https:\\\/\\\/digitalweb.solutions\\\/autopro\\\/#\\\/schema\\\/logo\\\/image\\\/\",\"url\":\"https:\\\/\\\/autopro.io\\\/wp-content\\\/uploads\\\/sites\\\/23\\\/2020\\\/01\\\/autopro-logo-large-transparent-black.png\",\"contentUrl\":\"https:\\\/\\\/autopro.io\\\/wp-content\\\/uploads\\\/sites\\\/23\\\/2020\\\/01\\\/autopro-logo-large-transparent-black.png\",\"width\":700,\"height\":108,\"caption\":\"AutoPro.io\"},\"image\":{\"@id\":\"https:\\\/\\\/digitalweb.solutions\\\/autopro\\\/#\\\/schema\\\/logo\\\/image\\\/\"},\"sameAs\":[\"https:\\\/\\\/www.facebook.com\\\/autoproio\\\/\",\"https:\\\/\\\/www.youtube.com\\\/channel\\\/UCZsYeenB6WUKKFFM3BhC70A\"]}]}<\/script>\n<!-- \/ Yoast SEO plugin. -->","yoast_head_json":{"title":"Synchronisation automatique de votre inventaire | AutoPro.io","description":"Syncrhonisez automatiquement votre inventaire entre votre logiciel, votre site web et les sites de vente tel kijiji, autotrader et plus!","robots":{"index":"index","follow":"follow","max-snippet":"max-snippet:-1","max-image-preview":"max-image-preview:large","max-video-preview":"max-video-preview:-1"},"canonical":"https:\/\/digitalweb.solutions\/autopro\/fr\/fonctionnalites\/synchronisation-automatique-inventaire-concessionnaire-automobile-avec-plateforme-vente-externes\/","og_locale":"fr_FR","og_type":"article","og_title":"Synchronisation automatique de votre inventaire | AutoPro.io","og_description":"Syncrhonisez automatiquement votre inventaire entre votre logiciel, votre site web et les sites de vente tel kijiji, autotrader et plus!","og_url":"https:\/\/digitalweb.solutions\/autopro\/fr\/fonctionnalites\/synchronisation-automatique-inventaire-concessionnaire-automobile-avec-plateforme-vente-externes\/","og_site_name":"GEM-FNI | All in-one DMS and CMS for car dealers!","article_publisher":"https:\/\/www.facebook.com\/autoproio\/","article_modified_time":"2025-02-03T15:17:07+00:00","og_image":[{"width":1024,"height":650,"url":"https:\/\/digitalweb.solutions\/autopro\/wp-content\/uploads\/sites\/23\/2019\/12\/autopro-responsive-website-for-car-dealers-canada.png","type":"image\/png"}],"twitter_card":"summary_large_image","twitter_misc":{"Dur\u00e9e de lecture estim\u00e9e":"3 minutes"},"schema":{"@context":"https:\/\/schema.org","@graph":[{"@type":"WebPage","@id":"https:\/\/digitalweb.solutions\/autopro\/fr\/fonctionnalites\/synchronisation-automatique-inventaire-concessionnaire-automobile-avec-plateforme-vente-externes\/","url":"https:\/\/digitalweb.solutions\/autopro\/fr\/fonctionnalites\/synchronisation-automatique-inventaire-concessionnaire-automobile-avec-plateforme-vente-externes\/","name":"Synchronisation automatique de votre inventaire | AutoPro.io","isPartOf":{"@id":"https:\/\/digitalweb.solutions\/autopro\/#website"},"datePublished":"2022-03-27T22:11:01+00:00","dateModified":"2025-02-03T15:17:07+00:00","description":"Syncrhonisez automatiquement votre inventaire entre votre logiciel, votre site web et les sites de vente tel kijiji, autotrader et plus!","breadcrumb":{"@id":"https:\/\/digitalweb.solutions\/autopro\/fr\/fonctionnalites\/synchronisation-automatique-inventaire-concessionnaire-automobile-avec-plateforme-vente-externes\/#breadcrumb"},"inLanguage":"fr-FR","potentialAction":[{"@type":"ReadAction","target":["https:\/\/digitalweb.solutions\/autopro\/fr\/fonctionnalites\/synchronisation-automatique-inventaire-concessionnaire-automobile-avec-plateforme-vente-externes\/"]}]},{"@type":"BreadcrumbList","@id":"https:\/\/digitalweb.solutions\/autopro\/fr\/fonctionnalites\/synchronisation-automatique-inventaire-concessionnaire-automobile-avec-plateforme-vente-externes\/#breadcrumb","itemListElement":[{"@type":"ListItem","position":1,"name":"Home","item":"https:\/\/digitalweb.solutions\/autopro\/fr\/"},{"@type":"ListItem","position":2,"name":"Fonctionnalit\u00e9s","item":"https:\/\/digitalweb.solutions\/autopro\/fr\/fonctionnalites\/"},{"@type":"ListItem","position":3,"name":"Synchronisez l\u2019inventaire de votre concessionnaire automobile avec vos plateformes de vente externes"}]},{"@type":"WebSite","@id":"https:\/\/digitalweb.solutions\/autopro\/#website","url":"https:\/\/digitalweb.solutions\/autopro\/","name":"GEM-FNI | All in-one DMS and CMS for car dealers!","description":"Industry leading car dealership management software","publisher":{"@id":"https:\/\/digitalweb.solutions\/autopro\/#organization"},"potentialAction":[{"@type":"SearchAction","target":{"@type":"EntryPoint","urlTemplate":"https:\/\/digitalweb.solutions\/autopro\/?s={search_term_string}"},"query-input":{"@type":"PropertyValueSpecification","valueRequired":true,"valueName":"search_term_string"}}],"inLanguage":"fr-FR"},{"@type":"Organization","@id":"https:\/\/digitalweb.solutions\/autopro\/#organization","name":"AutoPro.io","url":"https:\/\/digitalweb.solutions\/autopro\/","logo":{"@type":"ImageObject","inLanguage":"fr-FR","@id":"https:\/\/digitalweb.solutions\/autopro\/#\/schema\/logo\/image\/","url":"https:\/\/autopro.io\/wp-content\/uploads\/sites\/23\/2020\/01\/autopro-logo-large-transparent-black.png","contentUrl":"https:\/\/autopro.io\/wp-content\/uploads\/sites\/23\/2020\/01\/autopro-logo-large-transparent-black.png","width":700,"height":108,"caption":"AutoPro.io"},"image":{"@id":"https:\/\/digitalweb.solutions\/autopro\/#\/schema\/logo\/image\/"},"sameAs":["https:\/\/www.facebook.com\/autoproio\/","https:\/\/www.youtube.com\/channel\/UCZsYeenB6WUKKFFM3BhC70A"]}]}},"_links":{"self":[{"href":"https:\/\/digitalweb.solutions\/autopro\/fr\/wp-json\/wp\/v2\/pages\/2515","targetHints":{"allow":["GET"]}}],"collection":[{"href":"https:\/\/digitalweb.solutions\/autopro\/fr\/wp-json\/wp\/v2\/pages"}],"about":[{"href":"https:\/\/digitalweb.solutions\/autopro\/fr\/wp-json\/wp\/v2\/types\/page"}],"author":[{"embeddable":true,"href":"https:\/\/digitalweb.solutions\/autopro\/fr\/wp-json\/wp\/v2\/users\/1"}],"replies":[{"embeddable":true,"href":"https:\/\/digitalweb.solutions\/autopro\/fr\/wp-json\/wp\/v2\/comments?post=2515"}],"version-history":[{"count":13,"href":"https:\/\/digitalweb.solutions\/autopro\/fr\/wp-json\/wp\/v2\/pages\/2515\/revisions"}],"predecessor-version":[{"id":4368,"href":"https:\/\/digitalweb.solutions\/autopro\/fr\/wp-json\/wp\/v2\/pages\/2515\/revisions\/4368"}],"up":[{"embeddable":true,"href":"https:\/\/digitalweb.solutions\/autopro\/fr\/wp-json\/wp\/v2\/pages\/395"}],"wp:attachment":[{"href":"https:\/\/digitalweb.solutions\/autopro\/fr\/wp-json\/wp\/v2\/media?parent=2515"}],"curies":[{"name":"wp","href":"https:\/\/api.w.org\/{rel}","templated":true}]}}