{"id":376,"date":"2023-09-28T11:55:03","date_gmt":"2023-09-28T15:55:03","guid":{"rendered":"https:\/\/istpure.com\/?page_id=376"},"modified":"2023-09-28T11:55:03","modified_gmt":"2023-09-28T15:55:03","slug":"produits","status":"publish","type":"page","link":"https:\/\/digitalweb.solutions\/istpure\/fr\/produits\/","title":{"rendered":"Produits"},"content":{"rendered":"<div class=\"wpb-content-wrapper\"><p>[vc_row full_width=\u00a0\u00bbstretch_row\u00a0\u00bb][vc_column css_animation=\u00a0\u00bbfadeInUp\u00a0\u00bb width=\u00a0\u00bb1\/12&Prime; offset=\u00a0\u00bbvc_col-lg-offset-2 vc_col-lg-8 vc_col-md-offset-1 vc_col-md-10 vc_col-xs-12&Prime;]<div id=\"ultimate-heading-741969d7615d219c5\" class=\"uvc-heading ult-adjust-bottom-margin ultimate-heading-741969d7615d219c5 uvc-9765  uvc-heading-default-font-sizes\" data-hspacer=\"line_with_icon\" data-hline_width=\"250\" data-hicon_type=\"custom\" data-hborder_style=\"solid\" data-hborder_height=\"3\" data-hborder_color=\"#92cc7f\" data-icon_width=\"25\" data-hfixer=\"10\"  data-halign=\"center\" style=\"text-align:center\"><div class=\"uvc-main-heading ult-responsive\"  data-ultimate-target='.uvc-heading.ultimate-heading-741969d7615d219c5 h2'  data-responsive-json-new='{\"font-size\":\"\",\"line-height\":\"\"}' ><h2 style=\"--font-weight:theme;margin-bottom:10px;\">45 ans d'expertise en mati\u00e8re de fabrication, assortis d'une garantie fabricant de premier plan<\/h2><\/div><div class=\"uvc-heading-spacer line_with_icon\" style=\"margin-bottom:30px;\"><div class=\"ult-just-icon-wrapper  \"><div class=\"align-icon\" style=\"text-align:center;\">\n<div class=\"aio-icon-img \" style=\"font-size:25px;display:inline-block;\" >\n\t<img decoding=\"async\" class=\"img-icon\" alt=\"null\" src=\"https:\/\/digitalweb.solutions\/istpure\/wp-content\/uploads\/sites\/86\/2023\/10\/leaf-icon.png\"\/>\n<\/div><\/div><\/div><\/div><\/div>[vc_column_text]<\/p>\n<p style=\"text-align: center\">Tous nos \u00e9quipements sont con\u00e7us et fabriqu\u00e9s dans le respect des normes de s\u00e9curit\u00e9 et de fabrication les plus strictes, et sont couverts par une des meilleurs garantie du fabricant sur le march\u00e9.<\/p>\n<p>[\/vc_column_text][\/vc_column][\/vc_row][vc_row full_width=\u00a0\u00bbstretch_row\u00a0\u00bb css=\u00a0\u00bb.vc_custom_1697124141364{padding-top: 35px !important;padding-bottom: 35px !important;}\u00a0\u00bb][vc_column css_animation=\u00a0\u00bbfadeInUp\u00a0\u00bb][vc_separator el_width=\u00a0\u00bb70&Prime;][\/vc_column][\/vc_row][vc_row gap=\u00a0\u00bb35&Prime; equal_height=\u00a0\u00bbyes\u00a0\u00bb content_placement=\u00a0\u00bbmiddle\u00a0\u00bb][vc_column css_animation=\u00a0\u00bbfadeInLeft\u00a0\u00bb width=\u00a0\u00bb5\/12&Prime; offset=\u00a0\u00bbvc_hidden-sm vc_hidden-xs\u00a0\u00bb][vc_single_image image=\u00a0\u00bb122&Prime; img_size=\u00a0\u00bblarge\u00a0\u00bb alignment=\u00a0\u00bbcenter\u00a0\u00bb][\/vc_column][vc_column css_animation=\u00a0\u00bbfadeInRight\u00a0\u00bb width=\u00a0\u00bb7\/12&Prime; offset=\u00a0\u00bbvc_hidden-sm vc_hidden-xs\u00a0\u00bb][vc_column_text]<\/p>\n<h2 style=\"text-align: left\">Recycleurs de solvants<\/h2>\n<p>[\/vc_column_text][vc_column_text]Nos recycleurs de solvants, \u00e0 la pointe de l&rsquo;industrie, vous permettent de r\u00e9utiliser et de recycler les solvants sur site, r\u00e9duisant ainsi consid\u00e9rablement vos co\u00fbts d&rsquo;achat et d&rsquo;\u00e9limination des solvants. Nos recycleurs de solvants constituent une excellente d\u00e9cision financi\u00e8re, avec des p\u00e9riodes de retour sur investissement de seulement 4 \u00e0 7 mois, et sont couverts par la garantie du fabricant la plus importante de l&rsquo;industrie.[\/vc_column_text][vc_btn title=\u00a0\u00bbEn savoir plus\u00a0\u00bb style=\u00a0\u00bbflat\u00a0\u00bb shape=\u00a0\u00bbsquare\u00a0\u00bb color=\u00a0\u00bbjuicy-pink\u00a0\u00bb link=\u00a0\u00bburl:https%3A%2F%2Fistpure.com%2Ffr%2Fproduits%2Frecycleurs-de-solvant%2F|title:Ultrasonic%20Cleaners\u00a0\u00bb][\/vc_column][vc_column css_animation=\u00a0\u00bbfadeInRight\u00a0\u00bb offset=\u00a0\u00bbvc_hidden-lg vc_hidden-md\u00a0\u00bb][vc_single_image image=\u00a0\u00bb122&Prime; img_size=\u00a0\u00bblarge\u00a0\u00bb alignment=\u00a0\u00bbcenter\u00a0\u00bb][vc_column_text]<\/p>\n<h2 style=\"text-align: center\">Recycleurs de solvants<\/h2>\n<p>[\/vc_column_text][vc_column_text]<\/p>\n<p style=\"text-align: center\">Nos recycleurs de solvants, \u00e0 la pointe de l&rsquo;industrie, vous permettent de r\u00e9utiliser et de recycler les solvants sur site, r\u00e9duisant ainsi consid\u00e9rablement vos co\u00fbts d&rsquo;achat et d&rsquo;\u00e9limination des solvants. Nos recycleurs de solvants constituent une excellente d\u00e9cision financi\u00e8re, avec des p\u00e9riodes de retour sur investissement de seulement 4 \u00e0 7 mois, et sont couverts par la garantie du fabricant la plus importante de l&rsquo;industrie.<\/p>\n<p>[\/vc_column_text][vc_btn title=\u00a0\u00bbEn savoir plus\u00a0\u00bb style=\u00a0\u00bbflat\u00a0\u00bb shape=\u00a0\u00bbsquare\u00a0\u00bb color=\u00a0\u00bbjuicy-pink\u00a0\u00bb align=\u00a0\u00bbcenter\u00a0\u00bb link=\u00a0\u00bburl:https%3A%2F%2Fistpure.com%2Ffr%2Fproduits%2Frecycleurs-de-solvant%2F|title:Ultrasonic%20Cleaners\u00a0\u00bb][\/vc_column][\/vc_row][vc_row full_width=\u00a0\u00bbstretch_row\u00a0\u00bb css=\u00a0\u00bb.vc_custom_1697124141364{padding-top: 35px !important;padding-bottom: 35px !important;}\u00a0\u00bb][vc_column css_animation=\u00a0\u00bbfadeInUp\u00a0\u00bb][vc_separator el_width=\u00a0\u00bb70&Prime;][\/vc_column][\/vc_row][vc_row gap=\u00a0\u00bb35&Prime; equal_height=\u00a0\u00bbyes\u00a0\u00bb content_placement=\u00a0\u00bbmiddle\u00a0\u00bb][vc_column css_animation=\u00a0\u00bbfadeInLeft\u00a0\u00bb width=\u00a0\u00bb7\/12&Prime; offset=\u00a0\u00bbvc_hidden-sm vc_hidden-xs\u00a0\u00bb][vc_column_text]<\/p>\n<h2 style=\"text-align: left\">Laveuses industrielles<\/h2>\n<p>[\/vc_column_text][vc_column_text]<\/p>\n<p style=\"text-align: left\">Notre gamme de laveurs de pi\u00e8ces comprend des stations de lavage manuel, des laveurs de pi\u00e8ces automatis\u00e9s et des nettoyeurs \u00e0 ultrasons. Nos laveurs sont construits pour r\u00e9pondre aux normes industrielles les plus strictes et b\u00e9n\u00e9ficient d&rsquo;une garantie fabricant de premier plan.<\/p>\n<p>[\/vc_column_text][vc_btn title=\u00a0\u00bbEn savoir plus\u00a0\u00bb style=\u00a0\u00bbflat\u00a0\u00bb shape=\u00a0\u00bbsquare\u00a0\u00bb color=\u00a0\u00bbjuicy-pink\u00a0\u00bb link=\u00a0\u00bburl:https%3A%2F%2Fistpure.com%2Ffr%2Fproduits%2Flaveuses-industrielles%2F|title:Industrial%20Washers\u00a0\u00bb][\/vc_column][vc_column css_animation=\u00a0\u00bbfadeInRight\u00a0\u00bb width=\u00a0\u00bb5\/12&Prime; offset=\u00a0\u00bbvc_hidden-sm vc_hidden-xs\u00a0\u00bb][vc_single_image image=\u00a0\u00bb206&Prime; img_size=\u00a0\u00bblarge\u00a0\u00bb alignment=\u00a0\u00bbcenter\u00a0\u00bb][\/vc_column][vc_column css_animation=\u00a0\u00bbfadeInLeft\u00a0\u00bb offset=\u00a0\u00bbvc_hidden-lg vc_hidden-md\u00a0\u00bb][vc_single_image image=\u00a0\u00bb206&Prime; img_size=\u00a0\u00bblarge\u00a0\u00bb alignment=\u00a0\u00bbcenter\u00a0\u00bb][vc_column_text]<\/p>\n<h2 style=\"text-align: center\">Laveuses industrielles<\/h2>\n<p>[\/vc_column_text][vc_column_text]<\/p>\n<p style=\"text-align: center\">Notre gamme de laveurs de pi\u00e8ces comprend des stations de lavage manuel, des laveurs de pi\u00e8ces automatis\u00e9s et des nettoyeurs \u00e0 ultrasons. Nos laveurs sont construits pour r\u00e9pondre aux normes industrielles les plus strictes et b\u00e9n\u00e9ficient d&rsquo;une garantie fabricant de premier plan.<\/p>\n<p>[\/vc_column_text][vc_btn title=\u00a0\u00bbEn savoir plus\u00a0\u00bb style=\u00a0\u00bbflat\u00a0\u00bb shape=\u00a0\u00bbsquare\u00a0\u00bb color=\u00a0\u00bbjuicy-pink\u00a0\u00bb align=\u00a0\u00bbcenter\u00a0\u00bb link=\u00a0\u00bburl:https%3A%2F%2Fistpure.com%2Ffr%2Fproduits%2Flaveuses-industrielles%2F|title:Industrial%20Washers\u00a0\u00bb][\/vc_column][\/vc_row]<\/p>\n<\/div>","protected":false},"excerpt":{"rendered":"<p>[vc_row full_width=\u00a0\u00bbstretch_row\u00a0\u00bb][vc_column css_animation=\u00a0\u00bbfadeInUp\u00a0\u00bb width=\u00a0\u00bb1\/12&Prime; offset=\u00a0\u00bbvc_col-lg-offset-2 vc_col-lg-8 vc_col-md-offset-1 vc_col-md-10 vc_col-xs-12&Prime;][vc_column_text] Tous nos \u00e9quipements sont con\u00e7us et fabriqu\u00e9s dans le respect des normes de s\u00e9curit\u00e9 et de fabrication les plus strictes, et sont couverts par une des meilleurs garantie du fabricant sur le march\u00e9. [\/vc_column_text][\/vc_column][\/vc_row][vc_row full_width=\u00a0\u00bbstretch_row\u00a0\u00bb css=\u00a0\u00bb.vc_custom_1697124141364{padding-top: 35px !important;padding-bottom: 35px !important;}\u00a0\u00bb][vc_column css_animation=\u00a0\u00bbfadeInUp\u00a0\u00bb][vc_separator el_width=\u00a0\u00bb70&Prime;][\/vc_column][\/vc_row][vc_row gap=\u00a0\u00bb35&Prime; equal_height=\u00a0\u00bbyes\u00a0\u00bb content_placement=\u00a0\u00bbmiddle\u00a0\u00bb][vc_column css_animation=\u00a0\u00bbfadeInLeft\u00a0\u00bb&hellip;<\/p>\n","protected":false},"author":1,"featured_media":0,"parent":0,"menu_order":0,"comment_status":"closed","ping_status":"closed","template":"","meta":{"footnotes":""},"class_list":["post-376","page","type-page","status-publish","hentry","description-off"],"yoast_head":"<!-- This site is optimized with the Yoast SEO plugin v27.3 - https:\/\/yoast.com\/product\/yoast-seo-wordpress\/ -->\n<title>Produits - IST Pure<\/title>\n<meta name=\"robots\" content=\"index, follow, max-snippet:-1, max-image-preview:large, max-video-preview:-1\" \/>\n<link rel=\"canonical\" href=\"https:\/\/digitalweb.solutions\/istpure\/fr\/produits\/\" \/>\n<meta property=\"og:locale\" content=\"fr_FR\" \/>\n<meta property=\"og:type\" content=\"article\" \/>\n<meta property=\"og:title\" content=\"Produits - IST Pure\" \/>\n<meta property=\"og:description\" content=\"[vc_row full_width=\u00a0\u00bbstretch_row\u00a0\u00bb][vc_column css_animation=\u00a0\u00bbfadeInUp\u00a0\u00bb width=\u00a0\u00bb1\/12&Prime; offset=\u00a0\u00bbvc_col-lg-offset-2 vc_col-lg-8 vc_col-md-offset-1 vc_col-md-10 vc_col-xs-12&Prime;][vc_column_text] Tous nos \u00e9quipements sont con\u00e7us et fabriqu\u00e9s dans le respect des normes de s\u00e9curit\u00e9 et de fabrication les plus strictes, et sont couverts par une des meilleurs garantie du fabricant sur le march\u00e9. [\/vc_column_text][\/vc_column][\/vc_row][vc_row full_width=\u00a0\u00bbstretch_row\u00a0\u00bb css=\u00a0\u00bb.vc_custom_1697124141364{padding-top: 35px !important;padding-bottom: 35px !important;}\u00a0\u00bb][vc_column css_animation=\u00a0\u00bbfadeInUp\u00a0\u00bb][vc_separator el_width=\u00a0\u00bb70&Prime;][\/vc_column][\/vc_row][vc_row gap=\u00a0\u00bb35&Prime; equal_height=\u00a0\u00bbyes\u00a0\u00bb content_placement=\u00a0\u00bbmiddle\u00a0\u00bb][vc_column css_animation=\u00a0\u00bbfadeInLeft\u00a0\u00bb&hellip;\" \/>\n<meta property=\"og:url\" content=\"https:\/\/digitalweb.solutions\/istpure\/fr\/produits\/\" \/>\n<meta property=\"og:site_name\" content=\"IST Pure\" \/>\n<meta name=\"twitter:card\" content=\"summary_large_image\" \/>\n<meta name=\"twitter:label1\" content=\"Dur\u00e9e de lecture estim\u00e9e\" \/>\n\t<meta name=\"twitter:data1\" content=\"2 minutes\" \/>\n<script type=\"application\/ld+json\" class=\"yoast-schema-graph\">{\"@context\":\"https:\\\/\\\/schema.org\",\"@graph\":[{\"@type\":\"WebPage\",\"@id\":\"https:\\\/\\\/digitalweb.solutions\\\/istpure\\\/fr\\\/produits\\\/\",\"url\":\"https:\\\/\\\/digitalweb.solutions\\\/istpure\\\/fr\\\/produits\\\/\",\"name\":\"Produits - IST Pure\",\"isPartOf\":{\"@id\":\"https:\\\/\\\/digitalweb.solutions\\\/istpure\\\/#website\"},\"datePublished\":\"2023-09-28T15:55:03+00:00\",\"breadcrumb\":{\"@id\":\"https:\\\/\\\/digitalweb.solutions\\\/istpure\\\/fr\\\/produits\\\/#breadcrumb\"},\"inLanguage\":\"fr-FR\",\"potentialAction\":[{\"@type\":\"ReadAction\",\"target\":[\"https:\\\/\\\/digitalweb.solutions\\\/istpure\\\/fr\\\/produits\\\/\"]}]},{\"@type\":\"BreadcrumbList\",\"@id\":\"https:\\\/\\\/digitalweb.solutions\\\/istpure\\\/fr\\\/produits\\\/#breadcrumb\",\"itemListElement\":[{\"@type\":\"ListItem\",\"position\":1,\"name\":\"Home\",\"item\":\"https:\\\/\\\/digitalweb.solutions\\\/istpure\\\/\"},{\"@type\":\"ListItem\",\"position\":2,\"name\":\"Produits\"}]},{\"@type\":\"WebSite\",\"@id\":\"https:\\\/\\\/digitalweb.solutions\\\/istpure\\\/#website\",\"url\":\"https:\\\/\\\/digitalweb.solutions\\\/istpure\\\/\",\"name\":\"IST Pure\",\"description\":\"\",\"potentialAction\":[{\"@type\":\"SearchAction\",\"target\":{\"@type\":\"EntryPoint\",\"urlTemplate\":\"https:\\\/\\\/digitalweb.solutions\\\/istpure\\\/?s={search_term_string}\"},\"query-input\":{\"@type\":\"PropertyValueSpecification\",\"valueRequired\":true,\"valueName\":\"search_term_string\"}}],\"inLanguage\":\"fr-FR\"}]}<\/script>\n<!-- \/ Yoast SEO plugin. -->","yoast_head_json":{"title":"Produits - IST Pure","robots":{"index":"index","follow":"follow","max-snippet":"max-snippet:-1","max-image-preview":"max-image-preview:large","max-video-preview":"max-video-preview:-1"},"canonical":"https:\/\/digitalweb.solutions\/istpure\/fr\/produits\/","og_locale":"fr_FR","og_type":"article","og_title":"Produits - IST Pure","og_description":"[vc_row full_width=\u00a0\u00bbstretch_row\u00a0\u00bb][vc_column css_animation=\u00a0\u00bbfadeInUp\u00a0\u00bb width=\u00a0\u00bb1\/12&Prime; offset=\u00a0\u00bbvc_col-lg-offset-2 vc_col-lg-8 vc_col-md-offset-1 vc_col-md-10 vc_col-xs-12&Prime;][vc_column_text] Tous nos \u00e9quipements sont con\u00e7us et fabriqu\u00e9s dans le respect des normes de s\u00e9curit\u00e9 et de fabrication les plus strictes, et sont couverts par une des meilleurs garantie du fabricant sur le march\u00e9. [\/vc_column_text][\/vc_column][\/vc_row][vc_row full_width=\u00a0\u00bbstretch_row\u00a0\u00bb css=\u00a0\u00bb.vc_custom_1697124141364{padding-top: 35px !important;padding-bottom: 35px !important;}\u00a0\u00bb][vc_column css_animation=\u00a0\u00bbfadeInUp\u00a0\u00bb][vc_separator el_width=\u00a0\u00bb70&Prime;][\/vc_column][\/vc_row][vc_row gap=\u00a0\u00bb35&Prime; equal_height=\u00a0\u00bbyes\u00a0\u00bb content_placement=\u00a0\u00bbmiddle\u00a0\u00bb][vc_column css_animation=\u00a0\u00bbfadeInLeft\u00a0\u00bb&hellip;","og_url":"https:\/\/digitalweb.solutions\/istpure\/fr\/produits\/","og_site_name":"IST Pure","twitter_card":"summary_large_image","twitter_misc":{"Dur\u00e9e de lecture estim\u00e9e":"2 minutes"},"schema":{"@context":"https:\/\/schema.org","@graph":[{"@type":"WebPage","@id":"https:\/\/digitalweb.solutions\/istpure\/fr\/produits\/","url":"https:\/\/digitalweb.solutions\/istpure\/fr\/produits\/","name":"Produits - IST Pure","isPartOf":{"@id":"https:\/\/digitalweb.solutions\/istpure\/#website"},"datePublished":"2023-09-28T15:55:03+00:00","breadcrumb":{"@id":"https:\/\/digitalweb.solutions\/istpure\/fr\/produits\/#breadcrumb"},"inLanguage":"fr-FR","potentialAction":[{"@type":"ReadAction","target":["https:\/\/digitalweb.solutions\/istpure\/fr\/produits\/"]}]},{"@type":"BreadcrumbList","@id":"https:\/\/digitalweb.solutions\/istpure\/fr\/produits\/#breadcrumb","itemListElement":[{"@type":"ListItem","position":1,"name":"Home","item":"https:\/\/digitalweb.solutions\/istpure\/"},{"@type":"ListItem","position":2,"name":"Produits"}]},{"@type":"WebSite","@id":"https:\/\/digitalweb.solutions\/istpure\/#website","url":"https:\/\/digitalweb.solutions\/istpure\/","name":"IST Pure","description":"","potentialAction":[{"@type":"SearchAction","target":{"@type":"EntryPoint","urlTemplate":"https:\/\/digitalweb.solutions\/istpure\/?s={search_term_string}"},"query-input":{"@type":"PropertyValueSpecification","valueRequired":true,"valueName":"search_term_string"}}],"inLanguage":"fr-FR"}]}},"_links":{"self":[{"href":"https:\/\/digitalweb.solutions\/istpure\/fr\/wp-json\/wp\/v2\/pages\/376","targetHints":{"allow":["GET"]}}],"collection":[{"href":"https:\/\/digitalweb.solutions\/istpure\/fr\/wp-json\/wp\/v2\/pages"}],"about":[{"href":"https:\/\/digitalweb.solutions\/istpure\/fr\/wp-json\/wp\/v2\/types\/page"}],"author":[{"embeddable":true,"href":"https:\/\/digitalweb.solutions\/istpure\/fr\/wp-json\/wp\/v2\/users\/1"}],"replies":[{"embeddable":true,"href":"https:\/\/digitalweb.solutions\/istpure\/fr\/wp-json\/wp\/v2\/comments?post=376"}],"version-history":[{"count":0,"href":"https:\/\/digitalweb.solutions\/istpure\/fr\/wp-json\/wp\/v2\/pages\/376\/revisions"}],"wp:attachment":[{"href":"https:\/\/digitalweb.solutions\/istpure\/fr\/wp-json\/wp\/v2\/media?parent=376"}],"curies":[{"name":"wp","href":"https:\/\/api.w.org\/{rel}","templated":true}]}}