{"id":378,"date":"2023-10-06T14:23:53","date_gmt":"2023-10-06T18:23:53","guid":{"rendered":"https:\/\/istpure.com\/?page_id=378"},"modified":"2023-10-06T14:23:53","modified_gmt":"2023-10-06T18:23:53","slug":"recycleurs-de-solvant","status":"publish","type":"page","link":"https:\/\/digitalweb.solutions\/istpure\/fr\/produits\/recycleurs-de-solvant\/","title":{"rendered":"Recycleurs de solvant"},"content":{"rendered":"<div class=\"wpb-content-wrapper\"><p>[vc_row full_width=\u00a0\u00bbstretch_row\u00a0\u00bb][vc_column css_animation=\u00a0\u00bbfadeInUp\u00a0\u00bb width=\u00a0\u00bb1\/12&Prime; offset=\u00a0\u00bbvc_col-lg-offset-2 vc_col-lg-8 vc_col-md-offset-1 vc_col-md-10 vc_col-xs-12&Prime;]<div id=\"ultimate-heading-572469fd4b91a20e5\" class=\"uvc-heading ult-adjust-bottom-margin ultimate-heading-572469fd4b91a20e5 uvc-7387  uvc-heading-default-font-sizes\" data-hspacer=\"line_with_icon\" data-hline_width=\"250\" data-hicon_type=\"custom\" data-hborder_style=\"solid\" data-hborder_height=\"3\" data-hborder_color=\"#92cc7f\" data-icon_width=\"25\" data-hfixer=\"10\"  data-halign=\"center\" style=\"text-align:center\"><div class=\"uvc-main-heading ult-responsive\"  data-ultimate-target='.uvc-heading.ultimate-heading-572469fd4b91a20e5 h2'  data-responsive-json-new='{\"font-size\":\"\",\"line-height\":\"\"}' ><h2 style=\"--font-weight:theme;margin-bottom:10px;\">R\u00e9duisez vos co\u00fbts tout en contribuant au bien \u00eatre de l'environnement<\/h2><\/div><div class=\"uvc-heading-spacer line_with_icon\" style=\"margin-bottom:30px;\"><div class=\"ult-just-icon-wrapper  \"><div class=\"align-icon\" style=\"text-align:center;\">\n<div class=\"aio-icon-img \" style=\"font-size:25px;display:inline-block;\" >\n\t<img decoding=\"async\" class=\"img-icon\" alt=\"null\" src=\"https:\/\/digitalweb.solutions\/istpure\/wp-content\/uploads\/sites\/86\/2023\/10\/leaf-icon.png\"\/>\n<\/div><\/div><\/div><\/div><\/div>[vc_column_text]<\/p>\n<p style=\"text-align: center\">Nos syst\u00e8mes de recyclage de solvants sur site constituent une solution rentable pour recycler en toute s\u00e9curit\u00e9 les solvants et autres produits chimiques dangereux issus des processus commerciaux et industriels. Nos syst\u00e8mes sont faciles \u00e0 utiliser, n\u00e9cessitent peu d&rsquo;entretien et de supervision, et r\u00e9duisent consid\u00e9rablement vos co\u00fbts d&rsquo;achat de solvants et d&rsquo;\u00e9limination des d\u00e9chets dangereux.<\/p>\n<p style=\"text-align: center\">Nos recycleurs de solvants offrent une p\u00e9riode de retour sur investissement de seulement 4 \u00e0 6 mois !<\/p>\n<p>[\/vc_column_text][\/vc_column][\/vc_row][vc_row full_width=\u00a0\u00bbstretch_row\u00a0\u00bb css=\u00a0\u00bb.vc_custom_1697124141364{padding-top: 35px !important;padding-bottom: 35px !important;}\u00a0\u00bb][vc_column css_animation=\u00a0\u00bbfadeInUp\u00a0\u00bb][vc_separator el_width=\u00a0\u00bb70&Prime;][\/vc_column][\/vc_row][vc_row gap=\u00a0\u00bb35&Prime; equal_height=\u00a0\u00bbyes\u00a0\u00bb content_placement=\u00a0\u00bbmiddle\u00a0\u00bb][vc_column css_animation=\u00a0\u00bbfadeInLeft\u00a0\u00bb width=\u00a0\u00bb5\/12&Prime; offset=\u00a0\u00bbvc_hidden-sm vc_hidden-xs\u00a0\u00bb][vc_single_image image=\u00a0\u00bb122&Prime; img_size=\u00a0\u00bblarge\u00a0\u00bb alignment=\u00a0\u00bbcenter\u00a0\u00bb][\/vc_column][vc_column css_animation=\u00a0\u00bbfadeInRight\u00a0\u00bb width=\u00a0\u00bb7\/12&Prime; offset=\u00a0\u00bbvc_hidden-sm vc_hidden-xs\u00a0\u00bb][vc_column_text]<\/p>\n<h2 style=\"text-align: left\">Recycleurs de solvants par lot<\/h2>\n<p>[\/vc_column_text][vc_column_text]Nos recycleurs de solvants par lots sont parfaits pour les applications qui ne n\u00e9cessitent pas une distillation constante ou pour le recyclage de petits volumes de solvants.<\/p>\n<p>Les recycleurs de solvants par lots de la s\u00e9rie SR peuvent effectuer une distillation enti\u00e8rement automatis\u00e9e toutes les six heures et sont disponibles dans des r\u00e9servoirs de 30, 60, 120, 180 et 240 litres.[\/vc_column_text][vc_btn title=\u00a0\u00bbEn savoir plus\u00a0\u00bb style=\u00a0\u00bbflat\u00a0\u00bb shape=\u00a0\u00bbsquare\u00a0\u00bb color=\u00a0\u00bbjuicy-pink\u00a0\u00bb link=\u00a0\u00bburl:https%3A%2F%2Fistpure.com%2Ffr%2Fproduits%2Frecycleurs-de-solvant%2Frecycleurs-de-solvant-par-lot%2F|title:Recycleurs%20de%20solvant%20par%20lot\u00a0\u00bb][\/vc_column][vc_column css_animation=\u00a0\u00bbfadeInLeft\u00a0\u00bb offset=\u00a0\u00bbvc_hidden-lg vc_hidden-md\u00a0\u00bb][vc_single_image image=\u00a0\u00bb122&Prime; img_size=\u00a0\u00bblarge\u00a0\u00bb alignment=\u00a0\u00bbcenter\u00a0\u00bb][vc_column_text]<\/p>\n<h2 style=\"text-align: center\">Recycleurs de solvants par lot<\/h2>\n<p>[\/vc_column_text][vc_column_text]<\/p>\n<p style=\"text-align: center\">Nos recycleurs de solvants par lots sont parfaits pour les applications qui ne n\u00e9cessitent pas une distillation constante ou pour le recyclage de petits volumes de solvants.<\/p>\n<p style=\"text-align: center\">Les recycleurs de solvants par lots de la s\u00e9rie SR peuvent effectuer une distillation enti\u00e8rement automatis\u00e9e toutes les six heures et sont disponibles dans des r\u00e9servoirs de 30, 60, 120, 180 et 240 litres.<\/p>\n<p>[\/vc_column_text][vc_btn title=\u00a0\u00bbEn savoir plus\u00a0\u00bb style=\u00a0\u00bbflat\u00a0\u00bb shape=\u00a0\u00bbsquare\u00a0\u00bb color=\u00a0\u00bbjuicy-pink\u00a0\u00bb align=\u00a0\u00bbcenter\u00a0\u00bb link=\u00a0\u00bburl:https%3A%2F%2Fistpure.com%2Ffr%2Fproduits%2Frecycleurs-de-solvant%2Frecycleurs-de-solvant-par-lot%2F|title:Recycleurs%20de%20solvant%20par%20lot\u00a0\u00bb][\/vc_column][\/vc_row][vc_row full_width=\u00a0\u00bbstretch_row\u00a0\u00bb css=\u00a0\u00bb.vc_custom_1697124141364{padding-top: 35px !important;padding-bottom: 35px !important;}\u00a0\u00bb][vc_column css_animation=\u00a0\u00bbfadeInUp\u00a0\u00bb][vc_separator el_width=\u00a0\u00bb70&Prime;][\/vc_column][\/vc_row][vc_row gap=\u00a0\u00bb35&Prime; equal_height=\u00a0\u00bbyes\u00a0\u00bb content_placement=\u00a0\u00bbmiddle\u00a0\u00bb][vc_column css_animation=\u00a0\u00bbfadeInLeft\u00a0\u00bb width=\u00a0\u00bb7\/12&Prime; offset=\u00a0\u00bbvc_hidden-sm vc_hidden-xs\u00a0\u00bb][vc_column_text]<\/p>\n<h2 style=\"text-align: left\">Recycleurs de solvants en flux continu<\/h2>\n<p>[\/vc_column_text][vc_column_text]Les recycleurs de solvants \u00e0 flux continu sont id\u00e9als pour les applications qui utilisent un grand volume de solvants usag\u00e9s.<\/p>\n<p>Les recycleurs de solvants \u00e0 flux continu de la s\u00e9rie SRC sont des unit\u00e9s de distillation de solvants enti\u00e8rement automatis\u00e9es, pratiquement sans op\u00e9rateur, qui peuvent traiter de 15 \u00e0 plus de 375 litres\/heure.[\/vc_column_text][vc_btn title=\u00a0\u00bbEn savoir plus\u00a0\u00bb style=\u00a0\u00bbflat\u00a0\u00bb shape=\u00a0\u00bbsquare\u00a0\u00bb color=\u00a0\u00bbjuicy-pink\u00a0\u00bb link=\u00a0\u00bburl:https%3A%2F%2Fistpure.com%2Ffr%2Fproduits%2Frecycleurs-de-solvant%2Frecycleurs-de-solvants-en-flux-continu%2F|title:Recycleurs%20de%20solvants%20en%20flux%20continu\u00a0\u00bb][\/vc_column][vc_column css_animation=\u00a0\u00bbfadeInRight\u00a0\u00bb width=\u00a0\u00bb5\/12&Prime; offset=\u00a0\u00bbvc_hidden-sm vc_hidden-xs\u00a0\u00bb][vc_single_image image=\u00a0\u00bb198&Prime; img_size=\u00a0\u00bblarge\u00a0\u00bb alignment=\u00a0\u00bbcenter\u00a0\u00bb][\/vc_column][vc_column css_animation=\u00a0\u00bbfadeInRight\u00a0\u00bb offset=\u00a0\u00bbvc_hidden-lg vc_hidden-md\u00a0\u00bb][vc_single_image image=\u00a0\u00bb198&Prime; img_size=\u00a0\u00bblarge\u00a0\u00bb alignment=\u00a0\u00bbcenter\u00a0\u00bb][vc_column_text]<\/p>\n<h2 style=\"text-align: center\">Recycleurs de solvants en flux continu<\/h2>\n<p>[\/vc_column_text][vc_column_text]<\/p>\n<p style=\"text-align: center\">Les recycleurs de solvants \u00e0 flux continu sont id\u00e9als pour les applications qui utilisent un grand volume de solvants usag\u00e9s.<\/p>\n<p style=\"text-align: center\">Les recycleurs de solvants \u00e0 flux continu de la s\u00e9rie SRC sont des unit\u00e9s de distillation de solvants enti\u00e8rement automatis\u00e9es, pratiquement sans op\u00e9rateur, qui peuvent traiter de 15 \u00e0 plus de 375 litres\/heure.<\/p>\n<p>[\/vc_column_text][vc_btn title=\u00a0\u00bbEn savoir plus\u00a0\u00bb style=\u00a0\u00bbflat\u00a0\u00bb shape=\u00a0\u00bbsquare\u00a0\u00bb color=\u00a0\u00bbjuicy-pink\u00a0\u00bb align=\u00a0\u00bbcenter\u00a0\u00bb link=\u00a0\u00bburl:https%3A%2F%2Fistpure.com%2Ffr%2Fproduits%2Frecycleurs-de-solvant%2Frecycleurs-de-solvants-en-flux-continu%2F|title:Recycleurs%20de%20solvants%20en%20flux%20continu\u00a0\u00bb][\/vc_column][\/vc_row][vc_row full_width=\u00a0\u00bbstretch_row\u00a0\u00bb bg_type=\u00a0\u00bbimage\u00a0\u00bb parallax_style=\u00a0\u00bbvcpb-vz-jquery\u00a0\u00bb bg_image_new=\u00a0\u00bbid^118|url^http:\/\/digitalweb.solutions\/istpure\/wp-content\/uploads\/sites\/86\/2023\/10\/preview.jpg|caption^null|alt^null|title^preview|description^null\u00a0\u00bb bg_image_repeat=\u00a0\u00bbno-repeat\u00a0\u00bb css=\u00a0\u00bb.vc_custom_1697546037097{padding-top: 90px !important;padding-bottom: 90px !important;background-position: center !important;background-repeat: no-repeat !important;background-size: cover !important;}\u00a0\u00bb][vc_column][vc_column_text]<\/p>\n<h2 style=\"text-align: center\"><span style=\"color: #ffffff\">Vous avez encore des questions ? Parlez \u00e0 un expert produit d\u00e8s aujourd&rsquo;hui !<\/span><\/h2>\n<p>[\/vc_column_text][vc_btn title=\u00a0\u00bbNous joindre\u00a0\u00bb style=\u00a0\u00bbflat\u00a0\u00bb shape=\u00a0\u00bbsquare\u00a0\u00bb color=\u00a0\u00bbsuccess\u00a0\u00bb align=\u00a0\u00bbcenter\u00a0\u00bb link=\u00a0\u00bburl:https%3A%2F%2Fistpure.com%2Ffr%2Fnous-joindre%2F|title:Nois%20joindre\u00a0\u00bb][\/vc_column][\/vc_row]<\/p>\n<\/div>","protected":false},"excerpt":{"rendered":"<p>[vc_row full_width=\u00a0\u00bbstretch_row\u00a0\u00bb][vc_column css_animation=\u00a0\u00bbfadeInUp\u00a0\u00bb width=\u00a0\u00bb1\/12&Prime; offset=\u00a0\u00bbvc_col-lg-offset-2 vc_col-lg-8 vc_col-md-offset-1 vc_col-md-10 vc_col-xs-12&Prime;][vc_column_text] Nos syst\u00e8mes de recyclage de solvants sur site constituent une solution rentable pour recycler en toute s\u00e9curit\u00e9 les solvants et autres produits chimiques dangereux issus des processus commerciaux et industriels. Nos syst\u00e8mes sont faciles \u00e0 utiliser, n\u00e9cessitent peu d&rsquo;entretien et de supervision, et r\u00e9duisent consid\u00e9rablement vos&hellip;<\/p>\n","protected":false},"author":1,"featured_media":0,"parent":376,"menu_order":0,"comment_status":"closed","ping_status":"closed","template":"","meta":{"footnotes":""},"class_list":["post-378","page","type-page","status-publish","hentry","description-off"],"yoast_head":"<!-- This site is optimized with the Yoast SEO plugin v27.5 - https:\/\/yoast.com\/product\/yoast-seo-wordpress\/ -->\n<title>Recycleurs de solvant - IST Pure<\/title>\n<meta name=\"robots\" content=\"index, follow, max-snippet:-1, max-image-preview:large, max-video-preview:-1\" \/>\n<link rel=\"canonical\" href=\"https:\/\/digitalweb.solutions\/istpure\/fr\/produits\/recycleurs-de-solvant\/\" \/>\n<meta property=\"og:locale\" content=\"fr_FR\" \/>\n<meta property=\"og:type\" content=\"article\" \/>\n<meta property=\"og:title\" content=\"Recycleurs de solvant - IST Pure\" \/>\n<meta property=\"og:description\" content=\"[vc_row full_width=\u00a0\u00bbstretch_row\u00a0\u00bb][vc_column css_animation=\u00a0\u00bbfadeInUp\u00a0\u00bb width=\u00a0\u00bb1\/12&Prime; offset=\u00a0\u00bbvc_col-lg-offset-2 vc_col-lg-8 vc_col-md-offset-1 vc_col-md-10 vc_col-xs-12&Prime;][vc_column_text] Nos syst\u00e8mes de recyclage de solvants sur site constituent une solution rentable pour recycler en toute s\u00e9curit\u00e9 les solvants et autres produits chimiques dangereux issus des processus commerciaux et industriels. Nos syst\u00e8mes sont faciles \u00e0 utiliser, n\u00e9cessitent peu d&rsquo;entretien et de supervision, et r\u00e9duisent consid\u00e9rablement vos&hellip;\" \/>\n<meta property=\"og:url\" content=\"https:\/\/digitalweb.solutions\/istpure\/fr\/produits\/recycleurs-de-solvant\/\" \/>\n<meta property=\"og:site_name\" content=\"IST Pure\" \/>\n<meta name=\"twitter:card\" content=\"summary_large_image\" \/>\n<meta name=\"twitter:label1\" content=\"Dur\u00e9e de lecture estim\u00e9e\" \/>\n\t<meta name=\"twitter:data1\" content=\"3 minutes\" \/>\n<script type=\"application\/ld+json\" class=\"yoast-schema-graph\">{\"@context\":\"https:\\\/\\\/schema.org\",\"@graph\":[{\"@type\":\"WebPage\",\"@id\":\"https:\\\/\\\/digitalweb.solutions\\\/istpure\\\/fr\\\/produits\\\/recycleurs-de-solvant\\\/\",\"url\":\"https:\\\/\\\/digitalweb.solutions\\\/istpure\\\/fr\\\/produits\\\/recycleurs-de-solvant\\\/\",\"name\":\"Recycleurs de solvant - IST Pure\",\"isPartOf\":{\"@id\":\"https:\\\/\\\/digitalweb.solutions\\\/istpure\\\/#website\"},\"datePublished\":\"2023-10-06T18:23:53+00:00\",\"breadcrumb\":{\"@id\":\"https:\\\/\\\/digitalweb.solutions\\\/istpure\\\/fr\\\/produits\\\/recycleurs-de-solvant\\\/#breadcrumb\"},\"inLanguage\":\"fr-FR\",\"potentialAction\":[{\"@type\":\"ReadAction\",\"target\":[\"https:\\\/\\\/digitalweb.solutions\\\/istpure\\\/fr\\\/produits\\\/recycleurs-de-solvant\\\/\"]}]},{\"@type\":\"BreadcrumbList\",\"@id\":\"https:\\\/\\\/digitalweb.solutions\\\/istpure\\\/fr\\\/produits\\\/recycleurs-de-solvant\\\/#breadcrumb\",\"itemListElement\":[{\"@type\":\"ListItem\",\"position\":1,\"name\":\"Home\",\"item\":\"https:\\\/\\\/digitalweb.solutions\\\/istpure\\\/\"},{\"@type\":\"ListItem\",\"position\":2,\"name\":\"Produits\",\"item\":\"https:\\\/\\\/digitalweb.solutions\\\/istpure\\\/fr\\\/produits\\\/\"},{\"@type\":\"ListItem\",\"position\":3,\"name\":\"Recycleurs de solvant\"}]},{\"@type\":\"WebSite\",\"@id\":\"https:\\\/\\\/digitalweb.solutions\\\/istpure\\\/#website\",\"url\":\"https:\\\/\\\/digitalweb.solutions\\\/istpure\\\/\",\"name\":\"IST Pure\",\"description\":\"\",\"potentialAction\":[{\"@type\":\"SearchAction\",\"target\":{\"@type\":\"EntryPoint\",\"urlTemplate\":\"https:\\\/\\\/digitalweb.solutions\\\/istpure\\\/?s={search_term_string}\"},\"query-input\":{\"@type\":\"PropertyValueSpecification\",\"valueRequired\":true,\"valueName\":\"search_term_string\"}}],\"inLanguage\":\"fr-FR\"}]}<\/script>\n<!-- \/ Yoast SEO plugin. -->","yoast_head_json":{"title":"Recycleurs de solvant - IST Pure","robots":{"index":"index","follow":"follow","max-snippet":"max-snippet:-1","max-image-preview":"max-image-preview:large","max-video-preview":"max-video-preview:-1"},"canonical":"https:\/\/digitalweb.solutions\/istpure\/fr\/produits\/recycleurs-de-solvant\/","og_locale":"fr_FR","og_type":"article","og_title":"Recycleurs de solvant - IST Pure","og_description":"[vc_row full_width=\u00a0\u00bbstretch_row\u00a0\u00bb][vc_column css_animation=\u00a0\u00bbfadeInUp\u00a0\u00bb width=\u00a0\u00bb1\/12&Prime; offset=\u00a0\u00bbvc_col-lg-offset-2 vc_col-lg-8 vc_col-md-offset-1 vc_col-md-10 vc_col-xs-12&Prime;][vc_column_text] Nos syst\u00e8mes de recyclage de solvants sur site constituent une solution rentable pour recycler en toute s\u00e9curit\u00e9 les solvants et autres produits chimiques dangereux issus des processus commerciaux et industriels. Nos syst\u00e8mes sont faciles \u00e0 utiliser, n\u00e9cessitent peu d&rsquo;entretien et de supervision, et r\u00e9duisent consid\u00e9rablement vos&hellip;","og_url":"https:\/\/digitalweb.solutions\/istpure\/fr\/produits\/recycleurs-de-solvant\/","og_site_name":"IST Pure","twitter_card":"summary_large_image","twitter_misc":{"Dur\u00e9e de lecture estim\u00e9e":"3 minutes"},"schema":{"@context":"https:\/\/schema.org","@graph":[{"@type":"WebPage","@id":"https:\/\/digitalweb.solutions\/istpure\/fr\/produits\/recycleurs-de-solvant\/","url":"https:\/\/digitalweb.solutions\/istpure\/fr\/produits\/recycleurs-de-solvant\/","name":"Recycleurs de solvant - IST Pure","isPartOf":{"@id":"https:\/\/digitalweb.solutions\/istpure\/#website"},"datePublished":"2023-10-06T18:23:53+00:00","breadcrumb":{"@id":"https:\/\/digitalweb.solutions\/istpure\/fr\/produits\/recycleurs-de-solvant\/#breadcrumb"},"inLanguage":"fr-FR","potentialAction":[{"@type":"ReadAction","target":["https:\/\/digitalweb.solutions\/istpure\/fr\/produits\/recycleurs-de-solvant\/"]}]},{"@type":"BreadcrumbList","@id":"https:\/\/digitalweb.solutions\/istpure\/fr\/produits\/recycleurs-de-solvant\/#breadcrumb","itemListElement":[{"@type":"ListItem","position":1,"name":"Home","item":"https:\/\/digitalweb.solutions\/istpure\/"},{"@type":"ListItem","position":2,"name":"Produits","item":"https:\/\/digitalweb.solutions\/istpure\/fr\/produits\/"},{"@type":"ListItem","position":3,"name":"Recycleurs de solvant"}]},{"@type":"WebSite","@id":"https:\/\/digitalweb.solutions\/istpure\/#website","url":"https:\/\/digitalweb.solutions\/istpure\/","name":"IST Pure","description":"","potentialAction":[{"@type":"SearchAction","target":{"@type":"EntryPoint","urlTemplate":"https:\/\/digitalweb.solutions\/istpure\/?s={search_term_string}"},"query-input":{"@type":"PropertyValueSpecification","valueRequired":true,"valueName":"search_term_string"}}],"inLanguage":"fr-FR"}]}},"_links":{"self":[{"href":"https:\/\/digitalweb.solutions\/istpure\/fr\/wp-json\/wp\/v2\/pages\/378","targetHints":{"allow":["GET"]}}],"collection":[{"href":"https:\/\/digitalweb.solutions\/istpure\/fr\/wp-json\/wp\/v2\/pages"}],"about":[{"href":"https:\/\/digitalweb.solutions\/istpure\/fr\/wp-json\/wp\/v2\/types\/page"}],"author":[{"embeddable":true,"href":"https:\/\/digitalweb.solutions\/istpure\/fr\/wp-json\/wp\/v2\/users\/1"}],"replies":[{"embeddable":true,"href":"https:\/\/digitalweb.solutions\/istpure\/fr\/wp-json\/wp\/v2\/comments?post=378"}],"version-history":[{"count":0,"href":"https:\/\/digitalweb.solutions\/istpure\/fr\/wp-json\/wp\/v2\/pages\/378\/revisions"}],"up":[{"embeddable":true,"href":"https:\/\/digitalweb.solutions\/istpure\/fr\/wp-json\/wp\/v2\/pages\/376"}],"wp:attachment":[{"href":"https:\/\/digitalweb.solutions\/istpure\/fr\/wp-json\/wp\/v2\/media?parent=378"}],"curies":[{"name":"wp","href":"https:\/\/api.w.org\/{rel}","templated":true}]}}