{"id":382,"date":"2023-10-12T16:08:29","date_gmt":"2023-10-12T20:08:29","guid":{"rendered":"https:\/\/istpure.com\/?page_id=382"},"modified":"2023-10-12T16:08:29","modified_gmt":"2023-10-12T20:08:29","slug":"laveuses-sur-table-rotative-serie-f","status":"publish","type":"page","link":"https:\/\/digitalweb.solutions\/istpure\/fr\/produits\/laveuses-industrielles\/laveuses-de-pieces\/laveuses-sur-table-rotative-serie-f\/","title":{"rendered":"Laveuses sur table rotative S\u00e9rie F"},"content":{"rendered":"<div class=\"wpb-content-wrapper\"><p>[vc_row][vc_column][vc_single_image image=\u00a0\u00bb256&Prime; img_size=\u00a0\u00bb500&#215;350&Prime; alignment=\u00a0\u00bbcenter\u00a0\u00bb css_animation=\u00a0\u00bbfadeInLeft\u00a0\u00bb][\/vc_column][\/vc_row][vc_row full_width=\u00a0\u00bbstretch_row\u00a0\u00bb css=\u00a0\u00bb.vc_custom_1697047523895{margin-bottom: 60px !important;}\u00a0\u00bb][vc_column css_animation=\u00a0\u00bbfadeIn\u00a0\u00bb][vc_column_text]<\/p>\n<h1 style=\"text-align: center\">Laveuses de pi\u00e8ces sur table rotative S\u00e9rie F<\/h1>\n<p>[\/vc_column_text][\/vc_column][vc_column css_animation=\u00a0\u00bbfadeInUp\u00a0\u00bb offset=\u00a0\u00bbvc_col-lg-offset-1 vc_col-lg-10 vc_col-md-offset-1 vc_col-md-10 vc_col-xs-12&Prime;][vc_column_text]<\/p>\n<p style=\"text-align: center\">La laveuse de pi\u00e8ces de s\u00e9rie F est une solution de lavage en milieu aqueux qui produit des jets \u00e0 haut d\u00e9bit et \u00e0 pression relativement basse. Elle est id\u00e9ale pour les applications commerciales ou industrielles. L\u2019op\u00e9rateur doit simplement charger la pi\u00e8ce sur la table rotative int\u00e9gr\u00e9e \u00e0 la porte, r\u00e9gler la temp\u00e9rature et la dur\u00e9e du lavage et la table rotative se chargera d\u2019exposer toute la surface de la pi\u00e8ce aux jets de lavage.<\/p>\n<p style=\"text-align: center\">Cette laveuse fonctionne sur un syst\u00e8me d\u2019alimentation \u00e0 basse pression variant de 50 \u00e0 65 psi, mais procure un tr\u00e8s haut d\u00e9bit de liquide pour un nettoyage en profondeur de pi\u00e8ces de diverses tailles et poids. Ce sont les syst\u00e8mes de lavage \u00e0 table rotative en milieu aqueux les plus avanc\u00e9es et con\u00e7us afin d\u2019en maximiser l\u2019efficacit\u00e9 tout en r\u00e9duisant les co\u00fbts de maintenance.<\/p>\n<p style=\"text-align: center\">Vous pouvez choisir parmi de nombreux mod\u00e8les et configurations standards, ou un mod\u00e8le con\u00e7u sur mesure et int\u00e9grant les plus r\u00e9centes technologies d\u2019automatisation et de contr\u00f4le afin de maximiser la performance de votre proc\u00e9d\u00e9. Le champ d\u2019application de nos laveuses varie de simples unit\u00e9s de lavage, \u00e0 des syst\u00e8mes automatis\u00e9s incluant les proc\u00e9d\u00e9s de lavage, rin\u00e7age et s\u00e9chage complexes.<\/p>\n<p>[\/vc_column_text][vc_row_inner][vc_column_inner width=\u00a0\u00bb1\/2&Prime; offset=\u00a0\u00bbvc_col-xs-6&Prime;][vc_btn title=\u00a0\u00bbBrochure produit\u00a0\u00bb style=\u00a0\u00bbflat\u00a0\u00bb shape=\u00a0\u00bbsquare\u00a0\u00bb color=\u00a0\u00bbjuicy-pink\u00a0\u00bb size=\u00a0\u00bbsm\u00a0\u00bb align=\u00a0\u00bbright\u00a0\u00bb i_icon_fontawesome=\u00a0\u00bbfar fa-file-pdf\u00a0\u00bb add_icon=\u00a0\u00bbtrue\u00a0\u00bb link=\u00a0\u00bburl:https%3A%2F%2Fistpure.com%2Fwp-content%2Fuploads%2F2023%2F10%2Fistpure-laveuse-a-table-rotative-serie-f-brochure.pdf|target:_blank\u00a0\u00bb][\/vc_column_inner][vc_column_inner width=\u00a0\u00bb1\/2&Prime; offset=\u00a0\u00bbvc_col-xs-6&Prime;][vc_btn title=\u00a0\u00bbDemande de soumission\u00a0\u00bb style=\u00a0\u00bbflat\u00a0\u00bb shape=\u00a0\u00bbsquare\u00a0\u00bb color=\u00a0\u00bbjuicy-pink\u00a0\u00bb size=\u00a0\u00bbsm\u00a0\u00bb align=\u00a0\u00bbleft\u00a0\u00bb i_icon_fontawesome=\u00a0\u00bbfar fa-file-alt\u00a0\u00bb add_icon=\u00a0\u00bbtrue\u00a0\u00bb link=\u00a0\u00bburl:https%3A%2F%2Fistpure.com%2Ffr%2Fdemande-de-soumission%2F|title:Demande%20de%20soumission\u00a0\u00bb][\/vc_column_inner][\/vc_row_inner][\/vc_column][\/vc_row][vc_row full_width=\u00a0\u00bbstretch_row\u00a0\u00bb css=\u00a0\u00bb.vc_custom_1697124141364{padding-top: 35px !important;padding-bottom: 35px !important;}\u00a0\u00bb][vc_column css_animation=\u00a0\u00bbfadeInUp\u00a0\u00bb][vc_separator el_width=\u00a0\u00bb70&Prime;][\/vc_column][\/vc_row][vc_row gap=\u00a0\u00bb25&Prime;][vc_column css_animation=\u00a0\u00bbfadeInLeft\u00a0\u00bb width=\u00a0\u00bb1\/2&Prime;][vc_column_text]<\/p>\n<h2>Caract\u00e9ristiques<\/h2>\n<p>[\/vc_column_text][vc_column_text css=\u00a0\u00bb.vc_custom_1697743367871{margin-bottom: 10px !important;}\u00a0\u00bb]<\/p>\n<ul class=\"fa-ul\">\n<li style=\"text-align: left\"><i class=\"fa fa-check-square\" style=\"color: #92cc7f\"><\/i> Faible encombrement<\/li>\n<li style=\"text-align: left\"><i class=\"fa fa-check-square\" style=\"color: #92cc7f\"><\/i> Table tournante int\u00e9gr\u00e9e \u00e0 la porte (capacit\u00e9 jusqu&rsquo;\u00e0 5,000 lb)<\/li>\n<li style=\"text-align: left\"><i class=\"fa fa-check-square\" style=\"color: #92cc7f\"><\/i> Construction de qualit\u00e9 industrielle<\/li>\n<li style=\"text-align: left\"><i class=\"fa fa-check-square\" style=\"color: #92cc7f\"><\/i> Buses de polypropyl\u00e8ne \u00e0 jet en \u00ab\u00a0V\u00a0\u00bb<\/li>\n<li style=\"text-align: left\"><i class=\"fa fa-check-square\" style=\"color: #92cc7f\"><\/i> Pompe verticale submersible<\/li>\n<li style=\"text-align: left\"><i class=\"fa fa-check-square\" style=\"color: #92cc7f\"><\/i> Plateau grillag\u00e9 fin<\/li>\n<li style=\"text-align: left\"><i class=\"fa fa-check-square\" style=\"color: #92cc7f\"><\/i> Verrouillage de porte s\u00e9curitaire<\/li>\n<li style=\"text-align: left\"><i class=\"fa fa-check-square\" style=\"color: #92cc7f\"><\/i> Contr\u00f4les \u00e9lectroniques de moteur<\/li>\n<li style=\"text-align: left\"><i class=\"fa fa-check-square\" style=\"color: #92cc7f\"><\/i> Contr\u00f4les num\u00e9riques de temp\u00e9rature<\/li>\n<li style=\"text-align: left\"><i class=\"fa fa-check-square\" style=\"color: #92cc7f\"><\/i> Polyvalence d\u2019installation<\/li>\n<li style=\"text-align: left\"><i class=\"fa fa-check-square\" style=\"color: #92cc7f\"><\/i> Chargement facile et ergonomique<\/li>\n<li style=\"text-align: left\"><i class=\"fa fa-check-square\" style=\"color: #92cc7f\"><\/i> Dur\u00e9e de vie prolong\u00e9e<\/li>\n<li style=\"text-align: left\"><i class=\"fa fa-check-square\" style=\"color: #92cc7f\"><\/i> D\u00e9bris filtr\u00e9s en amont de la pompe<\/li>\n<li style=\"text-align: left\"><i class=\"fa fa-check-square\" style=\"color: #92cc7f\"><\/i> S\u00e9curit\u00e9 des op\u00e9rateurs<\/li>\n<li style=\"text-align: left\"><i class=\"fa fa-check-square\" style=\"color: #92cc7f\"><\/i> Conforme aux normes industrielles<\/li>\n<li style=\"text-align: left\"><i class=\"fa fa-check-square\" style=\"color: #92cc7f\"><\/i> Utilisation simplifi\u00e9e<\/li>\n<li style=\"text-align: left\"><i class=\"fa fa-check-square\" style=\"color: #92cc7f\"><\/i> Maintenance facile sans devoir vider le r\u00e9servoir<\/li>\n<\/ul>\n<p>[\/vc_column_text][\/vc_column][vc_column css_animation=\u00a0\u00bbfadeInRight\u00a0\u00bb width=\u00a0\u00bb1\/2&Prime;][vc_column_text]<\/p>\n<h2>Options disponibles<\/h2>\n<p>[\/vc_column_text][vc_column_text]<\/p>\n<ul class=\"fa-ul\">\n<li><i class=\"fa fa-check-square\" style=\"color: #92cc7f\"><\/i> Construction et finition en acier inoxydable<\/li>\n<li><i class=\"fa fa-check-square\" style=\"color: #92cc7f\"><\/i> Contr\u00f4le du niveau de r\u00e9servoir avec remplissage automatique<\/li>\n<li><i class=\"fa fa-check-square\" style=\"color: #92cc7f\"><\/i> Ventilateur d\u2019\u00e9chappement<\/li>\n<li><i class=\"fa fa-check-square\" style=\"color: #92cc7f\"><\/i> Panier \u00e0 pi\u00e8ces<\/li>\n<li><i class=\"fa fa-check-square\" style=\"color: #92cc7f\"><\/i> Rangement pour pi\u00e8ces<\/li>\n<li><i class=\"fa fa-check-square\" style=\"color: #92cc7f\"><\/i> Tuyau de buse centr\u00e9<\/li>\n<li><i class=\"fa fa-check-square\" style=\"color: #92cc7f\"><\/i> Syst\u00e8me d\u2019\u00e9cumage d\u2019huile automatique<\/li>\n<li><i class=\"fa fa-check-square\" style=\"color: #92cc7f\"><\/i> Contr\u00f4leur logique programmable (PLC)<\/li>\n<li><i class=\"fa fa-check-square\" style=\"color: #92cc7f\"><\/i> R\u00e9glage de la chaleur par minuterie programmable 7-jours afin de s\u2019adapter \u00e0 votre horaire de travail<\/li>\n<\/ul>\n<p>[\/vc_column_text][\/vc_column][vc_column css_animation=\u00a0\u00bbbounceInUp\u00a0\u00bb][vc_btn title=\u00a0\u00bbSoumission gratuite\u00a0\u00bb style=\u00a0\u00bbflat\u00a0\u00bb shape=\u00a0\u00bbsquare\u00a0\u00bb color=\u00a0\u00bbjuicy-pink\u00a0\u00bb align=\u00a0\u00bbcenter\u00a0\u00bb i_icon_fontawesome=\u00a0\u00bbfar fa-file-alt\u00a0\u00bb add_icon=\u00a0\u00bbtrue\u00a0\u00bb link=\u00a0\u00bburl:https%3A%2F%2Fistpure.com%2Ffr%2Fdemande-de-soumission%2F|title:Soumission%20gratuite\u00a0\u00bb][\/vc_column][\/vc_row][vc_row full_width=\u00a0\u00bbstretch_row\u00a0\u00bb css=\u00a0\u00bb.vc_custom_1697124141364{padding-top: 35px !important;padding-bottom: 35px !important;}\u00a0\u00bb][vc_column css_animation=\u00a0\u00bbfadeInUp\u00a0\u00bb][vc_separator el_width=\u00a0\u00bb70&Prime;][\/vc_column][\/vc_row][vc_row][vc_column css_animation=\u00a0\u00bbfadeInLeft\u00a0\u00bb]<div id=\"ultimate-heading-735369ddf851a3ffa\" class=\"uvc-heading ult-adjust-bottom-margin ultimate-heading-735369ddf851a3ffa uvc-4239  uvc-heading-default-font-sizes\" data-hspacer=\"line_with_icon\" data-hline_width=\"250\" data-hicon_type=\"custom\" data-hborder_style=\"solid\" data-hborder_height=\"3\" data-hborder_color=\"#92cc7f\" data-icon_width=\"25\" data-hfixer=\"10\"  data-halign=\"center\" style=\"text-align:center\"><div class=\"uvc-main-heading ult-responsive\"  data-ultimate-target='.uvc-heading.ultimate-heading-735369ddf851a3ffa h3'  data-responsive-json-new='{\"font-size\":\"\",\"line-height\":\"\"}' ><h3 style=\"--font-weight:theme;margin-bottom:10px;\">Pourquoi choisir les laveuses de pi\u00e8ces IST Pure?<\/h3><\/div><div class=\"uvc-heading-spacer line_with_icon\" style=\"margin-bottom:30px;\"><div class=\"ult-just-icon-wrapper  \"><div class=\"align-icon\" style=\"text-align:center;\">\n<div class=\"aio-icon-img \" style=\"font-size:25px;display:inline-block;\" >\n\t<img decoding=\"async\" class=\"img-icon\" alt=\"null\" src=\"https:\/\/digitalweb.solutions\/istpure\/wp-content\/uploads\/sites\/86\/2023\/10\/leaf-icon.png\"\/>\n<\/div><\/div><\/div><\/div><\/div>[\/vc_column][vc_column css_animation=\u00a0\u00bbfadeInLeft\u00a0\u00bb width=\u00a0\u00bb1\/2&Prime; offset=\u00a0\u00bbvc_hidden-sm vc_hidden-xs\u00a0\u00bb][vc_column_text css=\u00a0\u00bb.vc_custom_1697729714865{margin-bottom: 10px !important;}\u00a0\u00bb]<\/p>\n<ul class=\"fa-ul\">\n<li><i class=\"fa fa-check-square\" style=\"color: #92cc7f\"><\/i> <strong>Construction robuste<\/strong>: Fabriqu\u00e9s avec des mat\u00e9riaux de grades industriels et r\u00e9sistant \u00e0 la corrosion et con\u00e7us pour r\u00e9sister aux applications industrielles les plus exigeantes<\/li>\n<li><i class=\"fa fa-check-square\" style=\"color: #92cc7f\"><\/i> <strong>Grande vari\u00e9t\u00e9 de m\u00e9thodes de lavage<\/strong>: Bassins \u00e0 ultrasons, laveuses \u00e0 table rotative, cuve d\u2019agitation ou d\u2019immersion, cabinets de lavage, cabinets de pulv\u00e9risation<\/li>\n<\/ul>\n<p>[\/vc_column_text][\/vc_column][vc_column css_animation=\u00a0\u00bbfadeInRight\u00a0\u00bb width=\u00a0\u00bb1\/2&Prime; offset=\u00a0\u00bbvc_hidden-sm vc_hidden-xs\u00a0\u00bb][vc_column_text]<\/p>\n<ul class=\"fa-ul\">\n<li><i class=\"fa fa-check-square\" style=\"color: #92cc7f\"><\/i><strong>Fabrication sur mesure<\/strong>: Des services de conception et fabrication sur mesure sont disponibles pour rencontrer les sp\u00e9cificit\u00e9s de votre proc\u00e9d\u00e9<\/li>\n<li><i class=\"fa fa-check-square\" style=\"color: #92cc7f\"><\/i> <strong>Versatile<\/strong>: Peut \u00eatre configur\u00e9 pour nettoyer avec des solvants ou en solution aqueuse.<\/li>\n<\/ul>\n<p>[\/vc_column_text][\/vc_column][\/vc_row][vc_row full_width=\u00a0\u00bbstretch_row\u00a0\u00bb bg_type=\u00a0\u00bbimage\u00a0\u00bb parallax_style=\u00a0\u00bbvcpb-vz-jquery\u00a0\u00bb bg_image_new=\u00a0\u00bbid^118|url^http:\/\/digitalweb.solutions\/istpure\/wp-content\/uploads\/sites\/86\/2023\/10\/preview.jpg|caption^null|alt^null|title^preview|description^null\u00a0\u00bb bg_image_repeat=\u00a0\u00bbno-repeat\u00a0\u00bb css=\u00a0\u00bb.vc_custom_1697546037097{padding-top: 90px !important;padding-bottom: 90px !important;background-position: center !important;background-repeat: no-repeat !important;background-size: cover !important;}\u00a0\u00bb][vc_column css=\u00a0\u00bb.vc_custom_1698172489693{margin-top: 35px !important;}\u00a0\u00bb][vc_column_text]<\/p>\n<h2 style=\"text-align: center\"><span style=\"color: #ffffff\">Vous avez encore des questions ? Parlez \u00e0 un expert produit d\u00e8s aujourd&rsquo;hui !<\/span><\/h2>\n<p>[\/vc_column_text][vc_btn title=\u00a0\u00bbNous joindre\u00a0\u00bb style=\u00a0\u00bbflat\u00a0\u00bb shape=\u00a0\u00bbsquare\u00a0\u00bb color=\u00a0\u00bbsuccess\u00a0\u00bb align=\u00a0\u00bbcenter\u00a0\u00bb link=\u00a0\u00bburl:https%3A%2F%2Fistpure.com%2Ffr%2Fnous-joindre%2F|title:Nois%20joindre\u00a0\u00bb][\/vc_column][\/vc_row]<\/p>\n<\/div>","protected":false},"excerpt":{"rendered":"<p>[vc_row][vc_column][vc_single_image image=\u00a0\u00bb256&Prime; img_size=\u00a0\u00bb500&#215;350&Prime; alignment=\u00a0\u00bbcenter\u00a0\u00bb css_animation=\u00a0\u00bbfadeInLeft\u00a0\u00bb][\/vc_column][\/vc_row][vc_row full_width=\u00a0\u00bbstretch_row\u00a0\u00bb css=\u00a0\u00bb.vc_custom_1697047523895{margin-bottom: 60px !important;}\u00a0\u00bb][vc_column css_animation=\u00a0\u00bbfadeIn\u00a0\u00bb][vc_column_text] Laveuses de pi\u00e8ces sur table rotative S\u00e9rie F [\/vc_column_text][\/vc_column][vc_column css_animation=\u00a0\u00bbfadeInUp\u00a0\u00bb offset=\u00a0\u00bbvc_col-lg-offset-1 vc_col-lg-10 vc_col-md-offset-1 vc_col-md-10 vc_col-xs-12&Prime;][vc_column_text] La laveuse de pi\u00e8ces de s\u00e9rie F est une solution de lavage en milieu aqueux qui produit des jets \u00e0 haut d\u00e9bit et \u00e0 pression relativement basse. Elle est id\u00e9ale&hellip;<\/p>\n","protected":false},"author":1,"featured_media":0,"parent":380,"menu_order":0,"comment_status":"closed","ping_status":"closed","template":"","meta":{"footnotes":""},"class_list":["post-382","page","type-page","status-publish","hentry","description-off"],"yoast_head":"<!-- This site is optimized with the Yoast SEO plugin v27.3 - https:\/\/yoast.com\/product\/yoast-seo-wordpress\/ -->\n<title>Laveuses sur table rotative S\u00e9rie F - IST Pure<\/title>\n<meta name=\"robots\" content=\"index, follow, max-snippet:-1, max-image-preview:large, max-video-preview:-1\" \/>\n<link rel=\"canonical\" href=\"https:\/\/digitalweb.solutions\/istpure\/fr\/produits\/laveuses-industrielles\/laveuses-de-pieces\/laveuses-sur-table-rotative-serie-f\/\" \/>\n<meta property=\"og:locale\" content=\"fr_FR\" \/>\n<meta property=\"og:type\" content=\"article\" \/>\n<meta property=\"og:title\" content=\"Laveuses sur table rotative S\u00e9rie F - IST Pure\" \/>\n<meta property=\"og:description\" content=\"[vc_row][vc_column][vc_single_image image=\u00a0\u00bb256&Prime; img_size=\u00a0\u00bb500&#215;350&Prime; alignment=\u00a0\u00bbcenter\u00a0\u00bb css_animation=\u00a0\u00bbfadeInLeft\u00a0\u00bb][\/vc_column][\/vc_row][vc_row full_width=\u00a0\u00bbstretch_row\u00a0\u00bb css=\u00a0\u00bb.vc_custom_1697047523895{margin-bottom: 60px !important;}\u00a0\u00bb][vc_column css_animation=\u00a0\u00bbfadeIn\u00a0\u00bb][vc_column_text] Laveuses de pi\u00e8ces sur table rotative S\u00e9rie F [\/vc_column_text][\/vc_column][vc_column css_animation=\u00a0\u00bbfadeInUp\u00a0\u00bb offset=\u00a0\u00bbvc_col-lg-offset-1 vc_col-lg-10 vc_col-md-offset-1 vc_col-md-10 vc_col-xs-12&Prime;][vc_column_text] La laveuse de pi\u00e8ces de s\u00e9rie F est une solution de lavage en milieu aqueux qui produit des jets \u00e0 haut d\u00e9bit et \u00e0 pression relativement basse. Elle est id\u00e9ale&hellip;\" \/>\n<meta property=\"og:url\" content=\"https:\/\/digitalweb.solutions\/istpure\/fr\/produits\/laveuses-industrielles\/laveuses-de-pieces\/laveuses-sur-table-rotative-serie-f\/\" \/>\n<meta property=\"og:site_name\" content=\"IST Pure\" \/>\n<meta name=\"twitter:card\" content=\"summary_large_image\" \/>\n<meta name=\"twitter:label1\" content=\"Dur\u00e9e de lecture estim\u00e9e\" \/>\n\t<meta name=\"twitter:data1\" content=\"3 minutes\" \/>\n<script type=\"application\/ld+json\" class=\"yoast-schema-graph\">{\"@context\":\"https:\\\/\\\/schema.org\",\"@graph\":[{\"@type\":\"WebPage\",\"@id\":\"https:\\\/\\\/digitalweb.solutions\\\/istpure\\\/fr\\\/produits\\\/laveuses-industrielles\\\/laveuses-de-pieces\\\/laveuses-sur-table-rotative-serie-f\\\/\",\"url\":\"https:\\\/\\\/digitalweb.solutions\\\/istpure\\\/fr\\\/produits\\\/laveuses-industrielles\\\/laveuses-de-pieces\\\/laveuses-sur-table-rotative-serie-f\\\/\",\"name\":\"Laveuses sur table rotative S\u00e9rie F - IST Pure\",\"isPartOf\":{\"@id\":\"https:\\\/\\\/digitalweb.solutions\\\/istpure\\\/#website\"},\"datePublished\":\"2023-10-12T20:08:29+00:00\",\"breadcrumb\":{\"@id\":\"https:\\\/\\\/digitalweb.solutions\\\/istpure\\\/fr\\\/produits\\\/laveuses-industrielles\\\/laveuses-de-pieces\\\/laveuses-sur-table-rotative-serie-f\\\/#breadcrumb\"},\"inLanguage\":\"fr-FR\",\"potentialAction\":[{\"@type\":\"ReadAction\",\"target\":[\"https:\\\/\\\/digitalweb.solutions\\\/istpure\\\/fr\\\/produits\\\/laveuses-industrielles\\\/laveuses-de-pieces\\\/laveuses-sur-table-rotative-serie-f\\\/\"]}]},{\"@type\":\"BreadcrumbList\",\"@id\":\"https:\\\/\\\/digitalweb.solutions\\\/istpure\\\/fr\\\/produits\\\/laveuses-industrielles\\\/laveuses-de-pieces\\\/laveuses-sur-table-rotative-serie-f\\\/#breadcrumb\",\"itemListElement\":[{\"@type\":\"ListItem\",\"position\":1,\"name\":\"Home\",\"item\":\"https:\\\/\\\/digitalweb.solutions\\\/istpure\\\/\"},{\"@type\":\"ListItem\",\"position\":2,\"name\":\"Produits\",\"item\":\"https:\\\/\\\/digitalweb.solutions\\\/istpure\\\/fr\\\/produits\\\/\"},{\"@type\":\"ListItem\",\"position\":3,\"name\":\"Laveuses Industrielles\",\"item\":\"https:\\\/\\\/digitalweb.solutions\\\/istpure\\\/fr\\\/produits\\\/laveuses-industrielles\\\/\"},{\"@type\":\"ListItem\",\"position\":4,\"name\":\"Laveuses de pi\u00e8ces\",\"item\":\"https:\\\/\\\/digitalweb.solutions\\\/istpure\\\/fr\\\/produits\\\/laveuses-industrielles\\\/laveuses-de-pieces\\\/\"},{\"@type\":\"ListItem\",\"position\":5,\"name\":\"Laveuses sur table rotative S\u00e9rie F\"}]},{\"@type\":\"WebSite\",\"@id\":\"https:\\\/\\\/digitalweb.solutions\\\/istpure\\\/#website\",\"url\":\"https:\\\/\\\/digitalweb.solutions\\\/istpure\\\/\",\"name\":\"IST Pure\",\"description\":\"\",\"potentialAction\":[{\"@type\":\"SearchAction\",\"target\":{\"@type\":\"EntryPoint\",\"urlTemplate\":\"https:\\\/\\\/digitalweb.solutions\\\/istpure\\\/?s={search_term_string}\"},\"query-input\":{\"@type\":\"PropertyValueSpecification\",\"valueRequired\":true,\"valueName\":\"search_term_string\"}}],\"inLanguage\":\"fr-FR\"}]}<\/script>\n<!-- \/ Yoast SEO plugin. -->","yoast_head_json":{"title":"Laveuses sur table rotative S\u00e9rie F - IST Pure","robots":{"index":"index","follow":"follow","max-snippet":"max-snippet:-1","max-image-preview":"max-image-preview:large","max-video-preview":"max-video-preview:-1"},"canonical":"https:\/\/digitalweb.solutions\/istpure\/fr\/produits\/laveuses-industrielles\/laveuses-de-pieces\/laveuses-sur-table-rotative-serie-f\/","og_locale":"fr_FR","og_type":"article","og_title":"Laveuses sur table rotative S\u00e9rie F - IST Pure","og_description":"[vc_row][vc_column][vc_single_image image=\u00a0\u00bb256&Prime; img_size=\u00a0\u00bb500&#215;350&Prime; alignment=\u00a0\u00bbcenter\u00a0\u00bb css_animation=\u00a0\u00bbfadeInLeft\u00a0\u00bb][\/vc_column][\/vc_row][vc_row full_width=\u00a0\u00bbstretch_row\u00a0\u00bb css=\u00a0\u00bb.vc_custom_1697047523895{margin-bottom: 60px !important;}\u00a0\u00bb][vc_column css_animation=\u00a0\u00bbfadeIn\u00a0\u00bb][vc_column_text] Laveuses de pi\u00e8ces sur table rotative S\u00e9rie F [\/vc_column_text][\/vc_column][vc_column css_animation=\u00a0\u00bbfadeInUp\u00a0\u00bb offset=\u00a0\u00bbvc_col-lg-offset-1 vc_col-lg-10 vc_col-md-offset-1 vc_col-md-10 vc_col-xs-12&Prime;][vc_column_text] La laveuse de pi\u00e8ces de s\u00e9rie F est une solution de lavage en milieu aqueux qui produit des jets \u00e0 haut d\u00e9bit et \u00e0 pression relativement basse. Elle est id\u00e9ale&hellip;","og_url":"https:\/\/digitalweb.solutions\/istpure\/fr\/produits\/laveuses-industrielles\/laveuses-de-pieces\/laveuses-sur-table-rotative-serie-f\/","og_site_name":"IST Pure","twitter_card":"summary_large_image","twitter_misc":{"Dur\u00e9e de lecture estim\u00e9e":"3 minutes"},"schema":{"@context":"https:\/\/schema.org","@graph":[{"@type":"WebPage","@id":"https:\/\/digitalweb.solutions\/istpure\/fr\/produits\/laveuses-industrielles\/laveuses-de-pieces\/laveuses-sur-table-rotative-serie-f\/","url":"https:\/\/digitalweb.solutions\/istpure\/fr\/produits\/laveuses-industrielles\/laveuses-de-pieces\/laveuses-sur-table-rotative-serie-f\/","name":"Laveuses sur table rotative S\u00e9rie F - IST Pure","isPartOf":{"@id":"https:\/\/digitalweb.solutions\/istpure\/#website"},"datePublished":"2023-10-12T20:08:29+00:00","breadcrumb":{"@id":"https:\/\/digitalweb.solutions\/istpure\/fr\/produits\/laveuses-industrielles\/laveuses-de-pieces\/laveuses-sur-table-rotative-serie-f\/#breadcrumb"},"inLanguage":"fr-FR","potentialAction":[{"@type":"ReadAction","target":["https:\/\/digitalweb.solutions\/istpure\/fr\/produits\/laveuses-industrielles\/laveuses-de-pieces\/laveuses-sur-table-rotative-serie-f\/"]}]},{"@type":"BreadcrumbList","@id":"https:\/\/digitalweb.solutions\/istpure\/fr\/produits\/laveuses-industrielles\/laveuses-de-pieces\/laveuses-sur-table-rotative-serie-f\/#breadcrumb","itemListElement":[{"@type":"ListItem","position":1,"name":"Home","item":"https:\/\/digitalweb.solutions\/istpure\/"},{"@type":"ListItem","position":2,"name":"Produits","item":"https:\/\/digitalweb.solutions\/istpure\/fr\/produits\/"},{"@type":"ListItem","position":3,"name":"Laveuses Industrielles","item":"https:\/\/digitalweb.solutions\/istpure\/fr\/produits\/laveuses-industrielles\/"},{"@type":"ListItem","position":4,"name":"Laveuses de pi\u00e8ces","item":"https:\/\/digitalweb.solutions\/istpure\/fr\/produits\/laveuses-industrielles\/laveuses-de-pieces\/"},{"@type":"ListItem","position":5,"name":"Laveuses sur table rotative S\u00e9rie F"}]},{"@type":"WebSite","@id":"https:\/\/digitalweb.solutions\/istpure\/#website","url":"https:\/\/digitalweb.solutions\/istpure\/","name":"IST Pure","description":"","potentialAction":[{"@type":"SearchAction","target":{"@type":"EntryPoint","urlTemplate":"https:\/\/digitalweb.solutions\/istpure\/?s={search_term_string}"},"query-input":{"@type":"PropertyValueSpecification","valueRequired":true,"valueName":"search_term_string"}}],"inLanguage":"fr-FR"}]}},"_links":{"self":[{"href":"https:\/\/digitalweb.solutions\/istpure\/fr\/wp-json\/wp\/v2\/pages\/382","targetHints":{"allow":["GET"]}}],"collection":[{"href":"https:\/\/digitalweb.solutions\/istpure\/fr\/wp-json\/wp\/v2\/pages"}],"about":[{"href":"https:\/\/digitalweb.solutions\/istpure\/fr\/wp-json\/wp\/v2\/types\/page"}],"author":[{"embeddable":true,"href":"https:\/\/digitalweb.solutions\/istpure\/fr\/wp-json\/wp\/v2\/users\/1"}],"replies":[{"embeddable":true,"href":"https:\/\/digitalweb.solutions\/istpure\/fr\/wp-json\/wp\/v2\/comments?post=382"}],"version-history":[{"count":0,"href":"https:\/\/digitalweb.solutions\/istpure\/fr\/wp-json\/wp\/v2\/pages\/382\/revisions"}],"up":[{"embeddable":true,"href":"https:\/\/digitalweb.solutions\/istpure\/fr\/wp-json\/wp\/v2\/pages\/380"}],"wp:attachment":[{"href":"https:\/\/digitalweb.solutions\/istpure\/fr\/wp-json\/wp\/v2\/media?parent=382"}],"curies":[{"name":"wp","href":"https:\/\/api.w.org\/{rel}","templated":true}]}}