{"id":387,"date":"2023-10-13T14:15:19","date_gmt":"2023-10-13T18:15:19","guid":{"rendered":"https:\/\/istpure.com\/?page_id=387"},"modified":"2023-10-13T14:15:19","modified_gmt":"2023-10-13T18:15:19","slug":"laveuses-a-ultrasons-de-grand-format","status":"publish","type":"page","link":"https:\/\/digitalweb.solutions\/istpure\/fr\/produits\/laveuses-industrielles\/laveuses-a-ultrason\/laveuses-a-ultrasons-de-grand-format\/","title":{"rendered":"Laveuses \u00e0 ultrasons de grand format"},"content":{"rendered":"<div class=\"wpb-content-wrapper\"><p>[vc_row][vc_column][vc_single_image image=\u00a0\u00bb278&Prime; img_size=\u00a0\u00bb500&#215;350&Prime; alignment=\u00a0\u00bbcenter\u00a0\u00bb css_animation=\u00a0\u00bbfadeInLeft\u00a0\u00bb][\/vc_column][\/vc_row][vc_row full_width=\u00a0\u00bbstretch_row\u00a0\u00bb css=\u00a0\u00bb.vc_custom_1697047523895{margin-bottom: 60px !important;}\u00a0\u00bb][vc_column css_animation=\u00a0\u00bbfadeIn\u00a0\u00bb][vc_column_text]<\/p>\n<h1 style=\"text-align: center\">Laveuses \u00e0 ultrasons de grand format<\/h1>\n<p>[\/vc_column_text][\/vc_column][vc_column css_animation=\u00a0\u00bbfadeInUp\u00a0\u00bb offset=\u00a0\u00bbvc_col-lg-offset-2 vc_col-lg-8 vc_col-md-offset-1 vc_col-md-10 vc_col-xs-12&Prime;][vc_column_text]<\/p>\n<p style=\"text-align: center\">La laveuse industrielle \u00e0 ultrasons UC 6030LT est une station industrielle robuste con\u00e7ue pour le lavage et la restauration de pi\u00e8ces de moyenne \u00e0 grande dimension.<\/p>\n<p style=\"text-align: center\">Cette laveuse poss\u00e8de deux grands r\u00e9servoirs de 100 gallons chacun, permettant de r\u00e9aliser jusqu\u2019\u00e0 deux proc\u00e9d\u00e9s distincts et son puissant syst\u00e8me \u00e0 ultrasons permet de laver en profondeur les cavit\u00e9s et les crevasses des pi\u00e8ces avec un moindre effort.<\/p>\n<p style=\"text-align: center\">Cette laveuse ultrasonique est \u00e9galement dot\u00e9e d\u2019un syst\u00e8me de filtration int\u00e9gr\u00e9 \u00e0 cartouche double avec \u00e9cumage d\u2019huile en surface et r\u00e9servoir de trop-plein et d\u2019une table de chargement d\u2019une capacit\u00e9 de 1 000 livres pour faciliter la manipulation des pi\u00e8ces \u00e0 laver.<\/p>\n<p style=\"text-align: center\">Les laveuses \u00e0 ultrasons d\u2019ISTpure sont compatibles avec une gamme de d\u00e9tergents tous usages de formule exclusive de Puretech disponibles en diff\u00e9rents formats et niveau d\u2019agressivit\u00e9. La temp\u00e9rature et la dur\u00e9e des cycles de lavage sont enti\u00e8rement programmables au moyen d\u2019un contr\u00f4leur num\u00e9rique pour s\u2019arrimer avec vos quarts de travail.<\/p>\n<p>[\/vc_column_text][vc_row_inner][vc_column_inner width=\u00a0\u00bb1\/2&Prime; offset=\u00a0\u00bbvc_col-xs-6&Prime;][vc_btn title=\u00a0\u00bbBrochure produit\u00a0\u00bb style=\u00a0\u00bbflat\u00a0\u00bb shape=\u00a0\u00bbsquare\u00a0\u00bb color=\u00a0\u00bbjuicy-pink\u00a0\u00bb size=\u00a0\u00bbsm\u00a0\u00bb align=\u00a0\u00bbright\u00a0\u00bb i_icon_fontawesome=\u00a0\u00bbfar fa-file-pdf\u00a0\u00bb add_icon=\u00a0\u00bbtrue\u00a0\u00bb link=\u00a0\u00bburl:https%3A%2F%2Fistpure.com%2Fwp-content%2Fuploads%2F2023%2F10%2FISTpure-Laveuse-a-ultrasons-UC-6030-LT-Brochure.pdf|target:_blank\u00a0\u00bb][\/vc_column_inner][vc_column_inner width=\u00a0\u00bb1\/2&Prime; offset=\u00a0\u00bbvc_col-xs-6&Prime;][vc_btn title=\u00a0\u00bbDemander une soumission\u00a0\u00bb style=\u00a0\u00bbflat\u00a0\u00bb shape=\u00a0\u00bbsquare\u00a0\u00bb color=\u00a0\u00bbjuicy-pink\u00a0\u00bb size=\u00a0\u00bbsm\u00a0\u00bb align=\u00a0\u00bbleft\u00a0\u00bb i_icon_fontawesome=\u00a0\u00bbfar fa-file-alt\u00a0\u00bb add_icon=\u00a0\u00bbtrue\u00a0\u00bb link=\u00a0\u00bburl:https%3A%2F%2Fistpure.com%2Ffr%2Fdemande-de-soumission%2F|title:Demander%20une%20soumission\u00a0\u00bb][\/vc_column_inner][\/vc_row_inner][\/vc_column][\/vc_row][vc_row][vc_column][vc_column_text]<\/p>\n<h2>Caract\u00e9ristiques principales<\/h2>\n<p>[\/vc_column_text][\/vc_column][vc_column css_animation=\u00a0\u00bbfadeInLeft\u00a0\u00bb width=\u00a0\u00bb1\/2&Prime;][vc_column_text css=\u00a0\u00bb.vc_custom_1697727078359{margin-bottom: 10px !important;}\u00a0\u00bb]<\/p>\n<ul class=\"fa-ul\">\n<li><i class=\"fa fa-check-square\" style=\"color: #92cc7f\"><\/i> Construction en acier inoxydable poli<\/li>\n<li><i class=\"fa fa-check-square\" style=\"color: #92cc7f\"><\/i> Puissance ultrasonique r\u00e9glable avec fonction de balayage<\/li>\n<li><i class=\"fa fa-check-square\" style=\"color: #92cc7f\"><\/i> Transducteurs 40 kHz doubles<\/li>\n<li><i class=\"fa fa-check-square\" style=\"color: #92cc7f\"><\/i> Commandes programmables pour le cycle de nettoyage par ultrasons<\/li>\n<li><i class=\"fa fa-check-square\" style=\"color: #92cc7f\"><\/i> R\u00e9gulateur de temp\u00e9rature num\u00e9rique<\/li>\n<li><i class=\"fa fa-check-square\" style=\"color: #92cc7f\"><\/i> Isolation du r\u00e9servoir permettant un chauffage rapide et un maintien de la temp\u00e9rature interne<\/li>\n<li><i class=\"fa fa-check-square\" style=\"color: #92cc7f\"><\/i> Capteurs de niveau faible<\/li>\n<li><i class=\"fa fa-check-square\" style=\"color: #92cc7f\"><\/i> Syst\u00e8me de filtration int\u00e9gr\u00e9 : cartouche double avec \u00e9cumage d\u2019huile en surface et r\u00e9servoir de trop-plein<\/li>\n<\/ul>\n<p>[\/vc_column_text][\/vc_column][vc_column css_animation=\u00a0\u00bbfadeInRight\u00a0\u00bb width=\u00a0\u00bb1\/2&Prime;][vc_column_text]<\/p>\n<ul class=\"fa-ul\">\n<li><i class=\"fa fa-check-square\" style=\"color: #92cc7f\"><\/i> Dispositifs de mise \u00e0 niveau<\/li>\n<li><i class=\"fa fa-check-square\" style=\"color: #92cc7f\"><\/i> Deux (2) paniers de pi\u00e8ces sur pleine longueur du r\u00e9servoir<\/li>\n<li><i class=\"fa fa-check-square\" style=\"color: #92cc7f\"><\/i> Couvercle formant plateau d\u2019\u00e9vacuation<\/li>\n<li><i class=\"fa fa-check-square\" style=\"color: #92cc7f\"><\/i> Facile d\u2019utilisation et d\u2019entretien<\/li>\n<li><i class=\"fa fa-check-square\" style=\"color: #92cc7f\"><\/i> Garantie \u2013 1 an sur l\u2019unit\u00e9 compl\u00e8te<\/li>\n<li><i class=\"fa fa-check-square\" style=\"color: #92cc7f\"><\/i> R\u00e9glage de la chaleur par minuterie programmable 7-jours afin de s\u2019adapter \u00e0 votre horaire de travail<\/li>\n<li><i class=\"fa fa-check-square\" style=\"color: #92cc7f\"><\/i> Table de chargement d\u2019une capacit\u00e9 de 1 000 livres<\/li>\n<\/ul>\n<p>[\/vc_column_text][\/vc_column][vc_column css_animation=\u00a0\u00bbbounceInUp\u00a0\u00bb css=\u00a0\u00bb.vc_custom_1697726977588{margin-top: 25px !important;}\u00a0\u00bb][vc_btn title=\u00a0\u00bbSoumission gratuite\u00a0\u00bb style=\u00a0\u00bbflat\u00a0\u00bb shape=\u00a0\u00bbsquare\u00a0\u00bb color=\u00a0\u00bbjuicy-pink\u00a0\u00bb align=\u00a0\u00bbcenter\u00a0\u00bb i_icon_fontawesome=\u00a0\u00bbfar fa-file-alt\u00a0\u00bb add_icon=\u00a0\u00bbtrue\u00a0\u00bb link=\u00a0\u00bburl:https%3A%2F%2Fistpure.com%2Ffr%2Fdemande-de-soumission%2F|title:Soumission%20gratuite\u00a0\u00bb][\/vc_column][\/vc_row][vc_row full_width=\u00a0\u00bbstretch_row\u00a0\u00bb css=\u00a0\u00bb.vc_custom_1697124141364{padding-top: 35px !important;padding-bottom: 35px !important;}\u00a0\u00bb][vc_column css_animation=\u00a0\u00bbfadeInUp\u00a0\u00bb][vc_separator el_width=\u00a0\u00bb70&Prime;][\/vc_column][\/vc_row][vc_row][vc_column css_animation=\u00a0\u00bbfadeInDown\u00a0\u00bb]<div id=\"ultimate-heading-905869d42920f1e0a\" class=\"uvc-heading ult-adjust-bottom-margin ultimate-heading-905869d42920f1e0a uvc-6896  uvc-heading-default-font-sizes\" data-hspacer=\"line_with_icon\" data-hline_width=\"250\" data-hicon_type=\"custom\" data-hborder_style=\"solid\" data-hborder_height=\"3\" data-hborder_color=\"#92cc7f\" data-icon_width=\"25\" data-hfixer=\"10\"  data-halign=\"center\" style=\"text-align:center\"><div class=\"uvc-main-heading ult-responsive\"  data-ultimate-target='.uvc-heading.ultimate-heading-905869d42920f1e0a h3'  data-responsive-json-new='{\"font-size\":\"\",\"line-height\":\"\"}' ><h3 style=\"--font-weight:theme;margin-bottom:10px;\">Pourquoi choisir les nettoyeurs ultrasoniques IST Pure ?<\/h3><\/div><div class=\"uvc-heading-spacer line_with_icon\" style=\"margin-bottom:30px;\"><div class=\"ult-just-icon-wrapper  \"><div class=\"align-icon\" style=\"text-align:center;\">\n<div class=\"aio-icon-img \" style=\"font-size:25px;display:inline-block;\" >\n\t<img decoding=\"async\" class=\"img-icon\" alt=\"null\" src=\"https:\/\/digitalweb.solutions\/istpure\/wp-content\/uploads\/sites\/86\/2023\/10\/leaf-icon.png\"\/>\n<\/div><\/div><\/div><\/div><\/div>[\/vc_column][vc_column css_animation=\u00a0\u00bbfadeInLeft\u00a0\u00bb width=\u00a0\u00bb1\/2&Prime;][vc_column_text css=\u00a0\u00bb.vc_custom_1697650714781{margin-bottom: 10px !important;}\u00a0\u00bb]<\/p>\n<ul class=\"fa-ul\">\n<li><i class=\"fa fa-check-square\" style=\"color: #92cc7f\"><\/i> <strong>Augmentation de la productivit\u00e9<\/strong>: Lavage sans op\u00e9rateur et requ\u00e9rant peu de supervision permettant de r\u00e9duire les co\u00fbts de main-d\u2019\u0153uvre<\/li>\n<li><i class=\"fa fa-check-square\" style=\"color: #92cc7f\"><\/i> <strong>S\u00e9curitaire pour les employ\u00e9s<\/strong>: Remplace les solvants dangereux et corrosifs et ne produit pas de vapeurs pr\u00e9sentant un danger pour l\u2019op\u00e9rateur<\/li>\n<li><i class=\"fa fa-check-square\" style=\"color: #92cc7f\"><\/i> <strong>Proc\u00e9d\u00e9 enti\u00e8rement automatis\u00e9<\/strong>: Programmez simplement la minuterie et la temp\u00e9rature de chauffe et d\u00e9marrez le proc\u00e9d\u00e9 au moyen d\u2019un bouton pressoir<\/li>\n<\/ul>\n<p>[\/vc_column_text][\/vc_column][vc_column css_animation=\u00a0\u00bbfadeInRight\u00a0\u00bb width=\u00a0\u00bb1\/2&Prime;][vc_column_text]<\/p>\n<ul class=\"fa-ul\">\n<li><i class=\"fa fa-check-square\" style=\"color: #92cc7f\"><\/i> <strong>Nettoyage de pr\u00e9cision<\/strong>: Les ondes ultrasoniques permettent un nettoyage en profondeur des cavit\u00e9s et des crevasses difficiles d\u2019acc\u00e8s plus efficacement qu\u2019un lavage manuel<\/li>\n<li><i class=\"fa fa-check-square\" style=\"color: #92cc7f\"><\/i> <strong>Solution \u00e9conomique<\/strong>: Minimise les d\u00e9chets industriels et remplace les solvants de nettoyage corrosifs<\/li>\n<\/ul>\n<p>[\/vc_column_text][\/vc_column][\/vc_row][vc_row full_width=\u00a0\u00bbstretch_row\u00a0\u00bb css=\u00a0\u00bb.vc_custom_1697124141364{padding-top: 35px !important;padding-bottom: 35px !important;}\u00a0\u00bb][vc_column css_animation=\u00a0\u00bbfadeInUp\u00a0\u00bb][vc_separator el_width=\u00a0\u00bb70&Prime;][\/vc_column][\/vc_row][vc_row][vc_column]<div id=\"ultimate-heading-237969d42920f212a\" class=\"uvc-heading ult-adjust-bottom-margin ultimate-heading-237969d42920f212a uvc-5355  uvc-heading-default-font-sizes\" data-hspacer=\"line_with_icon\" data-hline_width=\"250\" data-hicon_type=\"custom\" data-hborder_style=\"solid\" data-hborder_height=\"3\" data-hborder_color=\"#92cc7f\" data-icon_width=\"25\" data-hfixer=\"10\"  data-halign=\"center\" style=\"text-align:center\"><div class=\"uvc-main-heading ult-responsive\"  data-ultimate-target='.uvc-heading.ultimate-heading-237969d42920f212a h3'  data-responsive-json-new='{\"font-size\":\"\",\"line-height\":\"\"}' ><h3 style=\"--font-weight:theme;margin-bottom:10px;\">Jetez un coup d'oeil<\/h3><\/div><div class=\"uvc-heading-spacer line_with_icon\" style=\"margin-bottom:30px;\"><div class=\"ult-just-icon-wrapper  \"><div class=\"align-icon\" style=\"text-align:center;\">\n<div class=\"aio-icon-img \" style=\"font-size:25px;display:inline-block;\" >\n\t<img decoding=\"async\" class=\"img-icon\" alt=\"null\" src=\"https:\/\/digitalweb.solutions\/istpure\/wp-content\/uploads\/sites\/86\/2023\/10\/leaf-icon.png\"\/>\n<\/div><\/div><\/div><\/div><\/div>[\/vc_column][vc_column css_animation=\u00a0\u00bbfadeIn\u00a0\u00bb offset=\u00a0\u00bbvc_col-lg-offset-2 vc_col-lg-8 vc_col-md-offset-1 vc_col-md-10 vc_col-xs-12&Prime;][vc_video link=\u00a0\u00bbhttps:\/\/www.youtube.com\/watch?v=jC6M375N&#8211;I\u00a0\u00bb align=\u00a0\u00bbcenter\u00a0\u00bb][\/vc_column][\/vc_row][vc_row full_width=\u00a0\u00bbstretch_row\u00a0\u00bb css=\u00a0\u00bb.vc_custom_1697124141364{padding-top: 35px !important;padding-bottom: 35px !important;}\u00a0\u00bb][vc_column css_animation=\u00a0\u00bbfadeInUp\u00a0\u00bb][vc_separator el_width=\u00a0\u00bb70&Prime;][\/vc_column][\/vc_row][vc_row][vc_column css_animation=\u00a0\u00bbfadeInUp\u00a0\u00bb]<div id=\"ultimate-heading-708569d42920f2382\" class=\"uvc-heading ult-adjust-bottom-margin ultimate-heading-708569d42920f2382 uvc-6976  uvc-heading-default-font-sizes\" data-hspacer=\"line_with_icon\" data-hline_width=\"250\" data-hicon_type=\"custom\" data-hborder_style=\"solid\" data-hborder_height=\"3\" data-hborder_color=\"#92cc7f\" data-icon_width=\"25\" data-hfixer=\"10\"  data-halign=\"center\" style=\"text-align:center\"><div class=\"uvc-main-heading ult-responsive\"  data-ultimate-target='.uvc-heading.ultimate-heading-708569d42920f2382 h3'  data-responsive-json-new='{\"font-size\":\"\",\"line-height\":\"\"}' ><h3 style=\"--font-weight:theme;margin-bottom:10px;\">Documents<\/h3><\/div><div class=\"uvc-heading-spacer line_with_icon\" style=\"margin-bottom:30px;\"><div class=\"ult-just-icon-wrapper  \"><div class=\"align-icon\" style=\"text-align:center;\">\n<div class=\"aio-icon-img \" style=\"font-size:25px;display:inline-block;\" >\n\t<img decoding=\"async\" class=\"img-icon\" alt=\"null\" src=\"https:\/\/digitalweb.solutions\/istpure\/wp-content\/uploads\/sites\/86\/2023\/10\/leaf-icon.png\"\/>\n<\/div><\/div><\/div><\/div><\/div>[\/vc_column][vc_column css_animation=\u00a0\u00bbfadeInLeft\u00a0\u00bb width=\u00a0\u00bb1\/2&Prime;][vc_column_text css=\u00a0\u00bb.vc_custom_1697726889076{margin-bottom: 10px !important;}\u00a0\u00bb]<\/p>\n<ul class=\"fa-ul\">\n<li><a href=\"http:\/\/digitalweb.solutions\/istpure\/wp-content\/uploads\/sites\/86\/2023\/10\/ISTpure-Brochure-Laveuses-a-ultrasons-industrielles.pdf\" target=\"_blank\" rel=\"noopener\"><i class=\"fa fa-file-pdf-o\" style=\"color: #92cc7f\"><\/i> Laveuses \u00e0 ultrason industrielle IST Pure<\/a><\/li>\n<\/ul>\n<p>[\/vc_column_text][\/vc_column][vc_column css_animation=\u00a0\u00bbfadeInRight\u00a0\u00bb width=\u00a0\u00bb1\/2&Prime;][vc_column_text]<\/p>\n<ul class=\"fa-ul\">\n<li><a href=\"http:\/\/digitalweb.solutions\/istpure\/wp-content\/uploads\/sites\/86\/2023\/10\/ISTpure-Laveuse-a-ultrasons-UC-6030-LT-Brochure.pdf\" target=\"_blank\" rel=\"noopener\"><i class=\"fa fa-file-pdf-o\" style=\"color: #92cc7f\"><\/i> Laveuse \u00e0 ultrason industrielle UC 6030LT brochure produit<\/a><\/li>\n<\/ul>\n<p>[\/vc_column_text][\/vc_column][\/vc_row][vc_row full_width=\u00a0\u00bbstretch_row\u00a0\u00bb bg_type=\u00a0\u00bbimage\u00a0\u00bb parallax_style=\u00a0\u00bbvcpb-vz-jquery\u00a0\u00bb bg_image_new=\u00a0\u00bbid^118|url^http:\/\/digitalweb.solutions\/istpure\/wp-content\/uploads\/sites\/86\/2023\/10\/preview.jpg|caption^null|alt^null|title^preview|description^null\u00a0\u00bb bg_image_repeat=\u00a0\u00bbno-repeat\u00a0\u00bb css=\u00a0\u00bb.vc_custom_1697546037097{padding-top: 90px !important;padding-bottom: 90px !important;background-position: center !important;background-repeat: no-repeat !important;background-size: cover !important;}\u00a0\u00bb][vc_column][vc_column_text]<\/p>\n<h2 style=\"text-align: center\"><span style=\"color: #ffffff\">Vous avez encore des questions ? Parlez \u00e0 un expert produit d\u00e8s aujourd&rsquo;hui !<\/span><\/h2>\n<p>[\/vc_column_text][vc_btn title=\u00a0\u00bbNous joindre\u00a0\u00bb style=\u00a0\u00bbflat\u00a0\u00bb shape=\u00a0\u00bbsquare\u00a0\u00bb color=\u00a0\u00bbsuccess\u00a0\u00bb align=\u00a0\u00bbcenter\u00a0\u00bb link=\u00a0\u00bburl:https%3A%2F%2Fistpure.com%2Ffr%2Fnous-joindre%2F|title:Nois%20joindre\u00a0\u00bb][\/vc_column][\/vc_row]<\/p>\n<\/div>","protected":false},"excerpt":{"rendered":"<p>[vc_row][vc_column][vc_single_image image=\u00a0\u00bb278&Prime; img_size=\u00a0\u00bb500&#215;350&Prime; alignment=\u00a0\u00bbcenter\u00a0\u00bb css_animation=\u00a0\u00bbfadeInLeft\u00a0\u00bb][\/vc_column][\/vc_row][vc_row full_width=\u00a0\u00bbstretch_row\u00a0\u00bb css=\u00a0\u00bb.vc_custom_1697047523895{margin-bottom: 60px !important;}\u00a0\u00bb][vc_column css_animation=\u00a0\u00bbfadeIn\u00a0\u00bb][vc_column_text] Laveuses \u00e0 ultrasons de grand format [\/vc_column_text][\/vc_column][vc_column css_animation=\u00a0\u00bbfadeInUp\u00a0\u00bb offset=\u00a0\u00bbvc_col-lg-offset-2 vc_col-lg-8 vc_col-md-offset-1 vc_col-md-10 vc_col-xs-12&Prime;][vc_column_text] La laveuse industrielle \u00e0 ultrasons UC 6030LT est une station industrielle robuste con\u00e7ue pour le lavage et la restauration de pi\u00e8ces de moyenne \u00e0 grande dimension. Cette laveuse poss\u00e8de deux grands r\u00e9servoirs&hellip;<\/p>\n","protected":false},"author":1,"featured_media":0,"parent":386,"menu_order":0,"comment_status":"closed","ping_status":"closed","template":"","meta":{"footnotes":""},"class_list":["post-387","page","type-page","status-publish","hentry","description-off"],"yoast_head":"<!-- This site is optimized with the Yoast SEO plugin v27.3 - https:\/\/yoast.com\/product\/yoast-seo-wordpress\/ -->\n<title>Laveuses \u00e0 ultrasons de grand format - IST Pure<\/title>\n<meta name=\"robots\" content=\"index, follow, max-snippet:-1, max-image-preview:large, max-video-preview:-1\" \/>\n<link rel=\"canonical\" href=\"https:\/\/digitalweb.solutions\/istpure\/fr\/produits\/laveuses-industrielles\/laveuses-a-ultrason\/laveuses-a-ultrasons-de-grand-format\/\" \/>\n<meta property=\"og:locale\" content=\"fr_FR\" \/>\n<meta property=\"og:type\" content=\"article\" \/>\n<meta property=\"og:title\" content=\"Laveuses \u00e0 ultrasons de grand format - IST Pure\" \/>\n<meta property=\"og:description\" content=\"[vc_row][vc_column][vc_single_image image=\u00a0\u00bb278&Prime; img_size=\u00a0\u00bb500&#215;350&Prime; alignment=\u00a0\u00bbcenter\u00a0\u00bb css_animation=\u00a0\u00bbfadeInLeft\u00a0\u00bb][\/vc_column][\/vc_row][vc_row full_width=\u00a0\u00bbstretch_row\u00a0\u00bb css=\u00a0\u00bb.vc_custom_1697047523895{margin-bottom: 60px !important;}\u00a0\u00bb][vc_column css_animation=\u00a0\u00bbfadeIn\u00a0\u00bb][vc_column_text] Laveuses \u00e0 ultrasons de grand format [\/vc_column_text][\/vc_column][vc_column css_animation=\u00a0\u00bbfadeInUp\u00a0\u00bb offset=\u00a0\u00bbvc_col-lg-offset-2 vc_col-lg-8 vc_col-md-offset-1 vc_col-md-10 vc_col-xs-12&Prime;][vc_column_text] La laveuse industrielle \u00e0 ultrasons UC 6030LT est une station industrielle robuste con\u00e7ue pour le lavage et la restauration de pi\u00e8ces de moyenne \u00e0 grande dimension. Cette laveuse poss\u00e8de deux grands r\u00e9servoirs&hellip;\" \/>\n<meta property=\"og:url\" content=\"https:\/\/digitalweb.solutions\/istpure\/fr\/produits\/laveuses-industrielles\/laveuses-a-ultrason\/laveuses-a-ultrasons-de-grand-format\/\" \/>\n<meta property=\"og:site_name\" content=\"IST Pure\" \/>\n<meta name=\"twitter:card\" content=\"summary_large_image\" \/>\n<meta name=\"twitter:label1\" content=\"Dur\u00e9e de lecture estim\u00e9e\" \/>\n\t<meta name=\"twitter:data1\" content=\"3 minutes\" \/>\n<script type=\"application\/ld+json\" class=\"yoast-schema-graph\">{\"@context\":\"https:\\\/\\\/schema.org\",\"@graph\":[{\"@type\":\"WebPage\",\"@id\":\"https:\\\/\\\/digitalweb.solutions\\\/istpure\\\/fr\\\/produits\\\/laveuses-industrielles\\\/laveuses-a-ultrason\\\/laveuses-a-ultrasons-de-grand-format\\\/\",\"url\":\"https:\\\/\\\/digitalweb.solutions\\\/istpure\\\/fr\\\/produits\\\/laveuses-industrielles\\\/laveuses-a-ultrason\\\/laveuses-a-ultrasons-de-grand-format\\\/\",\"name\":\"Laveuses \u00e0 ultrasons de grand format - IST Pure\",\"isPartOf\":{\"@id\":\"https:\\\/\\\/digitalweb.solutions\\\/istpure\\\/#website\"},\"datePublished\":\"2023-10-13T18:15:19+00:00\",\"breadcrumb\":{\"@id\":\"https:\\\/\\\/digitalweb.solutions\\\/istpure\\\/fr\\\/produits\\\/laveuses-industrielles\\\/laveuses-a-ultrason\\\/laveuses-a-ultrasons-de-grand-format\\\/#breadcrumb\"},\"inLanguage\":\"fr-FR\",\"potentialAction\":[{\"@type\":\"ReadAction\",\"target\":[\"https:\\\/\\\/digitalweb.solutions\\\/istpure\\\/fr\\\/produits\\\/laveuses-industrielles\\\/laveuses-a-ultrason\\\/laveuses-a-ultrasons-de-grand-format\\\/\"]}]},{\"@type\":\"BreadcrumbList\",\"@id\":\"https:\\\/\\\/digitalweb.solutions\\\/istpure\\\/fr\\\/produits\\\/laveuses-industrielles\\\/laveuses-a-ultrason\\\/laveuses-a-ultrasons-de-grand-format\\\/#breadcrumb\",\"itemListElement\":[{\"@type\":\"ListItem\",\"position\":1,\"name\":\"Home\",\"item\":\"https:\\\/\\\/digitalweb.solutions\\\/istpure\\\/\"},{\"@type\":\"ListItem\",\"position\":2,\"name\":\"Produits\",\"item\":\"https:\\\/\\\/digitalweb.solutions\\\/istpure\\\/fr\\\/produits\\\/\"},{\"@type\":\"ListItem\",\"position\":3,\"name\":\"Laveuses Industrielles\",\"item\":\"https:\\\/\\\/digitalweb.solutions\\\/istpure\\\/fr\\\/produits\\\/laveuses-industrielles\\\/\"},{\"@type\":\"ListItem\",\"position\":4,\"name\":\"Laveuses \u00e0 ultrason\",\"item\":\"https:\\\/\\\/digitalweb.solutions\\\/istpure\\\/fr\\\/produits\\\/laveuses-industrielles\\\/laveuses-a-ultrason\\\/\"},{\"@type\":\"ListItem\",\"position\":5,\"name\":\"Laveuses \u00e0 ultrasons de grand format\"}]},{\"@type\":\"WebSite\",\"@id\":\"https:\\\/\\\/digitalweb.solutions\\\/istpure\\\/#website\",\"url\":\"https:\\\/\\\/digitalweb.solutions\\\/istpure\\\/\",\"name\":\"IST Pure\",\"description\":\"\",\"potentialAction\":[{\"@type\":\"SearchAction\",\"target\":{\"@type\":\"EntryPoint\",\"urlTemplate\":\"https:\\\/\\\/digitalweb.solutions\\\/istpure\\\/?s={search_term_string}\"},\"query-input\":{\"@type\":\"PropertyValueSpecification\",\"valueRequired\":true,\"valueName\":\"search_term_string\"}}],\"inLanguage\":\"fr-FR\"}]}<\/script>\n<!-- \/ Yoast SEO plugin. -->","yoast_head_json":{"title":"Laveuses \u00e0 ultrasons de grand format - IST Pure","robots":{"index":"index","follow":"follow","max-snippet":"max-snippet:-1","max-image-preview":"max-image-preview:large","max-video-preview":"max-video-preview:-1"},"canonical":"https:\/\/digitalweb.solutions\/istpure\/fr\/produits\/laveuses-industrielles\/laveuses-a-ultrason\/laveuses-a-ultrasons-de-grand-format\/","og_locale":"fr_FR","og_type":"article","og_title":"Laveuses \u00e0 ultrasons de grand format - IST Pure","og_description":"[vc_row][vc_column][vc_single_image image=\u00a0\u00bb278&Prime; img_size=\u00a0\u00bb500&#215;350&Prime; alignment=\u00a0\u00bbcenter\u00a0\u00bb css_animation=\u00a0\u00bbfadeInLeft\u00a0\u00bb][\/vc_column][\/vc_row][vc_row full_width=\u00a0\u00bbstretch_row\u00a0\u00bb css=\u00a0\u00bb.vc_custom_1697047523895{margin-bottom: 60px !important;}\u00a0\u00bb][vc_column css_animation=\u00a0\u00bbfadeIn\u00a0\u00bb][vc_column_text] Laveuses \u00e0 ultrasons de grand format [\/vc_column_text][\/vc_column][vc_column css_animation=\u00a0\u00bbfadeInUp\u00a0\u00bb offset=\u00a0\u00bbvc_col-lg-offset-2 vc_col-lg-8 vc_col-md-offset-1 vc_col-md-10 vc_col-xs-12&Prime;][vc_column_text] La laveuse industrielle \u00e0 ultrasons UC 6030LT est une station industrielle robuste con\u00e7ue pour le lavage et la restauration de pi\u00e8ces de moyenne \u00e0 grande dimension. Cette laveuse poss\u00e8de deux grands r\u00e9servoirs&hellip;","og_url":"https:\/\/digitalweb.solutions\/istpure\/fr\/produits\/laveuses-industrielles\/laveuses-a-ultrason\/laveuses-a-ultrasons-de-grand-format\/","og_site_name":"IST Pure","twitter_card":"summary_large_image","twitter_misc":{"Dur\u00e9e de lecture estim\u00e9e":"3 minutes"},"schema":{"@context":"https:\/\/schema.org","@graph":[{"@type":"WebPage","@id":"https:\/\/digitalweb.solutions\/istpure\/fr\/produits\/laveuses-industrielles\/laveuses-a-ultrason\/laveuses-a-ultrasons-de-grand-format\/","url":"https:\/\/digitalweb.solutions\/istpure\/fr\/produits\/laveuses-industrielles\/laveuses-a-ultrason\/laveuses-a-ultrasons-de-grand-format\/","name":"Laveuses \u00e0 ultrasons de grand format - IST Pure","isPartOf":{"@id":"https:\/\/digitalweb.solutions\/istpure\/#website"},"datePublished":"2023-10-13T18:15:19+00:00","breadcrumb":{"@id":"https:\/\/digitalweb.solutions\/istpure\/fr\/produits\/laveuses-industrielles\/laveuses-a-ultrason\/laveuses-a-ultrasons-de-grand-format\/#breadcrumb"},"inLanguage":"fr-FR","potentialAction":[{"@type":"ReadAction","target":["https:\/\/digitalweb.solutions\/istpure\/fr\/produits\/laveuses-industrielles\/laveuses-a-ultrason\/laveuses-a-ultrasons-de-grand-format\/"]}]},{"@type":"BreadcrumbList","@id":"https:\/\/digitalweb.solutions\/istpure\/fr\/produits\/laveuses-industrielles\/laveuses-a-ultrason\/laveuses-a-ultrasons-de-grand-format\/#breadcrumb","itemListElement":[{"@type":"ListItem","position":1,"name":"Home","item":"https:\/\/digitalweb.solutions\/istpure\/"},{"@type":"ListItem","position":2,"name":"Produits","item":"https:\/\/digitalweb.solutions\/istpure\/fr\/produits\/"},{"@type":"ListItem","position":3,"name":"Laveuses Industrielles","item":"https:\/\/digitalweb.solutions\/istpure\/fr\/produits\/laveuses-industrielles\/"},{"@type":"ListItem","position":4,"name":"Laveuses \u00e0 ultrason","item":"https:\/\/digitalweb.solutions\/istpure\/fr\/produits\/laveuses-industrielles\/laveuses-a-ultrason\/"},{"@type":"ListItem","position":5,"name":"Laveuses \u00e0 ultrasons de grand format"}]},{"@type":"WebSite","@id":"https:\/\/digitalweb.solutions\/istpure\/#website","url":"https:\/\/digitalweb.solutions\/istpure\/","name":"IST Pure","description":"","potentialAction":[{"@type":"SearchAction","target":{"@type":"EntryPoint","urlTemplate":"https:\/\/digitalweb.solutions\/istpure\/?s={search_term_string}"},"query-input":{"@type":"PropertyValueSpecification","valueRequired":true,"valueName":"search_term_string"}}],"inLanguage":"fr-FR"}]}},"_links":{"self":[{"href":"https:\/\/digitalweb.solutions\/istpure\/fr\/wp-json\/wp\/v2\/pages\/387","targetHints":{"allow":["GET"]}}],"collection":[{"href":"https:\/\/digitalweb.solutions\/istpure\/fr\/wp-json\/wp\/v2\/pages"}],"about":[{"href":"https:\/\/digitalweb.solutions\/istpure\/fr\/wp-json\/wp\/v2\/types\/page"}],"author":[{"embeddable":true,"href":"https:\/\/digitalweb.solutions\/istpure\/fr\/wp-json\/wp\/v2\/users\/1"}],"replies":[{"embeddable":true,"href":"https:\/\/digitalweb.solutions\/istpure\/fr\/wp-json\/wp\/v2\/comments?post=387"}],"version-history":[{"count":0,"href":"https:\/\/digitalweb.solutions\/istpure\/fr\/wp-json\/wp\/v2\/pages\/387\/revisions"}],"up":[{"embeddable":true,"href":"https:\/\/digitalweb.solutions\/istpure\/fr\/wp-json\/wp\/v2\/pages\/386"}],"wp:attachment":[{"href":"https:\/\/digitalweb.solutions\/istpure\/fr\/wp-json\/wp\/v2\/media?parent=387"}],"curies":[{"name":"wp","href":"https:\/\/api.w.org\/{rel}","templated":true}]}}