{"id":391,"date":"2023-10-11T12:48:39","date_gmt":"2023-10-11T16:48:39","guid":{"rendered":"https:\/\/istpure.com\/?page_id=391"},"modified":"2023-10-11T12:48:39","modified_gmt":"2023-10-11T16:48:39","slug":"recycleurs-de-solvant-par-lot","status":"publish","type":"page","link":"https:\/\/digitalweb.solutions\/istpure\/fr\/produits\/recycleurs-de-solvant\/recycleurs-de-solvant-par-lot\/","title":{"rendered":"Recycleurs de solvant par lot"},"content":{"rendered":"<div class=\"wpb-content-wrapper\"><p>[vc_row full_width=\u00a0\u00bbstretch_row\u00a0\u00bb css=\u00a0\u00bb.vc_custom_1697047523895{margin-bottom: 60px !important;}\u00a0\u00bb][vc_column css_animation=\u00a0\u00bbfadeIn\u00a0\u00bb offset=\u00a0\u00bbvc_col-lg-offset-2 vc_col-lg-8 vc_col-md-offset-1 vc_col-md-10 vc_col-xs-12&Prime;][vc_column_text]<\/p>\n<h2 style=\"text-align: center\">R\u00e9duisez consid\u00e9rablement vos co\u00fbts d&rsquo;achat et d&rsquo;\u00e9limination des solvants<\/h2>\n<p>[\/vc_column_text][vc_column_text]<\/p>\n<p style=\"text-align: center\">La gamme de\u00a0<strong>recycleurs de solvants<\/strong>\u00a0de S\u00e9rie SR permet de r\u00e9aliser des\u00a0<em>proc\u00e9d\u00e9s de distillation enti\u00e8rement automatis\u00e9s<\/em>\u00a0\u00e0 toutes les six heures et sont offerts en des capacit\u00e9s de traitement de 30, 60, 120, 180 et 240 litres.<\/p>\n<p>[\/vc_column_text][vc_row_inner][vc_column_inner width=\u00a0\u00bb1\/2&Prime; offset=\u00a0\u00bbvc_col-xs-6&Prime;][vc_btn title=\u00a0\u00bbBrochure produit\u00a0\u00bb style=\u00a0\u00bbflat\u00a0\u00bb shape=\u00a0\u00bbsquare\u00a0\u00bb color=\u00a0\u00bbjuicy-pink\u00a0\u00bb size=\u00a0\u00bbsm\u00a0\u00bb align=\u00a0\u00bbright\u00a0\u00bb i_icon_fontawesome=\u00a0\u00bbfar fa-file-pdf\u00a0\u00bb add_icon=\u00a0\u00bbtrue\u00a0\u00bb link=\u00a0\u00bburl:https%3A%2F%2Fistpure.com%2Fwp-content%2Fuploads%2F2023%2F10%2FISTpure-Brochure-Recycleurs-de-solvants-1.pdf|title:Recycleurs%20de%20solvant%20par%20lot|target:_blank\u00a0\u00bb][\/vc_column_inner][vc_column_inner width=\u00a0\u00bb1\/2&Prime; offset=\u00a0\u00bbvc_col-xs-6&Prime;][vc_btn title=\u00a0\u00bbDemande de soumission\u00a0\u00bb style=\u00a0\u00bbflat\u00a0\u00bb shape=\u00a0\u00bbsquare\u00a0\u00bb color=\u00a0\u00bbjuicy-pink\u00a0\u00bb size=\u00a0\u00bbsm\u00a0\u00bb align=\u00a0\u00bbleft\u00a0\u00bb i_icon_fontawesome=\u00a0\u00bbfar fa-file-alt\u00a0\u00bb add_icon=\u00a0\u00bbtrue\u00a0\u00bb link=\u00a0\u00bburl:https%3A%2F%2Fistpure.com%2Ffr%2Fdemande-de-soumission%2F|title:Demande%20de%20soumission\u00a0\u00bb][\/vc_column_inner][\/vc_row_inner][\/vc_column][\/vc_row][vc_row][vc_column css_animation=\u00a0\u00bbfadeInDown\u00a0\u00bb]<div id=\"ultimate-heading-727969f4f7968cc65\" class=\"uvc-heading ult-adjust-bottom-margin ultimate-heading-727969f4f7968cc65 uvc-9213  uvc-heading-default-font-sizes\" data-hspacer=\"line_with_icon\" data-hline_width=\"250\" data-hicon_type=\"custom\" data-hborder_style=\"solid\" data-hborder_height=\"3\" data-hborder_color=\"#92cc7f\" data-icon_width=\"25\" data-hfixer=\"10\"  data-halign=\"center\" style=\"text-align:center\"><div class=\"uvc-main-heading ult-responsive\"  data-ultimate-target='.uvc-heading.ultimate-heading-727969f4f7968cc65 h3'  data-responsive-json-new='{\"font-size\":\"\",\"line-height\":\"\"}' ><h3 style=\"--font-weight:theme;margin-bottom:10px;\">Pourquoi choisir les recycleurs de solvants par lot IST Pure ?<\/h3><\/div><div class=\"uvc-heading-spacer line_with_icon\" style=\"margin-bottom:30px;\"><div class=\"ult-just-icon-wrapper  \"><div class=\"align-icon\" style=\"text-align:center;\">\n<div class=\"aio-icon-img \" style=\"font-size:25px;display:inline-block;\" >\n\t<img decoding=\"async\" class=\"img-icon\" alt=\"null\" src=\"https:\/\/digitalweb.solutions\/istpure\/wp-content\/uploads\/sites\/86\/2023\/10\/leaf-icon.png\"\/>\n<\/div><\/div><\/div><\/div><\/div>[\/vc_column][vc_column css_animation=\u00a0\u00bbfadeInLeft\u00a0\u00bb width=\u00a0\u00bb1\/2&Prime;][vc_column_text css=\u00a0\u00bb.vc_custom_1700763404993{margin-bottom: 10px !important;}\u00a0\u00bb]<\/p>\n<ul class=\"fa-ul\">\n<li><i class=\"fa fa-check-square\" style=\"color: #92cc7f\"><\/i> <strong>Durable<\/strong>: R\u00e9servoir fabriqu\u00e9 en acier inoxydable robuste et \u00e0 l\u2019\u00e9preuve de la corrosion.<\/li>\n<li><i class=\"fa fa-check-square\" style=\"color: #92cc7f\"><\/i> <strong>Pratiquement sans supervision<\/strong>: Ne requi\u00e8re que tr\u00e8s de supervision et d\u2019entretien, un simple entretien p\u00e9riodique d\u2019environ 4 heures \u00e0 chaque 2 000 heures d\u2019op\u00e9ration.<\/li>\n<li><i class=\"fa fa-check-square\" style=\"color: #92cc7f\"><\/i> <strong>Certifi\u00e9 partout en Am\u00e9rique du Nord<\/strong>: Certifi\u00e9 par QPS USA et CAN UL au standard UL 2208, Classe I, Div. 1, Groupe D et conformes aux codes NFPA (30, 33, 70).<\/li>\n<\/ul>\n<p>[\/vc_column_text][\/vc_column][vc_column css_animation=\u00a0\u00bbfadeInRight\u00a0\u00bb width=\u00a0\u00bb1\/2&Prime;][vc_column_text]<\/p>\n<ul class=\"fa-ul\">\n<li><i class=\"fa fa-check-square\" style=\"color: #92cc7f\"><\/i> <strong>\u00c9conomique<\/strong>: La plupart de nos clients ont obtenu un retour sur investissement (ROI) en aussi peu que 12 mois!<\/li>\n<li><i class=\"fa fa-check-square\" style=\"color: #92cc7f\"><\/i> <strong>Pratiquement sans supervision<\/strong>: Ne requi\u00e8re que tr\u00e8s de supervision et d\u2019entretien, un simple entretien p\u00e9riodique d\u2019environ 4 heures \u00e0 chaque 2 000 heures d\u2019op\u00e9ration.<\/li>\n<li><i class=\"fa fa-check-square\" style=\"color: #92cc7f\"><\/i> <strong>Garantie<\/strong>: Appuy\u00e9e par la meilleure garantie du manufacturier pendant 2 ans.<\/li>\n<\/ul>\n<p>[\/vc_column_text][\/vc_column][vc_column css=\u00a0\u00bb.vc_custom_1706713117861{margin-top: 30px !important;}\u00a0\u00bb][vc_column_text css_animation=\u00a0\u00bbfadeInLeft\u00a0\u00bb]<\/p>\n<h3 style=\"text-align: center\">Nos recycleurs de solvants vous permettront <span style=\"color: #83c97a\">d&rsquo;\u00e9conomiser des milliers de dollars par mois<\/span>, avec une <span style=\"color: #83c97a\">p\u00e9riode d&rsquo;amortissement de seulement 6 mois!<\/span><\/h3>\n<p>[\/vc_column_text][vc_btn title=\u00a0\u00bbCalculez vos \u00e9conomies\u00a0\u00bb style=\u00a0\u00bbflat\u00a0\u00bb shape=\u00a0\u00bbsquare\u00a0\u00bb color=\u00a0\u00bbjuicy-pink\u00a0\u00bb align=\u00a0\u00bbcenter\u00a0\u00bb i_icon_fontawesome=\u00a0\u00bbfas fa-calculator\u00a0\u00bb css_animation=\u00a0\u00bbbounceInUp\u00a0\u00bb add_icon=\u00a0\u00bbtrue\u00a0\u00bb link=\u00a0\u00bburl:https%3A%2F%2Fisttools.digitalweb.solutions%2Fsolvent-recycler-roi-calculator%3Flang%3Dfr|target:_blank\u00a0\u00bb][\/vc_column][\/vc_row][vc_row full_width=\u00a0\u00bbstretch_row\u00a0\u00bb css=\u00a0\u00bb.vc_custom_1697124141364{padding-top: 35px !important;padding-bottom: 35px !important;}\u00a0\u00bb][vc_column css_animation=\u00a0\u00bbfadeInUp\u00a0\u00bb][vc_separator el_width=\u00a0\u00bb70&Prime;][\/vc_column][\/vc_row][vc_row gap=\u00a0\u00bb35&Prime; equal_height=\u00a0\u00bbyes\u00a0\u00bb content_placement=\u00a0\u00bbmiddle\u00a0\u00bb css=\u00a0\u00bb.vc_custom_1697048135077{margin-bottom: 60px !important;}\u00a0\u00bb][vc_column css_animation=\u00a0\u00bbfadeInLeft\u00a0\u00bb width=\u00a0\u00bb5\/12&Prime; offset=\u00a0\u00bbvc_hidden-sm vc_hidden-xs\u00a0\u00bb][vc_single_image image=\u00a0\u00bb127&Prime; img_size=\u00a0\u00bblarge\u00a0\u00bb alignment=\u00a0\u00bbcenter\u00a0\u00bb][\/vc_column][vc_column css_animation=\u00a0\u00bbfadeInRight\u00a0\u00bb width=\u00a0\u00bb7\/12&Prime; offset=\u00a0\u00bbvc_hidden-sm vc_hidden-xs\u00a0\u00bb][vc_column_text]<\/p>\n<h2 style=\"text-align: left\">Recycleurs de solvants par lot de petite capacit\u00e9<\/h2>\n<p>[\/vc_column_text][vc_column_text]<\/p>\n<p style=\"text-align: center\">Nos recycleurs de solvants par lots de petite capacit\u00e9 sont id\u00e9aux pour les applications n\u00e9cessitant le recyclage sur demande de petits volumes de solvants.<\/p>\n<p>[\/vc_column_text][vc_btn title=\u00a0\u00bbEn savoir plus\u00a0\u00bb style=\u00a0\u00bbflat\u00a0\u00bb shape=\u00a0\u00bbsquare\u00a0\u00bb color=\u00a0\u00bbjuicy-pink\u00a0\u00bb i_align=\u00a0\u00bbright\u00a0\u00bb i_icon_fontawesome=\u00a0\u00bbfas fa-long-arrow-alt-right\u00a0\u00bb add_icon=\u00a0\u00bbtrue\u00a0\u00bb link=\u00a0\u00bburl:https%3A%2F%2Fistpure.com%2Ffr%2Fproduits%2Frecycleurs-de-solvant%2Frecycleurs-de-solvant-par-lot%2Fpetite-capacite%2F|title:Recycleurs%20de%20solvants%20par%20lot%20de%20petite%20capacit%C3%A9&Prime;][\/vc_column][vc_column css_animation=\u00a0\u00bbfadeInLeft\u00a0\u00bb offset=\u00a0\u00bbvc_hidden-lg vc_hidden-md\u00a0\u00bb][vc_single_image image=\u00a0\u00bb127&Prime; img_size=\u00a0\u00bblarge\u00a0\u00bb alignment=\u00a0\u00bbcenter\u00a0\u00bb][vc_column_text]<\/p>\n<h2 style=\"text-align: center\">Recycleurs de solvants par lot de petite capacit\u00e9<\/h2>\n<p>[\/vc_column_text][vc_column_text]<\/p>\n<p style=\"text-align: center\">Nos recycleurs de solvants par lots de petite capacit\u00e9 sont id\u00e9aux pour les applications n\u00e9cessitant le recyclage sur demande de petits volumes de solvants.<\/p>\n<p>[\/vc_column_text][vc_btn title=\u00a0\u00bbEn savoir plus\u00a0\u00bb style=\u00a0\u00bbflat\u00a0\u00bb shape=\u00a0\u00bbsquare\u00a0\u00bb color=\u00a0\u00bbjuicy-pink\u00a0\u00bb align=\u00a0\u00bbcenter\u00a0\u00bb i_align=\u00a0\u00bbright\u00a0\u00bb i_icon_fontawesome=\u00a0\u00bbfas fa-long-arrow-alt-right\u00a0\u00bb add_icon=\u00a0\u00bbtrue\u00a0\u00bb link=\u00a0\u00bburl:https%3A%2F%2Fistpure.com%2Ffr%2Fproduits%2Frecycleurs-de-solvant%2Frecycleurs-de-solvant-par-lot%2Fpetite-capacite%2F|title:Recycleurs%20de%20solvants%20par%20lot%20de%20petite%20capacit%C3%A9&Prime;][\/vc_column][\/vc_row][vc_row full_width=\u00a0\u00bbstretch_row\u00a0\u00bb css=\u00a0\u00bb.vc_custom_1697124141364{padding-top: 35px !important;padding-bottom: 35px !important;}\u00a0\u00bb][vc_column css_animation=\u00a0\u00bbfadeInUp\u00a0\u00bb][vc_separator el_width=\u00a0\u00bb70&Prime;][\/vc_column][\/vc_row][vc_row gap=\u00a0\u00bb35&Prime; equal_height=\u00a0\u00bbyes\u00a0\u00bb content_placement=\u00a0\u00bbmiddle\u00a0\u00bb css=\u00a0\u00bb.vc_custom_1697048140141{margin-bottom: 60px !important;}\u00a0\u00bb][vc_column css_animation=\u00a0\u00bbfadeInLeft\u00a0\u00bb width=\u00a0\u00bb7\/12&Prime; offset=\u00a0\u00bbvc_hidden-sm vc_hidden-xs\u00a0\u00bb][vc_column_text]<\/p>\n<h2 style=\"text-align: left\">Recycleurs de solvants par lot de grande capacit\u00e9<\/h2>\n<p>[\/vc_column_text][vc_column_text]<\/p>\n<p style=\"text-align: left\">Les recycleurs de solvants de grandes capacit\u00e9s conviennent aux entreprises industrielles qui ont un volume de consommation \u00e9quivalent \u00e0 environ 240 litres par jour ou moins.<\/p>\n<p>[\/vc_column_text][vc_btn title=\u00a0\u00bbEn savoir plus\u00a0\u00bb style=\u00a0\u00bbflat\u00a0\u00bb shape=\u00a0\u00bbsquare\u00a0\u00bb color=\u00a0\u00bbjuicy-pink\u00a0\u00bb i_align=\u00a0\u00bbright\u00a0\u00bb i_icon_fontawesome=\u00a0\u00bbfas fa-long-arrow-alt-right\u00a0\u00bb add_icon=\u00a0\u00bbtrue\u00a0\u00bb link=\u00a0\u00bburl:https%3A%2F%2Fistpure.com%2Ffr%2Fproduits%2Frecycleurs-de-solvant%2Frecycleurs-de-solvant-par-lot%2Frecycleurs-grande-capacite%2F|title:Recycleurs%20de%20solvants%20par%20lot%20de%20grande%20capacit%C3%A9&Prime;][\/vc_column][vc_column css_animation=\u00a0\u00bbfadeInRight\u00a0\u00bb width=\u00a0\u00bb5\/12&Prime; offset=\u00a0\u00bbvc_hidden-sm vc_hidden-xs\u00a0\u00bb][vc_single_image image=\u00a0\u00bb124&Prime; img_size=\u00a0\u00bblarge\u00a0\u00bb alignment=\u00a0\u00bbcenter\u00a0\u00bb][\/vc_column][vc_column css_animation=\u00a0\u00bbfadeInRight\u00a0\u00bb offset=\u00a0\u00bbvc_hidden-lg vc_hidden-md\u00a0\u00bb][vc_single_image image=\u00a0\u00bb124&Prime; img_size=\u00a0\u00bblarge\u00a0\u00bb alignment=\u00a0\u00bbcenter\u00a0\u00bb][vc_column_text]<\/p>\n<h2 style=\"text-align: center\">Recycleurs de solvants par lot de grande capacit\u00e9<\/h2>\n<p>[\/vc_column_text][vc_column_text]<\/p>\n<p style=\"text-align: center\">Les recycleurs de solvants de grandes capacit\u00e9s conviennent aux entreprises industrielles qui ont un volume de consommation \u00e9quivalent \u00e0 environ 240 litres par jour ou moins.<\/p>\n<p>[\/vc_column_text][vc_btn title=\u00a0\u00bbEn savoir plus\u00a0\u00bb style=\u00a0\u00bbflat\u00a0\u00bb shape=\u00a0\u00bbsquare\u00a0\u00bb color=\u00a0\u00bbjuicy-pink\u00a0\u00bb align=\u00a0\u00bbcenter\u00a0\u00bb i_align=\u00a0\u00bbright\u00a0\u00bb i_icon_fontawesome=\u00a0\u00bbfas fa-long-arrow-alt-right\u00a0\u00bb add_icon=\u00a0\u00bbtrue\u00a0\u00bb link=\u00a0\u00bburl:https%3A%2F%2Fistpure.com%2Ffr%2Fproduits%2Frecycleurs-de-solvant%2Frecycleurs-de-solvant-par-lot%2Frecycleurs-grande-capacite%2F|title:Recycleurs%20de%20solvants%20par%20lot%20de%20grande%20capacit%C3%A9&Prime;][\/vc_column][\/vc_row][vc_row full_width=\u00a0\u00bbstretch_row\u00a0\u00bb bg_type=\u00a0\u00bbimage\u00a0\u00bb parallax_style=\u00a0\u00bbvcpb-vz-jquery\u00a0\u00bb bg_image_new=\u00a0\u00bbid^118|url^http:\/\/digitalweb.solutions\/istpure\/wp-content\/uploads\/sites\/86\/2023\/10\/preview.jpg|caption^null|alt^null|title^preview|description^null\u00a0\u00bb bg_image_repeat=\u00a0\u00bbno-repeat\u00a0\u00bb css=\u00a0\u00bb.vc_custom_1697546037097{padding-top: 90px !important;padding-bottom: 90px !important;background-position: center !important;background-repeat: no-repeat !important;background-size: cover !important;}\u00a0\u00bb][vc_column][vc_column_text]<\/p>\n<h2 style=\"text-align: center\"><span style=\"color: #ffffff\">Vous avez encore des questions ? Parlez \u00e0 un expert produit d\u00e8s aujourd&rsquo;hui !<\/span><\/h2>\n<p>[\/vc_column_text][vc_btn title=\u00a0\u00bbNous joindre\u00a0\u00bb style=\u00a0\u00bbflat\u00a0\u00bb shape=\u00a0\u00bbsquare\u00a0\u00bb color=\u00a0\u00bbsuccess\u00a0\u00bb align=\u00a0\u00bbcenter\u00a0\u00bb link=\u00a0\u00bburl:https%3A%2F%2Fistpure.com%2Ffr%2Fnous-joindre%2F|title:Nois%20joindre\u00a0\u00bb][\/vc_column][\/vc_row]<\/p>\n<\/div>","protected":false},"excerpt":{"rendered":"<p>[vc_row full_width=\u00a0\u00bbstretch_row\u00a0\u00bb css=\u00a0\u00bb.vc_custom_1697047523895{margin-bottom: 60px !important;}\u00a0\u00bb][vc_column css_animation=\u00a0\u00bbfadeIn\u00a0\u00bb offset=\u00a0\u00bbvc_col-lg-offset-2 vc_col-lg-8 vc_col-md-offset-1 vc_col-md-10 vc_col-xs-12&Prime;][vc_column_text] R\u00e9duisez consid\u00e9rablement vos co\u00fbts d&rsquo;achat et d&rsquo;\u00e9limination des solvants [\/vc_column_text][vc_column_text] La gamme de\u00a0recycleurs de solvants\u00a0de S\u00e9rie SR permet de r\u00e9aliser des\u00a0proc\u00e9d\u00e9s de distillation enti\u00e8rement automatis\u00e9s\u00a0\u00e0 toutes les six heures et sont offerts en des capacit\u00e9s de traitement de 30, 60, 120, 180 et 240&hellip;<\/p>\n","protected":false},"author":1,"featured_media":0,"parent":378,"menu_order":0,"comment_status":"closed","ping_status":"closed","template":"","meta":{"footnotes":""},"class_list":["post-391","page","type-page","status-publish","hentry","description-off"],"yoast_head":"<!-- This site is optimized with the Yoast SEO plugin v27.5 - https:\/\/yoast.com\/product\/yoast-seo-wordpress\/ -->\n<title>Recycleurs de solvant par lot - IST Pure<\/title>\n<meta name=\"robots\" content=\"index, follow, max-snippet:-1, max-image-preview:large, max-video-preview:-1\" \/>\n<link rel=\"canonical\" href=\"https:\/\/digitalweb.solutions\/istpure\/fr\/produits\/recycleurs-de-solvant\/recycleurs-de-solvant-par-lot\/\" \/>\n<meta property=\"og:locale\" content=\"fr_FR\" \/>\n<meta property=\"og:type\" content=\"article\" \/>\n<meta property=\"og:title\" content=\"Recycleurs de solvant par lot - IST Pure\" \/>\n<meta property=\"og:description\" content=\"[vc_row full_width=\u00a0\u00bbstretch_row\u00a0\u00bb css=\u00a0\u00bb.vc_custom_1697047523895{margin-bottom: 60px !important;}\u00a0\u00bb][vc_column css_animation=\u00a0\u00bbfadeIn\u00a0\u00bb offset=\u00a0\u00bbvc_col-lg-offset-2 vc_col-lg-8 vc_col-md-offset-1 vc_col-md-10 vc_col-xs-12&Prime;][vc_column_text] R\u00e9duisez consid\u00e9rablement vos co\u00fbts d&rsquo;achat et d&rsquo;\u00e9limination des solvants [\/vc_column_text][vc_column_text] La gamme de\u00a0recycleurs de solvants\u00a0de S\u00e9rie SR permet de r\u00e9aliser des\u00a0proc\u00e9d\u00e9s de distillation enti\u00e8rement automatis\u00e9s\u00a0\u00e0 toutes les six heures et sont offerts en des capacit\u00e9s de traitement de 30, 60, 120, 180 et 240&hellip;\" \/>\n<meta property=\"og:url\" content=\"https:\/\/digitalweb.solutions\/istpure\/fr\/produits\/recycleurs-de-solvant\/recycleurs-de-solvant-par-lot\/\" \/>\n<meta property=\"og:site_name\" content=\"IST Pure\" \/>\n<meta name=\"twitter:card\" content=\"summary_large_image\" \/>\n<meta name=\"twitter:label1\" content=\"Dur\u00e9e de lecture estim\u00e9e\" \/>\n\t<meta name=\"twitter:data1\" content=\"3 minutes\" \/>\n<script type=\"application\/ld+json\" class=\"yoast-schema-graph\">{\"@context\":\"https:\\\/\\\/schema.org\",\"@graph\":[{\"@type\":\"WebPage\",\"@id\":\"https:\\\/\\\/digitalweb.solutions\\\/istpure\\\/fr\\\/produits\\\/recycleurs-de-solvant\\\/recycleurs-de-solvant-par-lot\\\/\",\"url\":\"https:\\\/\\\/digitalweb.solutions\\\/istpure\\\/fr\\\/produits\\\/recycleurs-de-solvant\\\/recycleurs-de-solvant-par-lot\\\/\",\"name\":\"Recycleurs de solvant par lot - IST Pure\",\"isPartOf\":{\"@id\":\"https:\\\/\\\/digitalweb.solutions\\\/istpure\\\/#website\"},\"datePublished\":\"2023-10-11T16:48:39+00:00\",\"breadcrumb\":{\"@id\":\"https:\\\/\\\/digitalweb.solutions\\\/istpure\\\/fr\\\/produits\\\/recycleurs-de-solvant\\\/recycleurs-de-solvant-par-lot\\\/#breadcrumb\"},\"inLanguage\":\"fr-FR\",\"potentialAction\":[{\"@type\":\"ReadAction\",\"target\":[\"https:\\\/\\\/digitalweb.solutions\\\/istpure\\\/fr\\\/produits\\\/recycleurs-de-solvant\\\/recycleurs-de-solvant-par-lot\\\/\"]}]},{\"@type\":\"BreadcrumbList\",\"@id\":\"https:\\\/\\\/digitalweb.solutions\\\/istpure\\\/fr\\\/produits\\\/recycleurs-de-solvant\\\/recycleurs-de-solvant-par-lot\\\/#breadcrumb\",\"itemListElement\":[{\"@type\":\"ListItem\",\"position\":1,\"name\":\"Home\",\"item\":\"https:\\\/\\\/digitalweb.solutions\\\/istpure\\\/\"},{\"@type\":\"ListItem\",\"position\":2,\"name\":\"Produits\",\"item\":\"https:\\\/\\\/digitalweb.solutions\\\/istpure\\\/fr\\\/produits\\\/\"},{\"@type\":\"ListItem\",\"position\":3,\"name\":\"Recycleurs de solvant\",\"item\":\"https:\\\/\\\/digitalweb.solutions\\\/istpure\\\/fr\\\/produits\\\/recycleurs-de-solvant\\\/\"},{\"@type\":\"ListItem\",\"position\":4,\"name\":\"Recycleurs de solvant par lot\"}]},{\"@type\":\"WebSite\",\"@id\":\"https:\\\/\\\/digitalweb.solutions\\\/istpure\\\/#website\",\"url\":\"https:\\\/\\\/digitalweb.solutions\\\/istpure\\\/\",\"name\":\"IST Pure\",\"description\":\"\",\"potentialAction\":[{\"@type\":\"SearchAction\",\"target\":{\"@type\":\"EntryPoint\",\"urlTemplate\":\"https:\\\/\\\/digitalweb.solutions\\\/istpure\\\/?s={search_term_string}\"},\"query-input\":{\"@type\":\"PropertyValueSpecification\",\"valueRequired\":true,\"valueName\":\"search_term_string\"}}],\"inLanguage\":\"fr-FR\"}]}<\/script>\n<!-- \/ Yoast SEO plugin. -->","yoast_head_json":{"title":"Recycleurs de solvant par lot - IST Pure","robots":{"index":"index","follow":"follow","max-snippet":"max-snippet:-1","max-image-preview":"max-image-preview:large","max-video-preview":"max-video-preview:-1"},"canonical":"https:\/\/digitalweb.solutions\/istpure\/fr\/produits\/recycleurs-de-solvant\/recycleurs-de-solvant-par-lot\/","og_locale":"fr_FR","og_type":"article","og_title":"Recycleurs de solvant par lot - IST Pure","og_description":"[vc_row full_width=\u00a0\u00bbstretch_row\u00a0\u00bb css=\u00a0\u00bb.vc_custom_1697047523895{margin-bottom: 60px !important;}\u00a0\u00bb][vc_column css_animation=\u00a0\u00bbfadeIn\u00a0\u00bb offset=\u00a0\u00bbvc_col-lg-offset-2 vc_col-lg-8 vc_col-md-offset-1 vc_col-md-10 vc_col-xs-12&Prime;][vc_column_text] R\u00e9duisez consid\u00e9rablement vos co\u00fbts d&rsquo;achat et d&rsquo;\u00e9limination des solvants [\/vc_column_text][vc_column_text] La gamme de\u00a0recycleurs de solvants\u00a0de S\u00e9rie SR permet de r\u00e9aliser des\u00a0proc\u00e9d\u00e9s de distillation enti\u00e8rement automatis\u00e9s\u00a0\u00e0 toutes les six heures et sont offerts en des capacit\u00e9s de traitement de 30, 60, 120, 180 et 240&hellip;","og_url":"https:\/\/digitalweb.solutions\/istpure\/fr\/produits\/recycleurs-de-solvant\/recycleurs-de-solvant-par-lot\/","og_site_name":"IST Pure","twitter_card":"summary_large_image","twitter_misc":{"Dur\u00e9e de lecture estim\u00e9e":"3 minutes"},"schema":{"@context":"https:\/\/schema.org","@graph":[{"@type":"WebPage","@id":"https:\/\/digitalweb.solutions\/istpure\/fr\/produits\/recycleurs-de-solvant\/recycleurs-de-solvant-par-lot\/","url":"https:\/\/digitalweb.solutions\/istpure\/fr\/produits\/recycleurs-de-solvant\/recycleurs-de-solvant-par-lot\/","name":"Recycleurs de solvant par lot - IST Pure","isPartOf":{"@id":"https:\/\/digitalweb.solutions\/istpure\/#website"},"datePublished":"2023-10-11T16:48:39+00:00","breadcrumb":{"@id":"https:\/\/digitalweb.solutions\/istpure\/fr\/produits\/recycleurs-de-solvant\/recycleurs-de-solvant-par-lot\/#breadcrumb"},"inLanguage":"fr-FR","potentialAction":[{"@type":"ReadAction","target":["https:\/\/digitalweb.solutions\/istpure\/fr\/produits\/recycleurs-de-solvant\/recycleurs-de-solvant-par-lot\/"]}]},{"@type":"BreadcrumbList","@id":"https:\/\/digitalweb.solutions\/istpure\/fr\/produits\/recycleurs-de-solvant\/recycleurs-de-solvant-par-lot\/#breadcrumb","itemListElement":[{"@type":"ListItem","position":1,"name":"Home","item":"https:\/\/digitalweb.solutions\/istpure\/"},{"@type":"ListItem","position":2,"name":"Produits","item":"https:\/\/digitalweb.solutions\/istpure\/fr\/produits\/"},{"@type":"ListItem","position":3,"name":"Recycleurs de solvant","item":"https:\/\/digitalweb.solutions\/istpure\/fr\/produits\/recycleurs-de-solvant\/"},{"@type":"ListItem","position":4,"name":"Recycleurs de solvant par lot"}]},{"@type":"WebSite","@id":"https:\/\/digitalweb.solutions\/istpure\/#website","url":"https:\/\/digitalweb.solutions\/istpure\/","name":"IST Pure","description":"","potentialAction":[{"@type":"SearchAction","target":{"@type":"EntryPoint","urlTemplate":"https:\/\/digitalweb.solutions\/istpure\/?s={search_term_string}"},"query-input":{"@type":"PropertyValueSpecification","valueRequired":true,"valueName":"search_term_string"}}],"inLanguage":"fr-FR"}]}},"_links":{"self":[{"href":"https:\/\/digitalweb.solutions\/istpure\/fr\/wp-json\/wp\/v2\/pages\/391","targetHints":{"allow":["GET"]}}],"collection":[{"href":"https:\/\/digitalweb.solutions\/istpure\/fr\/wp-json\/wp\/v2\/pages"}],"about":[{"href":"https:\/\/digitalweb.solutions\/istpure\/fr\/wp-json\/wp\/v2\/types\/page"}],"author":[{"embeddable":true,"href":"https:\/\/digitalweb.solutions\/istpure\/fr\/wp-json\/wp\/v2\/users\/1"}],"replies":[{"embeddable":true,"href":"https:\/\/digitalweb.solutions\/istpure\/fr\/wp-json\/wp\/v2\/comments?post=391"}],"version-history":[{"count":0,"href":"https:\/\/digitalweb.solutions\/istpure\/fr\/wp-json\/wp\/v2\/pages\/391\/revisions"}],"up":[{"embeddable":true,"href":"https:\/\/digitalweb.solutions\/istpure\/fr\/wp-json\/wp\/v2\/pages\/378"}],"wp:attachment":[{"href":"https:\/\/digitalweb.solutions\/istpure\/fr\/wp-json\/wp\/v2\/media?parent=391"}],"curies":[{"name":"wp","href":"https:\/\/api.w.org\/{rel}","templated":true}]}}