{"id":394,"date":"2023-10-11T12:48:58","date_gmt":"2023-10-11T16:48:58","guid":{"rendered":"https:\/\/istpure.com\/?page_id=394"},"modified":"2023-10-11T12:48:58","modified_gmt":"2023-10-11T16:48:58","slug":"recycleurs-de-solvants-en-flux-continu","status":"publish","type":"page","link":"https:\/\/digitalweb.solutions\/istpure\/fr\/produits\/recycleurs-de-solvant\/recycleurs-de-solvants-en-flux-continu\/","title":{"rendered":"Recycleurs de solvants en flux continu"},"content":{"rendered":"<div class=\"wpb-content-wrapper\"><p>[vc_row][vc_column][vc_single_image image=\u00a0\u00bb198&Prime; img_size=\u00a0\u00bb500&#215;350&Prime; alignment=\u00a0\u00bbcenter\u00a0\u00bb css_animation=\u00a0\u00bbfadeInLeft\u00a0\u00bb][\/vc_column][\/vc_row][vc_row full_width=\u00a0\u00bbstretch_row\u00a0\u00bb css=\u00a0\u00bb.vc_custom_1697047523895{margin-bottom: 60px !important;}\u00a0\u00bb][vc_column css_animation=\u00a0\u00bbfadeIn\u00a0\u00bb][vc_column_text]<\/p>\n<h1 style=\"text-align: center\">Recycleurs de solvants en flux continu S\u00e9rie SRC<\/h1>\n<p>[\/vc_column_text][\/vc_column][vc_column css_animation=\u00a0\u00bbfadeInUp\u00a0\u00bb offset=\u00a0\u00bbvc_col-lg-offset-2 vc_col-lg-8 vc_col-md-offset-1 vc_col-md-10 vc_col-xs-12&Prime;][vc_column_text]<\/p>\n<p style=\"text-align: center\">Le recycleur de solvant \u00e0 flux continu de S\u00e9rie SRC s\u2019op\u00e8re pratiquement sans supervision et permet de traiter de 15 \u00e0 375+ litres par heure gr\u00e2ce \u00e0 un proc\u00e9d\u00e9 de distillation des solvants enti\u00e8rement automatis\u00e9.<\/p>\n<p style=\"text-align: center\">Les unit\u00e9s de recyclage de solvant en continu sont des unit\u00e9s de processus de distillation par \u00e9vaporation.<\/p>\n<p style=\"text-align: center\">Le solvant superflu entre automatiquement dans la cuve de distillation, utilisant la pompe \u00e0 vide standard fournie par l\u2019alambic de r\u00e9cup\u00e9ration de solvant.<\/p>\n<p style=\"text-align: center\">L\u2019huile thermique chauff\u00e9e circule dans la chemise de la cuve de distillation. Le solvant us\u00e9 est chauff\u00e9 \u00e0 une temp\u00e9rature programm\u00e9e pour cr\u00e9er une \u00e9vaporation. La vapeur de solvant quitte la chaudi\u00e8re et voyage par un condenseur. Le solvant propre liqu\u00e9fi\u00e9 sort dans une cuve de stockage pr\u00eat pour la r\u00e9utilisation. Ce processus entier est contr\u00f4l\u00e9 par un PLC.<\/p>\n<p>[\/vc_column_text][vc_row_inner][vc_column_inner width=\u00a0\u00bb1\/2&Prime; offset=\u00a0\u00bbvc_col-xs-6&Prime;][vc_btn title=\u00a0\u00bbBrochure produit\u00a0\u00bb style=\u00a0\u00bbflat\u00a0\u00bb shape=\u00a0\u00bbsquare\u00a0\u00bb color=\u00a0\u00bbjuicy-pink\u00a0\u00bb size=\u00a0\u00bbsm\u00a0\u00bb align=\u00a0\u00bbright\u00a0\u00bb i_icon_fontawesome=\u00a0\u00bbfar fa-file-pdf\u00a0\u00bb add_icon=\u00a0\u00bbtrue\u00a0\u00bb link=\u00a0\u00bburl:https%3A%2F%2Fistpure.com%2Fwp-content%2Fuploads%2F2023%2F10%2Fistpure-recycleurs-de-solvant-en-continu-src-series-brochure.pdf|target:_blank\u00a0\u00bb][\/vc_column_inner][vc_column_inner width=\u00a0\u00bb1\/2&Prime; offset=\u00a0\u00bbvc_col-xs-6&Prime;][vc_btn title=\u00a0\u00bbDemande de soumission\u00a0\u00bb style=\u00a0\u00bbflat\u00a0\u00bb shape=\u00a0\u00bbsquare\u00a0\u00bb color=\u00a0\u00bbjuicy-pink\u00a0\u00bb size=\u00a0\u00bbsm\u00a0\u00bb align=\u00a0\u00bbleft\u00a0\u00bb i_icon_fontawesome=\u00a0\u00bbfar fa-file-alt\u00a0\u00bb add_icon=\u00a0\u00bbtrue\u00a0\u00bb link=\u00a0\u00bburl:https%3A%2F%2Fistpure.com%2Ffr%2Fdemande-de-soumission%2F|title:Demande%20de%20soumission\u00a0\u00bb][\/vc_column_inner][\/vc_row_inner][\/vc_column][\/vc_row][vc_row][vc_column css_animation=\u00a0\u00bbfadeInLeft\u00a0\u00bb width=\u00a0\u00bb1\/2&Prime;][vc_column_text css=\u00a0\u00bb.vc_custom_1697804891392{margin-bottom: 10px !important;}\u00a0\u00bb]<\/p>\n<ul class=\"fa-ul\">\n<li><i class=\"fa fa-check\" style=\"color: #92cc7f\"><\/i> <strong>Durable<\/strong>: Fait d\u2019une construction robuste et anti-corrosion en acier inoxydable industriel de grade 304 et 316.<\/li>\n<li><i class=\"fa fa-check\" style=\"color: #92cc7f\"><\/i> <strong>Proc\u00e9d\u00e9 enti\u00e8rement automatis\u00e9<\/strong>: Tout le proc\u00e9d\u00e9 est automatis\u00e9 est automatis\u00e9, incluant le transfert de fluides, le d\u00e9chargement des boues et le contr\u00f4le de la temp\u00e9rature entre les deux.<\/li>\n<li><i class=\"fa fa-check\" style=\"color: #92cc7f\"><\/i> <strong>Efficace<\/strong>: R\u00e9cup\u00e8re jusqu\u2019\u00e0 95% des solvants du mix.<\/li>\n<\/ul>\n<p>[\/vc_column_text][\/vc_column][vc_column css_animation=\u00a0\u00bbfadeInRight\u00a0\u00bb width=\u00a0\u00bb1\/2&Prime;][vc_column_text]<\/p>\n<ul class=\"fa-ul\">\n<li><i class=\"fa fa-check\" style=\"color: #92cc7f\"><\/i> <strong>Dimensions de la bouilloire<\/strong>: Disponibles en 60, 120, 210, 680, 1 515 et 1 890+ litres.<\/li>\n<li><i class=\"fa fa-check\" style=\"color: #92cc7f\"><\/i> <strong>S\u00e9curitaire<\/strong>: Atteint les plus hauts standards de s\u00e9curit\u00e9 C1D1 et Classe I| Div | Groupe D Antid\u00e9flagrant<\/li>\n<li><i class=\"fa fa-check\" style=\"color: #92cc7f\"><\/i> <strong>Assist\u00e9 par PLC<\/strong>: Le proc\u00e9d\u00e9 est assist\u00e9 par un PLC avec \u00e9cran tactile, param\u00e8tres r\u00e9glables et signaux d\u2019alarme.<\/li>\n<\/ul>\n<p>[\/vc_column_text][\/vc_column][\/vc_row][vc_row full_width=\u00a0\u00bbstretch_row\u00a0\u00bb css=\u00a0\u00bb.vc_custom_1697124141364{padding-top: 35px !important;padding-bottom: 35px !important;}\u00a0\u00bb][vc_column css_animation=\u00a0\u00bbfadeInUp\u00a0\u00bb][vc_separator el_width=\u00a0\u00bb70&Prime;][\/vc_column][\/vc_row][vc_row gap=\u00a0\u00bb25&Prime;][vc_column css_animation=\u00a0\u00bbfadeInLeft\u00a0\u00bb width=\u00a0\u00bb1\/2&Prime;][vc_column_text]<\/p>\n<h2>Caract\u00e9ristiques standards<\/h2>\n<p>[\/vc_column_text][vc_column_text]<\/p>\n<ul class=\"fa-ul\">\n<li><i class=\"fa fa-check-square\" style=\"color: #92cc7f\"><\/i> PLC avec \u00e9cran tactile Allen Bradley<\/li>\n<li><i class=\"fa fa-check-square\" style=\"color: #92cc7f\"><\/i> D\u00e9chargement automatique du solvant propre<\/li>\n<li><i class=\"fa fa-check-square\" style=\"color: #92cc7f\"><\/i> Indicateur de niveau<\/li>\n<li><i class=\"fa fa-check-square\" style=\"color: #92cc7f\"><\/i> Remplissage automatique<\/li>\n<li><i class=\"fa fa-check-square\" style=\"color: #92cc7f\"><\/i> Acc\u00e8s \u00e0 distance au PLC via c\u00e2ble Ethernet ou r\u00e9seau wifi<\/li>\n<li><i class=\"fa fa-check-square\" style=\"color: #92cc7f\"><\/i> Classe I | Div | Groupe D Antid\u00e9flagrant<\/li>\n<li><i class=\"fa fa-check-square\" style=\"color: #92cc7f\"><\/i> Capteurs anti-d\u00e9versement<\/li>\n<li><i class=\"fa fa-check-square\" style=\"color: #92cc7f\"><\/i> Dispositifs de s\u00e9curit\u00e9 et contr\u00f4le des temp\u00e9ratures<\/li>\n<li><i class=\"fa fa-check-square\" style=\"color: #92cc7f\"><\/i> D\u00e9chargement automatique des boues<\/li>\n<li><i class=\"fa fa-check-square\" style=\"color: #92cc7f\"><\/i> Syst\u00e8me de chauffage indirect avec huile thermique<\/li>\n<\/ul>\n<p>[\/vc_column_text][\/vc_column][vc_column css_animation=\u00a0\u00bbfadeInRight\u00a0\u00bb width=\u00a0\u00bb1\/2&Prime;][vc_column_text]<\/p>\n<h2>Caract\u00e9ristiques optionnelles<\/h2>\n<p>[\/vc_column_text][vc_column_text]<\/p>\n<ul class=\"fa-ul\">\n<li><i class=\"fa fa-check-square\" style=\"color: #92cc7f\"><\/i> Remplissage automatique double<\/li>\n<li><i class=\"fa fa-check-square\" style=\"color: #92cc7f\"><\/i> Tablette en s\u00e9curit\u00e9 intrins\u00e8que<\/li>\n<li><i class=\"fa fa-check-square\" style=\"color: #92cc7f\"><\/i> Dispositif de s\u00e9curit\u00e9 Nitrocellulose<\/li>\n<li><i class=\"fa fa-check-square\" style=\"color: #92cc7f\"><\/i> Pompe de vidange de la boue<\/li>\n<li><i class=\"fa fa-check-square\" style=\"color: #92cc7f\"><\/i> Double contenant de r\u00e9colte<\/li>\n<li><i class=\"fa fa-check-square\" style=\"color: #92cc7f\"><\/i> PLC accessible par t\u00e9l\u00e9phone intelligent<\/li>\n<li><i class=\"fa fa-check-square\" style=\"color: #92cc7f\"><\/i> Grattoir interne<\/li>\n<li><i class=\"fa fa-check-square\" style=\"color: #92cc7f\"><\/i> Tour de fractionnement<\/li>\n<li><i class=\"fa fa-check-square\" style=\"color: #92cc7f\"><\/i> Refroidisseur d\u2019huile<\/li>\n<li><i class=\"fa fa-check-square\" style=\"color: #92cc7f\"><\/i> Luminaire antid\u00e9flagrant<\/li>\n<li><i class=\"fa fa-check-square\" style=\"color: #92cc7f\"><\/i> S\u00e9parateur eau\/solvant<\/li>\n<li><i class=\"fa fa-check-square\" style=\"color: #92cc7f\"><\/i> Ensemble d\u2019\u00e9conomie d\u2019\u00e9nergie 25% +<\/li>\n<li><i class=\"fa fa-check-square\" style=\"color: #92cc7f\"><\/i> Bo\u00eetier de drainage<\/li>\n<li><i class=\"fa fa-check-square\" style=\"color: #92cc7f\"><\/i> Assistance par syst\u00e8me \u00e0 vide \u00e0 anneau liquide<\/li>\n<li><i class=\"fa fa-check-square\" style=\"color: #92cc7f\"><\/i> Plateforme d\u2019entretien<\/li>\n<\/ul>\n<p>[\/vc_column_text][\/vc_column][vc_column width=\u00a0\u00bb1\/2&Prime;][vc_column_text css=\u00a0\u00bb.vc_custom_1697804964811{margin-bottom: 10px !important;}\u00a0\u00bb]<\/p>\n<h4>Plusieurs capacit\u00e9s de r\u00e9servoirs sont disponibles:<\/h4>\n<p>[\/vc_column_text][vc_column_text css=\u00a0\u00bb.vc_custom_1697805020239{border-top-width: 1px !important;border-right-width: 1px !important;border-bottom-width: 1px !important;border-left-width: 1px !important;padding-top: 25px !important;padding-right: 25px !important;padding-bottom: 25px !important;padding-left: 25px !important;border-left-color: #92cc7f !important;border-left-style: dashed !important;border-right-color: #92cc7f !important;border-right-style: dashed !important;border-top-color: #92cc7f !important;border-top-style: dashed !important;border-bottom-color: #92cc7f !important;border-bottom-style: dashed !important;}\u00a0\u00bb]R\u00e9servoir de 60L<\/p>\n<p>R\u00e9servoir de 120L<\/p>\n<p>R\u00e9servoir de 210L<\/p>\n<p>R\u00e9servoir de 680L<\/p>\n<p>+ Et plus[\/vc_column_text][vc_btn title=\u00a0\u00bbSoumission gratuite\u00a0\u00bb style=\u00a0\u00bbflat\u00a0\u00bb shape=\u00a0\u00bbsquare\u00a0\u00bb color=\u00a0\u00bbjuicy-pink\u00a0\u00bb size=\u00a0\u00bbsm\u00a0\u00bb align=\u00a0\u00bbleft\u00a0\u00bb i_icon_fontawesome=\u00a0\u00bbfar fa-file-alt\u00a0\u00bb add_icon=\u00a0\u00bbtrue\u00a0\u00bb link=\u00a0\u00bburl:https%3A%2F%2Fistpure.com%2Ffr%2Fdemande-de-soumission%2F|title:Soumission%20gratuite\u00a0\u00bb][\/vc_column][\/vc_row][vc_row full_width=\u00a0\u00bbstretch_row\u00a0\u00bb css=\u00a0\u00bb.vc_custom_1697124141364{padding-top: 35px !important;padding-bottom: 35px !important;}\u00a0\u00bb][vc_column css_animation=\u00a0\u00bbfadeInUp\u00a0\u00bb][vc_separator el_width=\u00a0\u00bb70&Prime;][\/vc_column][\/vc_row][vc_row][vc_column css_animation=\u00a0\u00bbfadeInDown\u00a0\u00bb]<div id=\"ultimate-heading-467769f76417c91c4\" class=\"uvc-heading ult-adjust-bottom-margin ultimate-heading-467769f76417c91c4 uvc-605  uvc-heading-default-font-sizes\" data-hspacer=\"line_with_icon\" data-hline_width=\"250\" data-hicon_type=\"custom\" data-hborder_style=\"solid\" data-hborder_height=\"3\" data-hborder_color=\"#92cc7f\" data-icon_width=\"25\" data-hfixer=\"10\"  data-halign=\"center\" style=\"text-align:center\"><div class=\"uvc-main-heading ult-responsive\"  data-ultimate-target='.uvc-heading.ultimate-heading-467769f76417c91c4 h3'  data-responsive-json-new='{\"font-size\":\"\",\"line-height\":\"\"}' ><h3 style=\"--font-weight:theme;margin-bottom:10px;\">Pourquoi choisir les recycleurs de solvants en flux continu IST Pure ?<\/h3><\/div><div class=\"uvc-heading-spacer line_with_icon\" style=\"margin-bottom:30px;\"><div class=\"ult-just-icon-wrapper  \"><div class=\"align-icon\" style=\"text-align:center;\">\n<div class=\"aio-icon-img \" style=\"font-size:25px;display:inline-block;\" >\n\t<img decoding=\"async\" class=\"img-icon\" alt=\"null\" src=\"https:\/\/digitalweb.solutions\/istpure\/wp-content\/uploads\/sites\/86\/2023\/10\/leaf-icon.png\"\/>\n<\/div><\/div><\/div><\/div><\/div>[\/vc_column][vc_column css_animation=\u00a0\u00bbfadeInLeft\u00a0\u00bb width=\u00a0\u00bb1\/2&Prime;][vc_column_text css=\u00a0\u00bb.vc_custom_1697744280001{margin-bottom: 10px !important;}\u00a0\u00bb]<\/p>\n<ul class=\"fa-ul\">\n<li><i class=\"fa fa-check-square\" style=\"color: #92cc7f\"><\/i> <strong>Durable<\/strong>: R\u00e9servoir fabriqu\u00e9 en acier inoxydable robuste et \u00e0 l\u2019\u00e9preuve de la corrosion.<\/li>\n<li><i class=\"fa fa-check-square\" style=\"color: #92cc7f\"><\/i> <strong>Pratiquement sans supervision<\/strong>: Ne requi\u00e8re que tr\u00e8s de supervision et d\u2019entretien, un simple entretien p\u00e9riodique d\u2019environ 4 heures \u00e0 chaque 2 000 heures d\u2019op\u00e9ration.<\/li>\n<li><i class=\"fa fa-check-square\" style=\"color: #92cc7f\"><\/i> Certifi\u00e9 partout en Am\u00e9rique du Nord: Certifi\u00e9 par QPS USA et CAN UL au standard UL 2208, Classe I, Div. 1, Groupe D et conformes aux codes NFPA (30, 33, 70).<\/li>\n<\/ul>\n<p>[\/vc_column_text][\/vc_column][vc_column css_animation=\u00a0\u00bbfadeInRight\u00a0\u00bb width=\u00a0\u00bb1\/2&Prime;][vc_column_text]<\/p>\n<ul class=\"fa-ul\">\n<li><i class=\"fa fa-check-square\" style=\"color: #92cc7f\"><\/i> <strong>\u00c9conomique<\/strong>: La plupart de nos clients ont obtenu un retour sur investissement (ROI) en aussi peu que 12 mois!<\/li>\n<li><i class=\"fa fa-check-square\" style=\"color: #92cc7f\"><\/i> <strong>Pratiquement sans supervision<\/strong>: Ne requi\u00e8re que tr\u00e8s de supervision et d\u2019entretien, un simple entretien p\u00e9riodique d\u2019environ 4 heures \u00e0 chaque 2 000 heures d\u2019op\u00e9ration.<\/li>\n<li><i class=\"fa fa-check-square\" style=\"color: #92cc7f\"><\/i> <strong>Garantie<\/strong>: Appuy\u00e9e par la meilleure garantie du manufacturier pendant 2 ans.<\/li>\n<\/ul>\n<p>[\/vc_column_text][\/vc_column][\/vc_row][vc_row full_width=\u00a0\u00bbstretch_row\u00a0\u00bb bg_type=\u00a0\u00bbimage\u00a0\u00bb parallax_style=\u00a0\u00bbvcpb-vz-jquery\u00a0\u00bb bg_image_new=\u00a0\u00bbid^118|url^http:\/\/digitalweb.solutions\/istpure\/wp-content\/uploads\/sites\/86\/2023\/10\/preview.jpg|caption^null|alt^null|title^preview|description^null\u00a0\u00bb bg_image_repeat=\u00a0\u00bbno-repeat\u00a0\u00bb css=\u00a0\u00bb.vc_custom_1698173599967{margin-top: 35px !important;padding-top: 90px !important;padding-bottom: 90px !important;background-position: center !important;background-repeat: no-repeat !important;background-size: cover !important;}\u00a0\u00bb][vc_column][vc_column_text]<\/p>\n<h2 style=\"text-align: center\"><span style=\"color: #ffffff\">Vous avez encore des questions ? Parlez \u00e0 un expert produit d\u00e8s aujourd&rsquo;hui !<\/span><\/h2>\n<p>[\/vc_column_text][vc_btn title=\u00a0\u00bbNous joindre\u00a0\u00bb style=\u00a0\u00bbflat\u00a0\u00bb shape=\u00a0\u00bbsquare\u00a0\u00bb color=\u00a0\u00bbsuccess\u00a0\u00bb align=\u00a0\u00bbcenter\u00a0\u00bb link=\u00a0\u00bburl:https%3A%2F%2Fistpure.com%2Ffr%2Fnous-joindre%2F|title:Nois%20joindre\u00a0\u00bb][\/vc_column][\/vc_row]<\/p>\n<\/div>","protected":false},"excerpt":{"rendered":"<p>[vc_row][vc_column][vc_single_image image=\u00a0\u00bb198&Prime; img_size=\u00a0\u00bb500&#215;350&Prime; alignment=\u00a0\u00bbcenter\u00a0\u00bb css_animation=\u00a0\u00bbfadeInLeft\u00a0\u00bb][\/vc_column][\/vc_row][vc_row full_width=\u00a0\u00bbstretch_row\u00a0\u00bb css=\u00a0\u00bb.vc_custom_1697047523895{margin-bottom: 60px !important;}\u00a0\u00bb][vc_column css_animation=\u00a0\u00bbfadeIn\u00a0\u00bb][vc_column_text] Recycleurs de solvants en flux continu S\u00e9rie SRC [\/vc_column_text][\/vc_column][vc_column css_animation=\u00a0\u00bbfadeInUp\u00a0\u00bb offset=\u00a0\u00bbvc_col-lg-offset-2 vc_col-lg-8 vc_col-md-offset-1 vc_col-md-10 vc_col-xs-12&Prime;][vc_column_text] Le recycleur de solvant \u00e0 flux continu de S\u00e9rie SRC s\u2019op\u00e8re pratiquement sans supervision et permet de traiter de 15 \u00e0 375+ litres par heure gr\u00e2ce \u00e0 un proc\u00e9d\u00e9 de&hellip;<\/p>\n","protected":false},"author":1,"featured_media":0,"parent":378,"menu_order":0,"comment_status":"closed","ping_status":"closed","template":"","meta":{"footnotes":""},"class_list":["post-394","page","type-page","status-publish","hentry","description-off"],"yoast_head":"<!-- This site is optimized with the Yoast SEO plugin v27.5 - https:\/\/yoast.com\/product\/yoast-seo-wordpress\/ -->\n<title>Recycleurs de solvants en flux continu - IST Pure<\/title>\n<meta name=\"robots\" content=\"index, follow, max-snippet:-1, max-image-preview:large, max-video-preview:-1\" \/>\n<link rel=\"canonical\" href=\"https:\/\/digitalweb.solutions\/istpure\/fr\/produits\/recycleurs-de-solvant\/recycleurs-de-solvants-en-flux-continu\/\" \/>\n<meta property=\"og:locale\" content=\"fr_FR\" \/>\n<meta property=\"og:type\" content=\"article\" \/>\n<meta property=\"og:title\" content=\"Recycleurs de solvants en flux continu - IST Pure\" \/>\n<meta property=\"og:description\" content=\"[vc_row][vc_column][vc_single_image image=\u00a0\u00bb198&Prime; img_size=\u00a0\u00bb500&#215;350&Prime; alignment=\u00a0\u00bbcenter\u00a0\u00bb css_animation=\u00a0\u00bbfadeInLeft\u00a0\u00bb][\/vc_column][\/vc_row][vc_row full_width=\u00a0\u00bbstretch_row\u00a0\u00bb css=\u00a0\u00bb.vc_custom_1697047523895{margin-bottom: 60px !important;}\u00a0\u00bb][vc_column css_animation=\u00a0\u00bbfadeIn\u00a0\u00bb][vc_column_text] Recycleurs de solvants en flux continu S\u00e9rie SRC [\/vc_column_text][\/vc_column][vc_column css_animation=\u00a0\u00bbfadeInUp\u00a0\u00bb offset=\u00a0\u00bbvc_col-lg-offset-2 vc_col-lg-8 vc_col-md-offset-1 vc_col-md-10 vc_col-xs-12&Prime;][vc_column_text] Le recycleur de solvant \u00e0 flux continu de S\u00e9rie SRC s\u2019op\u00e8re pratiquement sans supervision et permet de traiter de 15 \u00e0 375+ litres par heure gr\u00e2ce \u00e0 un proc\u00e9d\u00e9 de&hellip;\" \/>\n<meta property=\"og:url\" content=\"https:\/\/digitalweb.solutions\/istpure\/fr\/produits\/recycleurs-de-solvant\/recycleurs-de-solvants-en-flux-continu\/\" \/>\n<meta property=\"og:site_name\" content=\"IST Pure\" \/>\n<meta name=\"twitter:card\" content=\"summary_large_image\" \/>\n<meta name=\"twitter:label1\" content=\"Dur\u00e9e de lecture estim\u00e9e\" \/>\n\t<meta name=\"twitter:data1\" content=\"4 minutes\" \/>\n<script type=\"application\/ld+json\" class=\"yoast-schema-graph\">{\"@context\":\"https:\\\/\\\/schema.org\",\"@graph\":[{\"@type\":\"WebPage\",\"@id\":\"https:\\\/\\\/digitalweb.solutions\\\/istpure\\\/fr\\\/produits\\\/recycleurs-de-solvant\\\/recycleurs-de-solvants-en-flux-continu\\\/\",\"url\":\"https:\\\/\\\/digitalweb.solutions\\\/istpure\\\/fr\\\/produits\\\/recycleurs-de-solvant\\\/recycleurs-de-solvants-en-flux-continu\\\/\",\"name\":\"Recycleurs de solvants en flux continu - IST Pure\",\"isPartOf\":{\"@id\":\"https:\\\/\\\/digitalweb.solutions\\\/istpure\\\/#website\"},\"datePublished\":\"2023-10-11T16:48:58+00:00\",\"breadcrumb\":{\"@id\":\"https:\\\/\\\/digitalweb.solutions\\\/istpure\\\/fr\\\/produits\\\/recycleurs-de-solvant\\\/recycleurs-de-solvants-en-flux-continu\\\/#breadcrumb\"},\"inLanguage\":\"fr-FR\",\"potentialAction\":[{\"@type\":\"ReadAction\",\"target\":[\"https:\\\/\\\/digitalweb.solutions\\\/istpure\\\/fr\\\/produits\\\/recycleurs-de-solvant\\\/recycleurs-de-solvants-en-flux-continu\\\/\"]}]},{\"@type\":\"BreadcrumbList\",\"@id\":\"https:\\\/\\\/digitalweb.solutions\\\/istpure\\\/fr\\\/produits\\\/recycleurs-de-solvant\\\/recycleurs-de-solvants-en-flux-continu\\\/#breadcrumb\",\"itemListElement\":[{\"@type\":\"ListItem\",\"position\":1,\"name\":\"Home\",\"item\":\"https:\\\/\\\/digitalweb.solutions\\\/istpure\\\/\"},{\"@type\":\"ListItem\",\"position\":2,\"name\":\"Produits\",\"item\":\"https:\\\/\\\/digitalweb.solutions\\\/istpure\\\/fr\\\/produits\\\/\"},{\"@type\":\"ListItem\",\"position\":3,\"name\":\"Recycleurs de solvant\",\"item\":\"https:\\\/\\\/digitalweb.solutions\\\/istpure\\\/fr\\\/produits\\\/recycleurs-de-solvant\\\/\"},{\"@type\":\"ListItem\",\"position\":4,\"name\":\"Recycleurs de solvants en flux continu\"}]},{\"@type\":\"WebSite\",\"@id\":\"https:\\\/\\\/digitalweb.solutions\\\/istpure\\\/#website\",\"url\":\"https:\\\/\\\/digitalweb.solutions\\\/istpure\\\/\",\"name\":\"IST Pure\",\"description\":\"\",\"potentialAction\":[{\"@type\":\"SearchAction\",\"target\":{\"@type\":\"EntryPoint\",\"urlTemplate\":\"https:\\\/\\\/digitalweb.solutions\\\/istpure\\\/?s={search_term_string}\"},\"query-input\":{\"@type\":\"PropertyValueSpecification\",\"valueRequired\":true,\"valueName\":\"search_term_string\"}}],\"inLanguage\":\"fr-FR\"}]}<\/script>\n<!-- \/ Yoast SEO plugin. -->","yoast_head_json":{"title":"Recycleurs de solvants en flux continu - IST Pure","robots":{"index":"index","follow":"follow","max-snippet":"max-snippet:-1","max-image-preview":"max-image-preview:large","max-video-preview":"max-video-preview:-1"},"canonical":"https:\/\/digitalweb.solutions\/istpure\/fr\/produits\/recycleurs-de-solvant\/recycleurs-de-solvants-en-flux-continu\/","og_locale":"fr_FR","og_type":"article","og_title":"Recycleurs de solvants en flux continu - IST Pure","og_description":"[vc_row][vc_column][vc_single_image image=\u00a0\u00bb198&Prime; img_size=\u00a0\u00bb500&#215;350&Prime; alignment=\u00a0\u00bbcenter\u00a0\u00bb css_animation=\u00a0\u00bbfadeInLeft\u00a0\u00bb][\/vc_column][\/vc_row][vc_row full_width=\u00a0\u00bbstretch_row\u00a0\u00bb css=\u00a0\u00bb.vc_custom_1697047523895{margin-bottom: 60px !important;}\u00a0\u00bb][vc_column css_animation=\u00a0\u00bbfadeIn\u00a0\u00bb][vc_column_text] Recycleurs de solvants en flux continu S\u00e9rie SRC [\/vc_column_text][\/vc_column][vc_column css_animation=\u00a0\u00bbfadeInUp\u00a0\u00bb offset=\u00a0\u00bbvc_col-lg-offset-2 vc_col-lg-8 vc_col-md-offset-1 vc_col-md-10 vc_col-xs-12&Prime;][vc_column_text] Le recycleur de solvant \u00e0 flux continu de S\u00e9rie SRC s\u2019op\u00e8re pratiquement sans supervision et permet de traiter de 15 \u00e0 375+ litres par heure gr\u00e2ce \u00e0 un proc\u00e9d\u00e9 de&hellip;","og_url":"https:\/\/digitalweb.solutions\/istpure\/fr\/produits\/recycleurs-de-solvant\/recycleurs-de-solvants-en-flux-continu\/","og_site_name":"IST Pure","twitter_card":"summary_large_image","twitter_misc":{"Dur\u00e9e de lecture estim\u00e9e":"4 minutes"},"schema":{"@context":"https:\/\/schema.org","@graph":[{"@type":"WebPage","@id":"https:\/\/digitalweb.solutions\/istpure\/fr\/produits\/recycleurs-de-solvant\/recycleurs-de-solvants-en-flux-continu\/","url":"https:\/\/digitalweb.solutions\/istpure\/fr\/produits\/recycleurs-de-solvant\/recycleurs-de-solvants-en-flux-continu\/","name":"Recycleurs de solvants en flux continu - IST Pure","isPartOf":{"@id":"https:\/\/digitalweb.solutions\/istpure\/#website"},"datePublished":"2023-10-11T16:48:58+00:00","breadcrumb":{"@id":"https:\/\/digitalweb.solutions\/istpure\/fr\/produits\/recycleurs-de-solvant\/recycleurs-de-solvants-en-flux-continu\/#breadcrumb"},"inLanguage":"fr-FR","potentialAction":[{"@type":"ReadAction","target":["https:\/\/digitalweb.solutions\/istpure\/fr\/produits\/recycleurs-de-solvant\/recycleurs-de-solvants-en-flux-continu\/"]}]},{"@type":"BreadcrumbList","@id":"https:\/\/digitalweb.solutions\/istpure\/fr\/produits\/recycleurs-de-solvant\/recycleurs-de-solvants-en-flux-continu\/#breadcrumb","itemListElement":[{"@type":"ListItem","position":1,"name":"Home","item":"https:\/\/digitalweb.solutions\/istpure\/"},{"@type":"ListItem","position":2,"name":"Produits","item":"https:\/\/digitalweb.solutions\/istpure\/fr\/produits\/"},{"@type":"ListItem","position":3,"name":"Recycleurs de solvant","item":"https:\/\/digitalweb.solutions\/istpure\/fr\/produits\/recycleurs-de-solvant\/"},{"@type":"ListItem","position":4,"name":"Recycleurs de solvants en flux continu"}]},{"@type":"WebSite","@id":"https:\/\/digitalweb.solutions\/istpure\/#website","url":"https:\/\/digitalweb.solutions\/istpure\/","name":"IST Pure","description":"","potentialAction":[{"@type":"SearchAction","target":{"@type":"EntryPoint","urlTemplate":"https:\/\/digitalweb.solutions\/istpure\/?s={search_term_string}"},"query-input":{"@type":"PropertyValueSpecification","valueRequired":true,"valueName":"search_term_string"}}],"inLanguage":"fr-FR"}]}},"_links":{"self":[{"href":"https:\/\/digitalweb.solutions\/istpure\/fr\/wp-json\/wp\/v2\/pages\/394","targetHints":{"allow":["GET"]}}],"collection":[{"href":"https:\/\/digitalweb.solutions\/istpure\/fr\/wp-json\/wp\/v2\/pages"}],"about":[{"href":"https:\/\/digitalweb.solutions\/istpure\/fr\/wp-json\/wp\/v2\/types\/page"}],"author":[{"embeddable":true,"href":"https:\/\/digitalweb.solutions\/istpure\/fr\/wp-json\/wp\/v2\/users\/1"}],"replies":[{"embeddable":true,"href":"https:\/\/digitalweb.solutions\/istpure\/fr\/wp-json\/wp\/v2\/comments?post=394"}],"version-history":[{"count":0,"href":"https:\/\/digitalweb.solutions\/istpure\/fr\/wp-json\/wp\/v2\/pages\/394\/revisions"}],"up":[{"embeddable":true,"href":"https:\/\/digitalweb.solutions\/istpure\/fr\/wp-json\/wp\/v2\/pages\/378"}],"wp:attachment":[{"href":"https:\/\/digitalweb.solutions\/istpure\/fr\/wp-json\/wp\/v2\/media?parent=394"}],"curies":[{"name":"wp","href":"https:\/\/api.w.org\/{rel}","templated":true}]}}