{"id":506,"date":"2023-10-30T14:49:32","date_gmt":"2023-10-30T18:49:32","guid":{"rendered":"https:\/\/istpure.com\/?page_id=506"},"modified":"2023-10-30T14:49:32","modified_gmt":"2023-10-30T18:49:32","slug":"politique-de-confidentialite","status":"publish","type":"page","link":"https:\/\/digitalweb.solutions\/istpure\/fr\/politique-de-confidentialite\/","title":{"rendered":"Politique de confidentialit\u00e9"},"content":{"rendered":"<div class=\"wpb-content-wrapper\"><p>[vc_row][vc_column][vc_column_text]<\/p>\n<h2><strong>Politique de confidentialit\u00e9 de https:\/\/istpure.com\/<\/strong><\/h2>\n<h3>Date d&rsquo;entr\u00e9e en vigueur : 25 octobre 2023<\/h3>\n<p>https:\/\/istpure.com\/ (le \u00ab\u00a0Site\u00a0\u00bb) est d\u00e9tenu et exploit\u00e9 par IST International Surface Technologies. IST International Surface Technologies peut \u00eatre contact\u00e9 au :<\/p>\n<p>info@istpure.com<br \/>\n1-877-629-8202<br \/>\n1050 rue des Forges, Terrebonne, Quebec, J6Y 1V2<\/p>\n<p>&nbsp;<\/p>\n<h3>Finalit\u00e9<\/h3>\n<p>Le but de cette politique de confidentialit\u00e9 (la \u00ab\u00a0Politique de confidentialit\u00e9\u00a0\u00bb) est d&rsquo;informer les utilisateurs de notre Site de ce qui suit :<\/p>\n<ol class=\" list-style-type-decimal\" start=\"1\">\n<li value=\"1\">Les donn\u00e9es personnelles que nous collecterons<\/li>\n<li value=\"2\">L&rsquo;utilisation des donn\u00e9es collect\u00e9es<\/li>\n<li value=\"3\">Qui a acc\u00e8s aux donn\u00e9es collect\u00e9es<\/li>\n<li value=\"4\">Les droits des utilisateurs du Site<\/li>\n<li value=\"5\">La politique de cookies du Site<\/li>\n<\/ol>\n<p>Cette Politique de confidentialit\u00e9 s&rsquo;applique en plus des conditions g\u00e9n\u00e9rales d&rsquo;utilisation de notre Site.<\/p>\n<p>&nbsp;<\/p>\n<h3>Consentement<\/h3>\n<p>Les utilisateurs conviennent qu&rsquo;en utilisant notre Site, ils consentent \u00e0 ce qui suit :<\/p>\n<ol class=\" list-style-type-lower-alpha\" start=\"1\">\n<li value=\"1\">les conditions \u00e9nonc\u00e9es dans la pr\u00e9sente Politique de confidentialit\u00e9<\/li>\n<li value=\"2\">la collecte, l&rsquo;utilisation et la conservation des donn\u00e9es \u00e9num\u00e9r\u00e9es dans la pr\u00e9sente politique.<\/li>\n<\/ol>\n<p>&nbsp;<\/p>\n<h3>Donn\u00e9es personnelles que nous collectons<\/h3>\n<p>Nous ne collectons que les donn\u00e9es qui nous aident \u00e0 atteindre l&rsquo;objectif \u00e9nonc\u00e9 dans cette Politique de confidentialit\u00e9. Nous ne recueillerons pas de donn\u00e9es suppl\u00e9mentaires sans vous en informer au pr\u00e9alable.<br \/>\n<u>Donn\u00e9es collect\u00e9es automatiquement<\/u><br \/>\nLorsque vous visitez et utilisez notre Site, nous pouvons automatiquement collecter et conserver les renseignements suivants :<\/p>\n<ol class=\" list-style-type-lower-alpha\" start=\"1\">\n<li value=\"1\">Adresse IP;<\/li>\n<li value=\"2\">Lieu;<\/li>\n<li value=\"3\">Mat\u00e9riel informatique et logiciels utilis\u00e9s;<\/li>\n<li value=\"4\">Liens qui font l&rsquo;objet de clics; et<\/li>\n<li value=\"5\">Contenu consult\u00e9.<\/li>\n<\/ol>\n<p><u>Donn\u00e9es collect\u00e9es de fa\u00e7on non automatique<\/u><br \/>\nNous pouvons \u00e9galement collecter les donn\u00e9es suivantes lorsque vous effectuez certaines fonctions sur notre Site\u00a0:<\/p>\n<ol class=\" list-style-type-decimal\" start=\"1\">\n<li value=\"1\">Pr\u00e9nom et nom;<\/li>\n<li value=\"2\">\u00c2ge;<\/li>\n<li value=\"3\">Courriel; et<\/li>\n<li value=\"4\">Num\u00e9ro de t\u00e9l\u00e9phone.<\/li>\n<\/ol>\n<p>Ces donn\u00e9es peuvent \u00eatre collect\u00e9es au moyen des m\u00e9thodes suivantes\u00a0:<\/p>\n<ol class=\" list-style-type-decimal\" start=\"1\">\n<li value=\"1\">Soumission d&rsquo;un formulaire<\/li>\n<\/ol>\n<p>&nbsp;<\/p>\n<h3>Comment nous utilisons les donn\u00e9es personnelles<\/h3>\n<p>Les donn\u00e9es personnelles collect\u00e9es sur notre Site seront utilis\u00e9es uniquement aux fins pr\u00e9cis\u00e9es dans la pr\u00e9sente Politique de confidentialit\u00e9 ou indiqu\u00e9es sur les pages pertinentes de notre Site. Nous n&rsquo;utiliserons pas vos donn\u00e9es au-del\u00e0 de ce que nous divulguons dans la pr\u00e9sente Politique de confidentialit\u00e9.<\/p>\n<p>Les donn\u00e9es que nous collectons automatiquement sont utilis\u00e9es aux fins suivantes\u00a0:<\/p>\n<ol class=\" list-style-type-decimal\" start=\"1\">\n<li value=\"1\">am\u00e9liorer nos produits et services; et<\/li>\n<li value=\"2\">marketing.<\/li>\n<\/ol>\n<p>Les donn\u00e9es que nous collections lorsque l&rsquo;utilisateur ex\u00e9cute certaines fonctions peuvent \u00eatre utilis\u00e9es aux fins suivantes\u00a0:<\/p>\n<ol class=\" list-style-type-decimal\" start=\"1\">\n<li value=\"1\">am\u00e9liorer nos produits et services.<\/li>\n<li value=\"2\">marketing.<\/li>\n<\/ol>\n<p>&nbsp;<\/p>\n<h3>Avec qui nous partageons les donn\u00e9es personnelles<\/h3>\n<p><u>Employ\u00e9s<\/u><br \/>\nNous pouvons divulguer \u00e0 tout membre de notre organisation les donn\u00e9es utilisateur dont il a raisonnablement besoin pour r\u00e9aliser les objectifs \u00e9nonc\u00e9s dans la pr\u00e9sente Politique de confidentialit\u00e9.<\/p>\n<p><u>Autres divulgations<\/u><br \/>\nNous ne vendrons ni ne partageons vos donn\u00e9es avec aucun \u00a0tiers, sauf dans les cas suivants\u00a0:<\/p>\n<ol class=\" list-style-type-decimal\" start=\"1\">\n<li value=\"1\">Si la loi l&rsquo;exige;<\/li>\n<li value=\"2\">Si cela est requis pour toute proc\u00e9dure judiciaire;<\/li>\n<li value=\"3\">Pour prouver ou prot\u00e9ger nos droits; et<\/li>\n<li value=\"4\">\u00c0 des acheteurs ou des acheteurs potentiels de cette soci\u00e9t\u00e9 dans le cas o\u00f9 nous cherchons \u00e0 vendre la soci\u00e9t\u00e9.<\/li>\n<\/ol>\n<p>Si vous suivez des liens hypertexte de notre Site vers un autre site, veuillez noter que nous ne sommes pas responsables et n&rsquo;avons pas de contr\u00f4le sur leurs politiques et pratiques de confidentialit\u00e9.<\/p>\n<p>&nbsp;<\/p>\n<h3>Combien de temps nous stockons les donn\u00e9es personnelles<\/h3>\n<p>Les donn\u00e9es des utilisateurs ne seront pas conserv\u00e9es au-del\u00e0 de ce qui est n\u00e9cessaire pour atteindre les fins pour lesquelles elles ont recueillies.<\/p>\n<p>Nous veillerons \u00e0 vous aviser si vos donn\u00e9es sont conserv\u00e9es pour une dur\u00e9e plus importante.<\/p>\n<p>&nbsp;<\/p>\n<h3>Comment nous prot\u00e9geons vos donn\u00e9es personnelles<\/h3>\n<p>Afin de prot\u00e9ger votre s\u00e9curit\u00e9, nous utilisons le cryptage de navigateur le plus puissant disponible et stockons toutes nos donn\u00e9es sur des serveurs dans des installations s\u00e9curis\u00e9es. Toutes les donn\u00e9es ne sont accessibles qu&rsquo;\u00e0 nos employ\u00e9s. Nos employ\u00e9s sont li\u00e9s par des accords de confidentialit\u00e9 stricts et une violation de cet accord entra\u00eenerait le licenciement de l&#8217;employ\u00e9.<\/p>\n<p>Alors que nous prenons toutes les pr\u00e9cautions raisonnables pour nous assurer que nos donn\u00e9es d&rsquo;utilisateur sont s\u00e9curis\u00e9es et que les utilisateurs sont prot\u00e9g\u00e9s, il reste toujours un risque de pr\u00e9judice. L&rsquo;Internet en sa totalit\u00e9 peut \u00eatre, parfois, peu s\u00e9curis\u00e9 et nous ne sommes donc pas en mesure de garantir la s\u00e9curit\u00e9 des donn\u00e9es des utilisateurs au-del\u00e0 de ce qui est raisonnablement pratique.<\/p>\n<p>&nbsp;<\/p>\n<h3>Mineurs<\/h3>\n<p>Nous ne collectons ni n&rsquo;utilisons sciemment les donn\u00e9es personnelles d&rsquo;enfants de moins de 13 ans. Si nous apprenons que nous avons collect\u00e9 des donn\u00e9es \u00e0 caract\u00e8re personnel aupr\u00e8s d&rsquo;un enfant de moins de 13 ans, ces donn\u00e9es personnelles seront supprim\u00e9es d\u00e8s que possible. Si un enfant de moins de 13 ans nous a fourni des donn\u00e9es personnelles, ses parents ou son tuteur peuvent contacter notre privacy officer.<\/p>\n<p>&nbsp;<\/p>\n<h3>Comment modifier, supprimer ou contester les donn\u00e9es collect\u00e9es<\/h3>\n<p>Si vous souhaitez savoir si nous avons collect\u00e9 vos donn\u00e9es personnelles, comment nous les avons utilis\u00e9es, si nous les avons divulgu\u00e9es et \u00e0 qui nous les avons divulgu\u00e9es, ou si vous souhaitez que vos donn\u00e9es soient supprim\u00e9es ou modifi\u00e9es de quelque mani\u00e8re que ce soit, veuillez contacter notre privacy officer ici:<\/p>\n<p>Privacy Officer<br \/>\ninfo@istsurface.com<br \/>\n1-877-629-8202<br \/>\n1050 rue des Forges, Terrebonne, Quebec, J6Y 1V2<\/p>\n<p>&nbsp;<\/p>\n<h3>Politique sur les cookies<\/h3>\n<p>Un cookie est un petit fichier, stock\u00e9 sur le disque dur d&rsquo;un utilisateur par le Site Web. Son but est de recueillir des donn\u00e9es relatives aux habitudes de navigation de l&rsquo;utilisateur. Vous pouvez choisir d&rsquo;\u00eatre averti chaque fois qu&rsquo;un cookie est transmis. Vous pouvez \u00e9galement choisir de d\u00e9sactiver enti\u00e8rement les cookies dans votre navigateur Internet, mais cela peut diminuer la qualit\u00e9 de votre exp\u00e9rience d&rsquo;utilisateur.<\/p>\n<p>Nous utilisons les types de cookies suivants sur notre Site\u00a0:<\/p>\n<ol class=\" list-style-type-decimal\" start=\"1\">\n<li value=\"1\"><u>Cookies fonctionnels<\/u><br \/>\nLes cookies fonctionnels sont utilis\u00e9s pour m\u00e9moriser les s\u00e9lections que vous faites sur notre Site, de sorte que vos s\u00e9lections soient sauvegard\u00e9es lors de vos prochaines visites;<\/li>\n<li value=\"2\"><u>Cookies analytiques<\/u><br \/>\nLes cookies analytiques nous permettent d&rsquo;am\u00e9liorer la conception et la fonctionnalit\u00e9 de notre Site en collectant des donn\u00e9es sur la mani\u00e8re dont vous acc\u00e9dez \u00e0 notre Site, par exemple des donn\u00e9es sur le contenu auquel vous acc\u00e9dez, la dur\u00e9e de votre visite sur notre Site, etc.;<\/li>\n<li value=\"3\"><u>Cookies de ciblage<\/u><br \/>\nLes cookies de ciblage recueillent des donn\u00e9es sur la fa\u00e7on dont vous utilisez le Site et sur vos pr\u00e9f\u00e9rences. Cela nous permet de personnaliser les informations que vous voyez sur notre Site pour vous; et<\/li>\n<li value=\"4\"><u>Cookies tiers<\/u><br \/>\nLes cookies tiers sont cr\u00e9\u00e9s par un site web autre que le n\u00f4tre. Nous pouvons utiliser des cookies tiers pour atteindre les objectifs suivants :<\/p>\n<ol class=\" list-style-type-decimal\" start=\"1\">\n<li value=\"1\">marketing.<\/li>\n<\/ol>\n<\/li>\n<\/ol>\n<p>ModificationsCette Politique de confidentialit\u00e9 peut \u00eatre modifi\u00e9e \u00e0 l&rsquo;occasion afin de maintenir la conformit\u00e9 avec la loi et de tenir compte de tout changement \u00e0 notre processus de collecte de donn\u00e9es. Lorsque nous modifions la pr\u00e9sente Politique de confidentialit\u00e9, nous mettons \u00e0 jour la \u00ab\u00a0Date d&rsquo;entr\u00e9e en vigueur\u00a0\u00bb qui figure en haut de la pr\u00e9sente Politique de confidentialit\u00e9. Nous recommandons \u00e0 nos utilisateurs de v\u00e9rifier notre Politique de confidentialit\u00e9 de temps \u00e0 autre pour s&rsquo;assurer qu&rsquo;ils soient inform\u00e9s de toute mise \u00e0 jour. Au besoin, nous pouvons informer les utilisateurs par courriel des changements apport\u00e9s \u00e0 cette Politique de confidentialit\u00e9.<\/p>\n<h3>Contact<\/h3>\n<p>Si vous avez des questions, n&rsquo;h\u00e9sitez pas \u00e0 contacter notre responsable de la protection de la vie priv\u00e9e, Privacy Officer au :<br \/>\ninfo@istpure.com<br \/>\n1-877-629-8202<br \/>\n1050 rue des Forges, Terrebonne, Quebec, J6Y 1V2[\/vc_column_text][\/vc_column][\/vc_row]<\/p>\n<\/div>","protected":false},"excerpt":{"rendered":"<p>[vc_row][vc_column][vc_column_text] Politique de confidentialit\u00e9 de https:\/\/istpure.com\/ Date d&rsquo;entr\u00e9e en vigueur : 25 octobre 2023 https:\/\/istpure.com\/ (le \u00ab\u00a0Site\u00a0\u00bb) est d\u00e9tenu et exploit\u00e9 par IST International Surface Technologies. IST International Surface Technologies peut \u00eatre contact\u00e9 au : info@istpure.com 1-877-629-8202 1050 rue des Forges, Terrebonne, Quebec, J6Y 1V2 &nbsp; Finalit\u00e9 Le but de cette politique de confidentialit\u00e9 (la&hellip;<\/p>\n","protected":false},"author":1,"featured_media":0,"parent":0,"menu_order":0,"comment_status":"closed","ping_status":"closed","template":"","meta":{"footnotes":""},"class_list":["post-506","page","type-page","status-publish","hentry","description-off"],"yoast_head":"<!-- This site is optimized with the Yoast SEO plugin v27.5 - https:\/\/yoast.com\/product\/yoast-seo-wordpress\/ -->\n<title>Politique de confidentialit\u00e9 - IST Pure<\/title>\n<meta name=\"robots\" content=\"index, follow, max-snippet:-1, max-image-preview:large, max-video-preview:-1\" \/>\n<link rel=\"canonical\" href=\"https:\/\/digitalweb.solutions\/istpure\/fr\/politique-de-confidentialite\/\" \/>\n<meta property=\"og:locale\" content=\"fr_FR\" \/>\n<meta property=\"og:type\" content=\"article\" \/>\n<meta property=\"og:title\" content=\"Politique de confidentialit\u00e9 - IST Pure\" \/>\n<meta property=\"og:description\" content=\"[vc_row][vc_column][vc_column_text] Politique de confidentialit\u00e9 de https:\/\/istpure.com\/ Date d&rsquo;entr\u00e9e en vigueur : 25 octobre 2023 https:\/\/istpure.com\/ (le \u00ab\u00a0Site\u00a0\u00bb) est d\u00e9tenu et exploit\u00e9 par IST International Surface Technologies. IST International Surface Technologies peut \u00eatre contact\u00e9 au : info@istpure.com 1-877-629-8202 1050 rue des Forges, Terrebonne, Quebec, J6Y 1V2 &nbsp; Finalit\u00e9 Le but de cette politique de confidentialit\u00e9 (la&hellip;\" \/>\n<meta property=\"og:url\" content=\"https:\/\/digitalweb.solutions\/istpure\/fr\/politique-de-confidentialite\/\" \/>\n<meta property=\"og:site_name\" content=\"IST Pure\" \/>\n<meta name=\"twitter:card\" content=\"summary_large_image\" \/>\n<meta name=\"twitter:label1\" content=\"Dur\u00e9e de lecture estim\u00e9e\" \/>\n\t<meta name=\"twitter:data1\" content=\"5 minutes\" \/>\n<script type=\"application\/ld+json\" class=\"yoast-schema-graph\">{\"@context\":\"https:\\\/\\\/schema.org\",\"@graph\":[{\"@type\":\"WebPage\",\"@id\":\"https:\\\/\\\/digitalweb.solutions\\\/istpure\\\/fr\\\/politique-de-confidentialite\\\/\",\"url\":\"https:\\\/\\\/digitalweb.solutions\\\/istpure\\\/fr\\\/politique-de-confidentialite\\\/\",\"name\":\"Politique de confidentialit\u00e9 - IST Pure\",\"isPartOf\":{\"@id\":\"https:\\\/\\\/digitalweb.solutions\\\/istpure\\\/#website\"},\"datePublished\":\"2023-10-30T18:49:32+00:00\",\"breadcrumb\":{\"@id\":\"https:\\\/\\\/digitalweb.solutions\\\/istpure\\\/fr\\\/politique-de-confidentialite\\\/#breadcrumb\"},\"inLanguage\":\"fr-FR\",\"potentialAction\":[{\"@type\":\"ReadAction\",\"target\":[\"https:\\\/\\\/digitalweb.solutions\\\/istpure\\\/fr\\\/politique-de-confidentialite\\\/\"]}]},{\"@type\":\"BreadcrumbList\",\"@id\":\"https:\\\/\\\/digitalweb.solutions\\\/istpure\\\/fr\\\/politique-de-confidentialite\\\/#breadcrumb\",\"itemListElement\":[{\"@type\":\"ListItem\",\"position\":1,\"name\":\"Home\",\"item\":\"https:\\\/\\\/digitalweb.solutions\\\/istpure\\\/\"},{\"@type\":\"ListItem\",\"position\":2,\"name\":\"Politique de confidentialit\u00e9\"}]},{\"@type\":\"WebSite\",\"@id\":\"https:\\\/\\\/digitalweb.solutions\\\/istpure\\\/#website\",\"url\":\"https:\\\/\\\/digitalweb.solutions\\\/istpure\\\/\",\"name\":\"IST Pure\",\"description\":\"\",\"potentialAction\":[{\"@type\":\"SearchAction\",\"target\":{\"@type\":\"EntryPoint\",\"urlTemplate\":\"https:\\\/\\\/digitalweb.solutions\\\/istpure\\\/?s={search_term_string}\"},\"query-input\":{\"@type\":\"PropertyValueSpecification\",\"valueRequired\":true,\"valueName\":\"search_term_string\"}}],\"inLanguage\":\"fr-FR\"}]}<\/script>\n<!-- \/ Yoast SEO plugin. -->","yoast_head_json":{"title":"Politique de confidentialit\u00e9 - IST Pure","robots":{"index":"index","follow":"follow","max-snippet":"max-snippet:-1","max-image-preview":"max-image-preview:large","max-video-preview":"max-video-preview:-1"},"canonical":"https:\/\/digitalweb.solutions\/istpure\/fr\/politique-de-confidentialite\/","og_locale":"fr_FR","og_type":"article","og_title":"Politique de confidentialit\u00e9 - IST Pure","og_description":"[vc_row][vc_column][vc_column_text] Politique de confidentialit\u00e9 de https:\/\/istpure.com\/ Date d&rsquo;entr\u00e9e en vigueur : 25 octobre 2023 https:\/\/istpure.com\/ (le \u00ab\u00a0Site\u00a0\u00bb) est d\u00e9tenu et exploit\u00e9 par IST International Surface Technologies. IST International Surface Technologies peut \u00eatre contact\u00e9 au : info@istpure.com 1-877-629-8202 1050 rue des Forges, Terrebonne, Quebec, J6Y 1V2 &nbsp; Finalit\u00e9 Le but de cette politique de confidentialit\u00e9 (la&hellip;","og_url":"https:\/\/digitalweb.solutions\/istpure\/fr\/politique-de-confidentialite\/","og_site_name":"IST Pure","twitter_card":"summary_large_image","twitter_misc":{"Dur\u00e9e de lecture estim\u00e9e":"5 minutes"},"schema":{"@context":"https:\/\/schema.org","@graph":[{"@type":"WebPage","@id":"https:\/\/digitalweb.solutions\/istpure\/fr\/politique-de-confidentialite\/","url":"https:\/\/digitalweb.solutions\/istpure\/fr\/politique-de-confidentialite\/","name":"Politique de confidentialit\u00e9 - IST Pure","isPartOf":{"@id":"https:\/\/digitalweb.solutions\/istpure\/#website"},"datePublished":"2023-10-30T18:49:32+00:00","breadcrumb":{"@id":"https:\/\/digitalweb.solutions\/istpure\/fr\/politique-de-confidentialite\/#breadcrumb"},"inLanguage":"fr-FR","potentialAction":[{"@type":"ReadAction","target":["https:\/\/digitalweb.solutions\/istpure\/fr\/politique-de-confidentialite\/"]}]},{"@type":"BreadcrumbList","@id":"https:\/\/digitalweb.solutions\/istpure\/fr\/politique-de-confidentialite\/#breadcrumb","itemListElement":[{"@type":"ListItem","position":1,"name":"Home","item":"https:\/\/digitalweb.solutions\/istpure\/"},{"@type":"ListItem","position":2,"name":"Politique de confidentialit\u00e9"}]},{"@type":"WebSite","@id":"https:\/\/digitalweb.solutions\/istpure\/#website","url":"https:\/\/digitalweb.solutions\/istpure\/","name":"IST Pure","description":"","potentialAction":[{"@type":"SearchAction","target":{"@type":"EntryPoint","urlTemplate":"https:\/\/digitalweb.solutions\/istpure\/?s={search_term_string}"},"query-input":{"@type":"PropertyValueSpecification","valueRequired":true,"valueName":"search_term_string"}}],"inLanguage":"fr-FR"}]}},"_links":{"self":[{"href":"https:\/\/digitalweb.solutions\/istpure\/fr\/wp-json\/wp\/v2\/pages\/506","targetHints":{"allow":["GET"]}}],"collection":[{"href":"https:\/\/digitalweb.solutions\/istpure\/fr\/wp-json\/wp\/v2\/pages"}],"about":[{"href":"https:\/\/digitalweb.solutions\/istpure\/fr\/wp-json\/wp\/v2\/types\/page"}],"author":[{"embeddable":true,"href":"https:\/\/digitalweb.solutions\/istpure\/fr\/wp-json\/wp\/v2\/users\/1"}],"replies":[{"embeddable":true,"href":"https:\/\/digitalweb.solutions\/istpure\/fr\/wp-json\/wp\/v2\/comments?post=506"}],"version-history":[{"count":0,"href":"https:\/\/digitalweb.solutions\/istpure\/fr\/wp-json\/wp\/v2\/pages\/506\/revisions"}],"wp:attachment":[{"href":"https:\/\/digitalweb.solutions\/istpure\/fr\/wp-json\/wp\/v2\/media?parent=506"}],"curies":[{"name":"wp","href":"https:\/\/api.w.org\/{rel}","templated":true}]}}